{"id":9834,"date":"2020-05-18T10:00:16","date_gmt":"2020-05-18T07:00:16","guid":{"rendered":"https:\/\/www.enkasystems.com\/blog\/digitalizing-your-enterprise-with-digital-business-solutions-on-construction-industry\/"},"modified":"2024-05-21T13:37:27","modified_gmt":"2024-05-21T10:37:27","slug":"insaat-endustrisinde-dijital-is-cozumleri-ile-isletmenizi-dijitallestirme","status":"publish","type":"page","link":"https:\/\/www.enkasystems.com\/tr\/haberler-etkinlikler\/blog\/insaat-endustrisinde-dijital-is-cozumleri-ile-isletmenizi-dijitallestirme\/","title":{"rendered":"\u0130n\u015faat End\u00fcstrisinde Dijital \u0130\u015f \u00c7\u00f6z\u00fcmleri \u0130le \u0130\u015fletmenizi Dijitalle\u015ftirme"},"content":{"rendered":"<div class=\"wpb-content-wrapper\">[vc_row css_animation=&#8221;none&#8221;][vc_column]<div id=\"ultimate-heading-509669e45383ad793\" class=\"uvc-heading ult-adjust-bottom-margin ultimate-heading-509669e45383ad793 uvc-6568 \" data-hspacer=\"line_only\"  data-halign=\"left\" style=\"text-align:left\"><div class=\"uvc-sub-heading ult-responsive\"  data-ultimate-target='.uvc-heading.ultimate-heading-509669e45383ad793 .uvc-sub-heading '  data-responsive-json-new='{\"font-size\":\"desktop:36px;mobile_landscape:30px;mobile:30px;\",\"line-height\":\"\"}'  style=\"font-weight:normal;\"><strong>\u0130n\u015faat End\u00fcstrisinde Dijital \u0130\u015f \u00c7\u00f6z\u00fcmleri ile \u0130\u015fletmenizi Dijitalle\u015ftirme <\/strong><\/div><div class=\"uvc-heading-spacer line_only\" style=\"margin-top:10px;margin-bottom:10px;height:3px;\"><span class=\"uvc-headings-line\" style=\"border-style:solid;border-bottom-width:3px;border-color:#fe5252;width:200px;\"><\/span><\/div><\/div>[vc_empty_space height=&#8221;20px&#8221;][\/vc_column][\/vc_row][vc_row css_animation=&#8221;none&#8221;][vc_column][vc_column_text]M\u00fchendislik ve in\u015faat sekt\u00f6r\u00fc d\u00fcnyadaki en az dijitalle\u015fmi\u015f end\u00fcstriler aras\u0131ndad\u0131r!\u00a0 Bu end\u00fcstrideki zorluklar da dijitalle\u015fme oran\u0131n\u0131 anla\u015f\u0131labilir k\u0131lmaktad\u0131r;<img loading=\"lazy\" decoding=\"async\" class=\"wp-image-15711 alignright\" src=\"https:\/\/www.enkasystems.com\/wp-content\/uploads\/2024\/05\/West_Qurna_IOT_044-300x225.jpg\" alt=\"\" width=\"367\" height=\"275\" srcset=\"https:\/\/www.enkasystems.com\/wp-content\/uploads\/2024\/05\/West_Qurna_IOT_044-300x225.jpg 300w, https:\/\/www.enkasystems.com\/wp-content\/uploads\/2024\/05\/West_Qurna_IOT_044-1024x768.jpg 1024w, https:\/\/www.enkasystems.com\/wp-content\/uploads\/2024\/05\/West_Qurna_IOT_044-768x576.jpg 768w, https:\/\/www.enkasystems.com\/wp-content\/uploads\/2024\/05\/West_Qurna_IOT_044-1536x1152.jpg 1536w, https:\/\/www.enkasystems.com\/wp-content\/uploads\/2024\/05\/West_Qurna_IOT_044-2048x1536.jpg 2048w\" sizes=\"auto, (max-width: 367px) 100vw, 367px\" \/><\/p>\n<ul>\n<li>Tipik bir in\u015faat projesi, k\u0131sa d\u00f6nem i\u00e7in bir arada \u00e7al\u0131\u015fmak durumunda olan farkl\u0131 \u00e7al\u0131\u015fma k\u00fclt\u00fcr\u00fcne sahip bir \u00e7ok yeni \u00e7al\u0131\u015fan\u0131, ta\u015feronu ve tedarik\u00e7iyi bar\u0131nd\u0131r\u0131r.<\/li>\n<li>Petrol-gaz, altyap\u0131, bina, elektrik santrali, end\u00fcstriyel tesis, vb. alanlarda faaliyet g\u00f6steren in\u015faat \u015firketlerinin y\u00fcr\u00fctt\u00fckleri projeler b\u00fcy\u00fck farkl\u0131l\u0131klar g\u00f6sterir. Bu nedenle \u015firketler her t\u00fcrl\u00fc projelerindeki s\u00fcre\u00e7leri y\u00f6netmek i\u00e7in kullanabilecekleri ara\u00e7 ve y\u00f6ntemleri bulmak i\u00e7in u\u011fra\u015f\u0131rlar.<\/li>\n<li>\u0130n\u015faat i\u015fleri genellikle <span style=\"color: #fe5252;\">uzak, da\u011f\u0131n\u0131k lokasyonlar ve zorlu ortamlarda bol bilinmeyen parametreler ile<\/span> ger\u00e7ekle\u015fir. Ofis ortam\u0131 veya parametreleri bilinen s\u00fcre\u00e7ler i\u00e7in geli\u015ftirilmi\u015f donan\u0131m ve yaz\u0131l\u0131mlara uygun olmayan bir sekt\u00f6rd\u00fcr.<\/li>\n<li>\u015eantiye ve ofis \u00e7al\u0131\u015fanlar\u0131 yeni teknolojileri kullanma ve eski al\u0131\u015fkanl\u0131klar\u0131n\u0131 de\u011fi\u015ftirme konular\u0131nda diren\u00e7 g\u00f6sterir.<\/li>\n<li>Pilot projelerde devreye al\u0131nmaya \u00e7al\u0131\u015f\u0131lan, ancak ger\u00e7ek uygulamalarda kullan\u0131lamayan <span style=\"color: #fe5252;\">yanl\u0131\u015f yaz\u0131l\u0131m ve teknolojik \u00e7\u00f6z\u00fcm tercihleri<\/span> \u2018bo\u015fa yat\u0131r\u0131m\u2019 olarak de\u011ferlendirilir.\u00a0 \u015eirket geneline yayg\u0131nla\u015ft\u0131r\u0131lamaz.\u00a0 Ya\u015fanan hayal k\u0131r\u0131kl\u0131klar\u0131 \u015firketlerin teknoloji ve dijital d\u00f6n\u00fc\u015f\u00fcme limitli b\u00fct\u00e7eler ay\u0131rmas\u0131na sebep olur.<\/li>\n<\/ul>\n<p>&nbsp;<\/p>\n<table style=\"border-style: solid; border-color: #000000;\">\n<tbody>\n<tr>\n<td style=\"width: 100%;\" width=\"623\">Engeller ile ilgili daha fazla bilgi i\u00e7in;<\/p>\n<p><a href=\"https:\/\/www.enkasystems.com\/tr\/blog\/insaat-sektorunde-dijital-donusumun-onundeki-5-engel-part1\/\">\u201c\u0130n\u015faat Sekt\u00f6r\u00fcnde Dijital D\u00f6n\u00fc\u015f\u00fcm\u00fcn \u00d6n\u00fcndeki 5 Engel PART1\u201d<\/a> ve <a href=\"https:\/\/www.enkasystems.com\/tr\/blog\/5-main-digital-transformation-challenges-in-construction-industry-part2\/\">\u201c\u0130n\u015faat Sekt\u00f6r\u00fcnde Dijital D\u00f6n\u00fc\u015f\u00fcm\u00fcn \u00d6n\u00fcndeki 5 Engel PART2\u201d<\/a> isimli blog yaz\u0131lar\u0131n\u0131 okuyabilirsiniz.<\/td>\n<\/tr>\n<\/tbody>\n<\/table>\n<h3><\/h3>\n<h3 style=\"text-align: justify;\"><strong>\u0130n\u015faat end\u00fcstriside s\u00fcre\u00e7ler her zaman aksamaya haz\u0131rd\u0131r !<\/strong><\/h3>\n<p><img loading=\"lazy\" decoding=\"async\" class=\"wp-image-9825 alignleft\" style=\"text-align: justify;\" src=\"https:\/\/www.enkasystems.com\/wp-content\/uploads\/2020\/05\/digitalisizing-enterprise_table.jpg-300x255.png\" alt=\"\" width=\"179\" height=\"152\" srcset=\"https:\/\/www.enkasystems.com\/wp-content\/uploads\/2020\/05\/digitalisizing-enterprise_table.jpg-300x255.png 300w, https:\/\/www.enkasystems.com\/wp-content\/uploads\/2020\/05\/digitalisizing-enterprise_table.jpg-600x510.png 600w, https:\/\/www.enkasystems.com\/wp-content\/uploads\/2020\/05\/digitalisizing-enterprise_table.jpg.jpg 610w\" sizes=\"auto, (max-width: 179px) 100vw, 179px\" \/><\/p>\n<p style=\"text-align: justify;\"><a href=\"https:\/\/www.mckinsey.com\/industries\/capital-projects-and-infrastructure\/our-insights\/imagining-constructions-digital-future\">McKinsey &amp; Company\u2019nin<\/a> ba\u011f\u0131ms\u0131z ara\u015ft\u0131rma \u015firketi, IHS Markit (IHS Herold) Global Projeler Veri Taban\u0131 verilerine g\u00f6re yapt\u0131\u011f\u0131 analizde, altyap\u0131, maden, petro-kimya gibi b\u00fcy\u00fck projelerin planlanandan ortalama 20 ay daha uzun s\u00fcrd\u00fc\u011f\u00fcn\u00fc ve %80\u2019e kadar b\u00fct\u00e7e a\u015f\u0131mlar\u0131 ile tamamland\u0131\u011f\u0131n\u0131 ortaya koymu\u015ftur.<\/p>\n<h3 style=\"text-align: justify;\"><strong>\u00a0<\/strong><\/h3>\n<p>&nbsp;<\/p>\n<p>&nbsp;<\/p>\n<h3 style=\"text-align: justify;\"><strong>\u0130n\u015faat sekt\u00f6r\u00fcnde ba\u015far\u0131l\u0131 dijital d\u00f6n\u00fc\u015f\u00fcm i\u00e7in nas\u0131l bir strateji izlenmeli ?<\/strong><\/h3>\n<p style=\"text-align: justify;\">M\u00fchendislik ve in\u015faat sekt\u00f6r\u00fcndeki t\u00fcm bu zorluklara ra\u011fmen i\u015fletmelerinin genelini veya belirli operasyonlar\u0131n\u0131 ba\u015far\u0131l\u0131 bir \u015fekilde dijitalle\u015ftiren firma say\u0131s\u0131 her ge\u00e7en g\u00fcn artmaktad\u0131r.\u00a0 \u0130n\u015faat sekt\u00f6r\u00fcndeki oyuncular\u0131n yeni teknolojiler ve inovasyon konusunda hala teredd\u00fctleri ve korkular\u0131 bulunsa da <span style=\"color: #fe5252;\">artan rekabet<\/span> ve <span style=\"color: #fe5252;\">d\u00fc\u015fen kar marjlar\u0131<\/span>, <span style=\"color: #fe5252;\">mobilitenin artmas\u0131<\/span> ile gelen yeni i\u015f modelleri, <span style=\"color: #fe5252;\">uzaktan \u00e7al\u0131\u015fma ve y\u00f6netme<\/span> gereksinimleri gibi nedenler, \u015firketleri kendi s\u00fcre\u00e7lerine en uygun dijital \u00e7\u00f6z\u00fcmleri bulmaya zorlamaktad\u0131r.<\/p>\n<p style=\"text-align: justify;\">Dijital i\u015f \u00e7\u00f6z\u00fcmler ile s\u00fcre\u00e7lerini ba\u015far\u0131l\u0131 bir \u015fekilde dijitalle\u015ftirebilen i\u015fletmeler incelendi\u011finde baz\u0131 ortak noktalar tespit edilmektedir:<\/p>\n<p>&nbsp;<\/p>\n<p><strong>Teknolojik \u00f6zelliklere odaklanmak yerine, Sorunlu Operasyonlar i\u00e7in \u0130\u015f \u00c7\u00f6z\u00fcmleri Bulmaya Odaklanmak<\/strong><\/p>\n<p style=\"text-align: justify;\"><img loading=\"lazy\" decoding=\"async\" class=\"wp-image-15699 alignright\" src=\"https:\/\/www.enkasystems.com\/wp-content\/uploads\/2024\/05\/Erbil_CCPP_102-3-300x199.jpg\" alt=\"\" width=\"416\" height=\"276\" srcset=\"https:\/\/www.enkasystems.com\/wp-content\/uploads\/2024\/05\/Erbil_CCPP_102-3-300x199.jpg 300w, https:\/\/www.enkasystems.com\/wp-content\/uploads\/2024\/05\/Erbil_CCPP_102-3-1024x680.jpg 1024w, https:\/\/www.enkasystems.com\/wp-content\/uploads\/2024\/05\/Erbil_CCPP_102-3-768x510.jpg 768w, https:\/\/www.enkasystems.com\/wp-content\/uploads\/2024\/05\/Erbil_CCPP_102-3-1536x1020.jpg 1536w, https:\/\/www.enkasystems.com\/wp-content\/uploads\/2024\/05\/Erbil_CCPP_102-3-2048x1360.jpg 2048w\" sizes=\"auto, (max-width: 416px) 100vw, 416px\" \/>\u015eirketler, dijital i\u015f s\u00fcre\u00e7leri se\u00e7imi yaparken \u00f6ncelikle, bu yaz\u0131l\u0131mlar\u0131n operasyonlar\u0131n\u0131 iyile\u015ftirip iyile\u015ftiremeyece\u011fini ve nas\u0131l iyile\u015ftirebilece\u011fini anlamalar\u0131 gerekmektedir.\u00a0 Kurulum yapt\u0131klar\u0131 dijital sistemler son teknoloji ile geli\u015ftirilmi\u015f olsalar bile i\u015f s\u00fcre\u00e7lerine uygun olmayan yanl\u0131\u015f yaz\u0131l\u0131m tercihleri hayal\u00a0k\u0131r\u0131kl\u0131\u011f\u0131na yol a\u00e7ar.\u00a0 Bir s\u00fcre sonra operasyonlar\u0131nda bir fayda sa\u011flamad\u0131\u011f\u0131n\u0131 g\u00f6ren i\u015fg\u00fcc\u00fc bu inovasyonu benimsemez.\u00a0 Bu dijital ara\u00e7lar, projelerdeki sorunlar\u0131 \u00f6nceden tespit edip \u00f6nleyebilmek i\u00e7in<span style=\"color: #fe5252;\"> raporlar\u0131 e\u015f zamanl\u0131<\/span> sa\u011flamak yerine <a href=\"https:\/\/www.enkasystems.com\/tr\/cozumler\/egfs-finans-yonetim-sistemi\/\">b\u00fct\u00e7eler kontrol<\/a> edilemeyip a\u015f\u0131ld\u0131ktan sonra, yanl\u0131\u015f <a href=\"https:\/\/www.enkasystems.com\/tr\/cozumler\/egps-kuresel-satin-alma-sistemi\/\">sat\u0131nalmalar<\/a> yap\u0131ld\u0131ktan sonra, <a href=\"https:\/\/www.enkasystems.com\/tr\/cozumler\/egem-ekipman-yonetim-sistemi\/\">ekipman bak\u0131m\u0131<\/a> yap\u0131lmad\u0131\u011f\u0131 i\u00e7in ar\u0131zaland\u0131ktan sonra veya yanl\u0131\u015f <a href=\"https:\/\/www.enkasystems.com\/tr\/cozumler\/edms-dokuman-yonetim-sistemi\/\">revizyondaki \u00e7izime g\u00f6re imalat<\/a> yap\u0131ld\u0131ktan sonra sadece veri kayd\u0131 yapmaya yarayan ara\u00e7lar haline d\u00f6ner ve bir s\u00fcre sonra da at\u0131l kal\u0131r.<\/p>\n<p style=\"text-align: justify;\">Bu noktada, in\u015faat sekt\u00f6r\u00fcn\u00fcn ihtiya\u00e7lar\u0131na g\u00f6re geli\u015ftirilmi\u015f, sahada ya\u015fanan s\u0131k\u0131nt\u0131lara odaklanm\u0131\u015f yaz\u0131l\u0131mlar ve bu konuda tecr\u00fcbeli yaz\u0131l\u0131m firmalar\u0131 ile \u00e7al\u0131\u015fmak dijital d\u00f6n\u00fc\u015f\u00fcm s\u00fcre\u00e7lerindeki ba\u015far\u0131y\u0131 artt\u0131rmaktad\u0131r.\u00a0 \u00a0\u00a0Se\u00e7ilecek yaz\u0131l\u0131m \u00e7\u00f6z\u00fcmleri, \u015firketlerde geleneksel i\u015f yap\u0131\u015f y\u00f6ntemlerinde iyile\u015ftirme yap\u0131larak dijitalle\u015fmeye olanak tan\u0131yaca\u011f\u0131 gibi mevcut y\u00f6ntemleri de direk dijital sisteme ta\u015f\u0131maya olanak tan\u0131mal\u0131d\u0131r.\u00a0 \u0130n\u015faat sekt\u00f6r\u00fcn\u00fcn do\u011fas\u0131 gere\u011fi farkl\u0131 proje tipine g\u00f6re farkl\u0131 ak\u0131\u015flar kurgulanabilmelidir.<\/p>\n<table style=\"border-style: solid; border-color: #000000;\">\n<tbody>\n<tr>\n<td style=\"width: 100%;\" width=\"600\"><span style=\"color: #000080;\"><strong><em>ENKA Systems \u2013 60 y\u0131ll\u0131k sekt\u00f6r tecr\u00fcbesi ile dijital d\u00f6n\u00fc\u015f\u00fcm<\/em><\/strong><\/span><\/td>\n<\/tr>\n<\/tbody>\n<\/table>\n<p>&nbsp;<\/p>\n<p style=\"text-align: justify;\"><strong>Departmanlar aras\u0131 koordinasyonu te\u015fvik eden dijital \u00e7\u00f6z\u00fcmlerin kullan\u0131m\u0131<\/strong><\/p>\n<p style=\"text-align: justify;\">\u015eirketler projelerinde genellikle tek bir i\u015fletmenin veya tek bir faaliyetin aktivitelerine y\u00f6nelik dijital \u00e7\u00f6z\u00fcmler kullanmaktad\u0131rlar.\u00a0 Birden fazla payda\u015f veya disiplin aras\u0131ndaki etkile\u015fimin tek bir sistem kullanarak dijitalle\u015ftirilmesi \u00e7o\u011fu \u015firket i\u00e7in karma\u015f\u0131k gelir ve bundan ka\u00e7\u0131n\u0131rlar.\u00a0 Ancak bu durumda i\u015f birimleri aras\u0131nda bilginin etkin bir \u015fekilde iletilmemesinden kaynakl\u0131 b\u00fcy\u00fck verimlilik kay\u0131plar\u0131n\u0131 \u00f6nleme f\u0131rsat\u0131n\u0131 ka\u00e7\u0131r\u0131rlar.\u00a0 Bu nedenle i\u015f g\u00fcc\u00fc kay\u0131plar\u0131n\u0131 minimize etmek, plana ve b\u00fct\u00e7eye uygun ilerlemek, g\u00fcvenli ve kaliteli imalat\u0131 sa\u011flamak i\u00e7in birden fazla disiplin aras\u0131nda ger\u00e7ekle\u015fen faaliyetleri ortak \u00e7al\u0131\u015fmaya olanak tan\u0131yan dijital platformlara ta\u015f\u0131man\u0131n yolunu bulmal\u0131d\u0131rlar.<\/p>\n<p><img loading=\"lazy\" decoding=\"async\" class=\"wp-image-15708  alignleft\" src=\"https:\/\/www.enkasystems.com\/wp-content\/uploads\/2024\/05\/Erbil_CCPP_013-2-300x225.jpg\" alt=\"\" width=\"389\" height=\"292\" srcset=\"https:\/\/www.enkasystems.com\/wp-content\/uploads\/2024\/05\/Erbil_CCPP_013-2-300x225.jpg 300w, https:\/\/www.enkasystems.com\/wp-content\/uploads\/2024\/05\/Erbil_CCPP_013-2-1024x768.jpg 1024w, https:\/\/www.enkasystems.com\/wp-content\/uploads\/2024\/05\/Erbil_CCPP_013-2-768x576.jpg 768w, https:\/\/www.enkasystems.com\/wp-content\/uploads\/2024\/05\/Erbil_CCPP_013-2-1536x1152.jpg 1536w, https:\/\/www.enkasystems.com\/wp-content\/uploads\/2024\/05\/Erbil_CCPP_013-2-2048x1536.jpg 2048w\" sizes=\"auto, (max-width: 389px) 100vw, 389px\" \/><\/p>\n<p style=\"text-align: justify;\">Ya\u015fanan vakalardan \u00f6rnek verecek olursak; \u015fantiyelerde eski revizyondaki \u00e7izim paftalar\u0131na g\u00f6re imalatlar yap\u0131lmaktad\u0131r.\u00a0 Bu \u00e7izimlerin son revizyon olup olmad\u0131\u011f\u0131n\u0131 kontrol etmek istense bile bu durumda da bir dizi telefon ve e-mail g\u00f6r\u00fc\u015fmeleri ger\u00e7ekle\u015fmektedir.\u00a0 Bunun yan\u0131nda yanl\u0131\u015f imalatlar kalite denetimleri esnas\u0131nda tespit edilip manual olarak m\u00fcteahhitlere bildirildi\u011finde yine bilgi ak\u0131\u015f\u0131n\u0131 sa\u011flamak i\u00e7in bir dizi yaz\u0131\u015fma, onay trafi\u011fi ya\u015fanmaktad\u0131r.\u00a0 Yap\u0131lan yanl\u0131\u015f imalat\u0131 d\u00fczeltmek i\u00e7in ekip yapt\u0131\u011f\u0131 i\u015fi b\u0131rakmak, bazen de eski imalat\u0131 y\u0131k\u0131p tekrar yapmak durumunda kalmaktad\u0131r.\u00a0 Plans\u0131z \u00e7\u0131kan bu gibi vakalar, proje i\u015f plan\u0131n\u0131 aksatmas\u0131n\u0131n yan\u0131nda i\u015f g\u00fcc\u00fc ve malzeme kayb\u0131 ile proje b\u00fct\u00e7esine de negative olarak yans\u0131maktad\u0131r.<\/p>\n<p style=\"text-align: justify;\">Bir di\u011fer senaryoda ise dijital ortak veri payla\u015f\u0131m sistemi (CDE) kullan\u0131lan bir projede benzer durum \u00e7ok daha nadir ya\u015fanmaktad\u0131r.\u00a0 \u00c7\u00fcnk\u00fc \u015fantiyedeki ekip imalat \u00f6ncesi elindeki paftan\u0131n QR kod taramas\u0131n\u0131 yaparak g\u00fcncel revizyonu <a href=\"https:\/\/www.enkasystems.com\/tr\/cozumler\/edms-dokuman-yonetim-sistemi\/\">dijital veri payla\u015f\u0131m sistemi<\/a>nden kontrol eder ve sonra imalata ba\u015flar.\u00a0 Herhangi bir i\u015f notu bulunmas\u0131 halinde <span style=\"color: #fe5252;\">ortak \u00e7al\u0131\u015fma platformu<\/span>ndaki BIM modeller \u00fczerinden notlar\u0131n\u0131 ilgili taraflar ile e\u015f zamanl\u0131 payla\u015fabilir.\u00a0 Yaz\u0131\u015fmalar\u0131n\u0131, i\u015f ak\u0131\u015flar\u0131n\u0131 online olarak s\u00fcrd\u00fcrebilir.\u00a0 Ya\u015fanan problemlerden \u00e7\u0131kar\u0131lan dersler yine ortak \u00e7al\u0131\u015fma platformunda proje payda\u015flar\u0131 ile payla\u015f\u0131larak benzer sorunlar\u0131n ya\u015fanmas\u0131 \u00f6nlenir.<\/p>\n<p>&nbsp;<\/p>\n<p style=\"text-align: justify;\"><strong>Dijital \u0130\u015f \u00c7\u00f6z\u00fcmlerinin \u015firket genelinde etkinli\u011fi artt\u0131rmak i\u00e7in projeler \u00fcst\u00fc y\u00f6netimi devreye alma<\/strong><\/p>\n<p>\u015eirket b\u00fcnyesindeki t\u00fcm projelerde ortak kullan\u0131lan dijital i\u015f \u00e7\u00f6z\u00fcmleri sayesinde;<\/p>\n<ul>\n<li>birden fazla projeden ve i\u015f biriminden gelen b\u00fct\u00e7e ve imalat verilerinin konsolide edilebilmesi sayesinde gelecek ihalelerde daha rekabet\u00e7i teklifler verilebilir ve karl\u0131k artar,<\/li>\n<li>\u015firket genelindeki i\u015fg\u00fcc\u00fc ve ekipman kaynaklar\u0131na hakim olunabilmesi ile kaynak art\u0131\u015flar\u0131 optimize edilebilir ve de\u011fi\u015fken proje taleplerine h\u0131zl\u0131 yan\u0131t verilerek etkin kaynak planlamas\u0131 yap\u0131labilir,<\/li>\n<li>\u015firket \u00e7al\u0131\u015fmalar\u0131na ait t\u00fcm tasar\u0131m, yap\u0131m y\u00f6ntemi, vb. projeler seviyesindeki dok\u00fcmanlar, tek bir platformda depolanarak, gelecek projelere bilgi transferi sa\u011flan\u0131r.<\/li>\n<\/ul>\n<p>Bu gibi somut faydalar ile \u015firketlerde dijital teknolojileri kullanma fikri benimsenir ve bu sistemleri daha ileri seviye kullanma konusunda \u00e7al\u0131\u015fmalar devam eder.<\/p>\n<p>&nbsp;<\/p>\n<p><span style=\"font-size: 14pt;\">M\u00fchendislik &amp; \u0130n\u015faat sekt\u00f6r\u00fcn\u00fcn dijitalle\u015fme konusunda hakl\u0131 zorluklar\u0131 bulunsa da bu konuda cesur ad\u0131mlar atan veya diijital d\u00f6n\u00fc\u015f\u00fcm\u00fc ba\u015far\u0131l\u0131 uygulayan firmalar\u0131 takip eden i\u015fletmelerin sekt\u00f6rdeki rekabette avantaj sa\u011flad\u0131\u011f\u0131 a\u015fikard\u0131r.<\/span><\/p>\n<p>&nbsp;<\/p>\n<p style=\"text-align: justify;\"><em><span style=\"font-size: 14pt;\"><a href=\"https:\/\/www.enkasystems.com\/tr\/\">ENKA Systems \u00e7\u00f6z\u00fcmleri<\/a> ile \u015firketinizde ba\u015far\u0131l\u0131 dijital d\u00f6n\u00fc\u015f\u00fcm\u00fc nas\u0131l sa\u011flayabilece\u011finizi ke\u015ffedin\u2026\u00a0<\/span><\/em><\/p>\n[\/vc_column_text][\/vc_column][\/vc_row]\n<\/div>","protected":false},"excerpt":{"rendered":"<p>[vc_row css_animation=&#8221;none&#8221;][vc_column][vc_empty_space height=&#8221;20px&#8221;][\/vc_column][\/vc_row][vc_row css_animation=&#8221;none&#8221;][vc_column][vc_column_text]M\u00fchendislik ve in\u015faat sekt\u00f6r\u00fc d\u00fcnyadaki en az dijitalle\u015fmi\u015f end\u00fcstriler aras\u0131ndad\u0131r!\u00a0 Bu end\u00fcstrideki zorluklar da dijitalle\u015fme oran\u0131n\u0131 anla\u015f\u0131labilir k\u0131lmaktad\u0131r; Tipik bir in\u015faat projesi, k\u0131sa d\u00f6nem i\u00e7in bir arada \u00e7al\u0131\u015fmak durumunda olan farkl\u0131 \u00e7al\u0131\u015fma k\u00fclt\u00fcr\u00fcne sahip bir \u00e7ok yeni \u00e7al\u0131\u015fan\u0131, ta\u015feronu ve tedarik\u00e7iyi bar\u0131nd\u0131r\u0131r. Petrol-gaz, altyap\u0131, bina, elektrik santrali, end\u00fcstriyel tesis, vb. alanlarda faaliyet <a class=\"more-link\" href=\"https:\/\/www.enkasystems.com\/tr\/haberler-etkinlikler\/blog\/insaat-endustrisinde-dijital-is-cozumleri-ile-isletmenizi-dijitallestirme\/\">Continue reading <i class=\"fa fa-chevron-right\"><\/i><\/a><\/p>\n","protected":false},"author":3,"featured_media":15699,"parent":3775,"menu_order":0,"comment_status":"closed","ping_status":"closed","template":"","meta":{"_acf_changed":false,"om_disable_all_campaigns":false,"_monsterinsights_skip_tracking":false,"_monsterinsights_sitenote_active":false,"_monsterinsights_sitenote_note":"","_monsterinsights_sitenote_category":0,"footnotes":""},"categories":[541],"tags":[544,722],"class_list":["post-9834","page","type-page","status-publish","has-post-thumbnail","hentry","category-blog-tr","tag-blog-tr","tag-general-tr"],"aioseo_notices":[],"acf":[],"_links":{"self":[{"href":"https:\/\/www.enkasystems.com\/tr\/wp-json\/wp\/v2\/pages\/9834","targetHints":{"allow":["GET"]}}],"collection":[{"href":"https:\/\/www.enkasystems.com\/tr\/wp-json\/wp\/v2\/pages"}],"about":[{"href":"https:\/\/www.enkasystems.com\/tr\/wp-json\/wp\/v2\/types\/page"}],"author":[{"embeddable":true,"href":"https:\/\/www.enkasystems.com\/tr\/wp-json\/wp\/v2\/users\/3"}],"replies":[{"embeddable":true,"href":"https:\/\/www.enkasystems.com\/tr\/wp-json\/wp\/v2\/comments?post=9834"}],"version-history":[{"count":4,"href":"https:\/\/www.enkasystems.com\/tr\/wp-json\/wp\/v2\/pages\/9834\/revisions"}],"predecessor-version":[{"id":15716,"href":"https:\/\/www.enkasystems.com\/tr\/wp-json\/wp\/v2\/pages\/9834\/revisions\/15716"}],"up":[{"embeddable":true,"href":"https:\/\/www.enkasystems.com\/tr\/wp-json\/wp\/v2\/pages\/3775"}],"wp:featuredmedia":[{"embeddable":true,"href":"https:\/\/www.enkasystems.com\/tr\/wp-json\/wp\/v2\/media\/15699"}],"wp:attachment":[{"href":"https:\/\/www.enkasystems.com\/tr\/wp-json\/wp\/v2\/media?parent=9834"}],"wp:term":[{"taxonomy":"category","embeddable":true,"href":"https:\/\/www.enkasystems.com\/tr\/wp-json\/wp\/v2\/categories?post=9834"},{"taxonomy":"post_tag","embeddable":true,"href":"https:\/\/www.enkasystems.com\/tr\/wp-json\/wp\/v2\/tags?post=9834"}],"curies":[{"name":"wp","href":"https:\/\/api.w.org\/{rel}","templated":true}]}}