{"id":9245,"date":"2020-04-13T10:00:51","date_gmt":"2020-04-13T07:00:51","guid":{"rendered":"https:\/\/www.enkasystems.com\/how-to-reduce-your-costs-on-equipment-maintenance-and-repair-processes\/"},"modified":"2024-05-20T15:13:36","modified_gmt":"2024-05-20T12:13:36","slug":"ekipman-bakim-ve-onarim-surecleri-takibiyle-maliyetlerinizi-nasil-azaltabilirsiniz","status":"publish","type":"page","link":"https:\/\/www.enkasystems.com\/tr\/haberler-etkinlikler\/blog\/ekipman-bakim-ve-onarim-surecleri-takibiyle-maliyetlerinizi-nasil-azaltabilirsiniz\/","title":{"rendered":"Ekipman Bak\u0131m ve Onar\u0131m S\u00fcre\u00e7leri Takibiyle Maliyetlerinizi Nas\u0131l Azaltabilirsiniz?"},"content":{"rendered":"<div class=\"wpb-content-wrapper\">[vc_row][vc_column]<div id=\"ultimate-heading-297969f62d4fcdf2e\" class=\"uvc-heading ult-adjust-bottom-margin ultimate-heading-297969f62d4fcdf2e uvc-3011 \" data-hspacer=\"line_only\"  data-halign=\"left\" style=\"text-align:left\"><div class=\"uvc-sub-heading ult-responsive\"  data-ultimate-target='.uvc-heading.ultimate-heading-297969f62d4fcdf2e .uvc-sub-heading '  data-responsive-json-new='{\"font-size\":\"desktop:36px;mobile_landscape:30px;mobile:30px;\",\"line-height\":\"\"}'  style=\"font-weight:normal;\"><strong>Ekipman Bak\u0131m ve Onar\u0131m S\u00fcre\u00e7leri Takibiyle Maliyetlerinizi Nas\u0131l Azaltabilirsiniz?<\/strong><\/div><div class=\"uvc-heading-spacer line_only\" style=\"margin-top:10px;margin-bottom:10px;height:3px;\"><span class=\"uvc-headings-line\" style=\"border-style:solid;border-bottom-width:3px;border-color:#fe5252;width:200px;\"><\/span><\/div><\/div>[vc_empty_space height=&#8221;20&#8243;][\/vc_column][\/vc_row][vc_row][vc_column][vc_column_text]\n<p style=\"text-align: justify;\">Global \u00f6l\u00e7ekte faaliyet g\u00f6steren her sekt\u00f6rde oldu\u011fu gibi in\u015faat ve taahh\u00fct sekt\u00f6r\u00fcnde de de\u011fi\u015fen \u015fartlar ve ekosistem, karl\u0131l\u0131\u011f\u0131 etkilemekte ve kazan\u00e7 eldesini s\u00fcrekli olarak zorla\u015ft\u0131rmaktad\u0131r. Ayn\u0131 sekt\u00f6rde ve i\u015f kolunda faaaliyet g\u00f6steren firmalar\u0131n say\u0131lar\u0131n\u0131n artmas\u0131yla rekabet \u00e7ok artmaktad\u0131r.<\/p>\n<p style=\"text-align: justify;\">Rekabette firmalar\u0131n say\u0131lar\u0131n\u0131n artmas\u0131,<\/p>\n<ul style=\"text-align: justify;\">\n<li>E\u011fitimli personele olan ihtiyac\u0131 artt\u0131rmakta,<\/li>\n<li>Giderlerin (maa\u015f, sermaye, materyel vs) art\u0131\u015f\u0131ndan dolay\u0131 potansiyel kazanc\u0131 d\u00fc\u015f\u00fcrmekte,<\/li>\n<li>Personel kaynakl\u0131 riskleri ise artt\u0131r\u0131c\u0131 etki g\u00f6stermektedir.<\/li>\n<\/ul>\n<p style=\"text-align: justify;\">T\u00fcm bu de\u011fi\u015fme uyum sa\u011flaman\u0131n ve rekabette \u00f6ne \u00e7\u0131kman\u0131n en \u00f6nemli yollar\u0131ndan biri optimize ve verimli ekipman y\u00f6netim sistemidir.<\/p>\n<p style=\"text-align: justify;\">Ekipman Y\u00f6netimi Sistemlerini mant\u0131\u011f\u0131 asl\u0131nda olduk\u00e7a basittir: en \u00e7ok i\u015fi en az masrafla yapabilmeyi hedefler. Bu hedefe ula\u015fmak i\u00e7in bir ka\u00e7 ana fakt\u00f6re odaklan\u0131r.<\/p>\n<p style=\"text-align: justify;\"><img loading=\"lazy\" decoding=\"async\" class=\"wp-image-15509  alignright\" src=\"https:\/\/www.enkasystems.com\/wp-content\/uploads\/2024\/05\/RS102-03-300x225.jpg\" alt=\"\" width=\"433\" height=\"325\" srcset=\"https:\/\/www.enkasystems.com\/wp-content\/uploads\/2024\/05\/RS102-03-300x225.jpg 300w, https:\/\/www.enkasystems.com\/wp-content\/uploads\/2024\/05\/RS102-03-768x576.jpg 768w, https:\/\/www.enkasystems.com\/wp-content\/uploads\/2024\/05\/RS102-03.jpg 1024w\" sizes=\"auto, (max-width: 433px) 100vw, 433px\" \/><\/p>\n<p style=\"text-align: justify;\"><strong>Makina Performans\u0131<\/strong> \u2013 \u00d6nleyici ve periyodik bak\u0131mlar\u0131 iyi yap\u0131lan makinalar kapasitelerinin en \u00fcst d\u00fczeyinde \u00e7al\u0131\u015f\u0131rlar. Daha az ar\u0131zalan\u0131rlar ve daha az i\u015fletme maliyetiyle daha \u00e7ok i\u015f yaparlar.<\/p>\n<p style=\"text-align: justify;\"><strong>Makina Sa\u011fl\u0131\u011f\u0131<\/strong> \u2013 Do\u011fru \u015fartlarda, do\u011fru personel ve y\u00f6nergelerle kullan\u0131lan ekipmanlar\u0131n servis ve yedek par\u00e7a ihtiya\u00e7lar\u0131 dramatik bir \u015fekilde azal\u0131r. Artan verimi ile ihtiyac\u0131n\u0131z oldu\u011funda daha g\u00fcvenilir performans sa\u011flayarak sizi zor durumda b\u0131rakmaz.<\/p>\n<p style=\"text-align: justify;\"><strong>\u00d6nleyici ve Periyodik Bak\u0131m Takvimleri<\/strong> \u2013 \u00d6nleyici bak\u0131mlar, ekipmanlarda yap\u0131lan periyodik kontrollerle b\u00fcy\u00fck ar\u0131zalara sebep olabilecek problemleri \u00f6nlemeyi ama\u00e7layan d\u00fczenli planlanm\u0131\u015f kontrollerdir. Planlanmam\u0131\u015f makina yat\u0131\u015f s\u00fcresini minimize eder, verimi artt\u0131r\u0131r, \u00fcretimde ya\u015fanacak duraklamalar\u0131n b\u00fcy\u00fck oranda \u00f6n\u00fcne ge\u00e7er.<\/p>\n<p style=\"text-align: justify;\"><strong>G\u00fcvenlik<\/strong> \u2013 Bak\u0131mlar\u0131 d\u00fczenli yap\u0131lan ekipmanlar\u0131n anl\u0131k kritik ar\u0131za riski azaltaca\u011f\u0131ndan kaza riski azal\u0131r. Telemetri entegrasyonu bu konuda ekstra koruma ve fark\u0131ndal\u0131k sa\u011flayabilir. Ekipman takibinde IoT teknolojilerinin (Geo-fence , yak\u0131t otomasyon, RFID vs) aktif kullan\u0131m\u0131 makinalar\u0131n konumlar\u0131n\u0131 ve kullan\u0131m\u0131n\u0131 dikkatle izleyerek \u00e7al\u0131nmalar\u0131n\u0131 ve izinsiz kullan\u0131lmalar\u0131n\u0131 engeller.<\/p>\n<p style=\"text-align: justify;\">\u015eimdi ekipmanlar\u0131n\u0131z\u0131, maksimum fayda alabilece\u011finiz \u015fekilde y\u00f6netmek i\u00e7in ihtiyac\u0131n\u0131z olan bilgileri edinmenin daha iyi bir yolu var.<\/p>\n<a class=\"button biggest   \" data-animation=\"\" href=\"https:\/\/www.enkasystems.com\/tr\/cozumler\/egem-ekipman-yonetim-sistemi\/neden-egem-kullanmalisiniz\/\" target=\"_blank\" style=\"background-color: #012169\">Neden EGEM<\/a>[\/vc_column_text][\/vc_column][\/vc_row][vc_row][vc_column]<div id=\"ultimate-heading-640569f62d4fcdfaf\" class=\"uvc-heading ult-adjust-bottom-margin ultimate-heading-640569f62d4fcdfaf uvc-1731 \" data-hspacer=\"no_spacer\"  data-halign=\"left\" style=\"text-align:left\"><div class=\"uvc-heading-spacer no_spacer\" style=\"top\"><\/div><div class=\"uvc-sub-heading ult-responsive\"  data-ultimate-target='.uvc-heading.ultimate-heading-640569f62d4fcdfaf .uvc-sub-heading '  data-responsive-json-new='{\"font-size\":\"desktop:36px;mobile_landscape:30px;mobile:30px;\",\"line-height\":\"\"}'  style=\"font-weight:normal;\"><strong><u>Ekipman Y\u00f6netim Sistemlerinin Faydalar\u0131<\/u><\/strong><\/div><\/div>[vc_empty_space height=&#8221;20&#8243;][\/vc_column][\/vc_row][vc_row][vc_column][vc_column_text]\n<h3><strong><span style=\"color: #fe5252;\">1.<\/span> Giderleri Azalt\u0131r<\/strong><\/h3>\n<p>D\u00fczenli yap\u0131lan Ekipman Bak\u0131m ve Onar\u0131m S\u00fcre\u00e7 Takipleri, ekipmanlar\u0131n\u0131zda olu\u015fabilecek y\u00fcksek maliyet gerektirecek kritik ar\u0131zalar\u0131n \u00f6n\u00fcne ge\u00e7ilmesine yard\u0131mc\u0131 olur.<\/p>\n<ul>\n<li>Gecikmesi ekstra maliyete sebep olacak g\u00f6revlere \u00f6ncelik verip, bunlar\u0131 s\u0131raya koyarak verimlili\u011fin korunmas\u0131n\u0131 destekler.<\/li>\n<li>\u0130\u015f g\u00fcc\u00fc, yak\u0131t, bak\u0131m ve tamir gibi do\u011frudan giderleri daha iyi y\u00f6netmenize yard\u0131mc\u0131 olacak veriler sa\u011flar.<\/li>\n<li>Sa\u011flayabilece\u011fi entegre otomasyon ve RFID sistemleri ile toplam yak\u0131t masraflar\u0131n\u0131z\u0131 a\u015fa\u011f\u0131ya \u00e7ekebilece\u011finiz raporlama fonksiyonlar\u0131 sunar.<img loading=\"lazy\" decoding=\"async\" class=\"wp-image-15407  alignright\" src=\"https:\/\/www.enkasystems.com\/wp-content\/uploads\/2024\/05\/Cimtas-web-300x170.jpg\" alt=\"\" width=\"442\" height=\"251\" srcset=\"https:\/\/www.enkasystems.com\/wp-content\/uploads\/2024\/05\/Cimtas-web-300x170.jpg 300w, https:\/\/www.enkasystems.com\/wp-content\/uploads\/2024\/05\/Cimtas-web-768x435.jpg 768w, https:\/\/www.enkasystems.com\/wp-content\/uploads\/2024\/05\/Cimtas-web.jpg 1024w\" sizes=\"auto, (max-width: 442px) 100vw, 442px\" \/><\/li>\n<\/ul>\n<h3><strong><span style=\"color: #fe5252;\">2.<\/span> Operasyonlar\u0131 Geli\u015ftirin<\/strong><\/h3>\n<p style=\"text-align: justify;\">Makinalar\u0131n\u0131z\u0131n ger\u00e7ek zamanl\u0131 konumunu ve anl\u0131k performans durumunu bilmek i\u015fletmeniz i\u00e7in daha verimli ve do\u011fru kararlar vermenizi sa\u011flar.<\/p>\n<p style=\"text-align: justify;\">Ekipman y\u00f6netim yaz\u0131l\u0131mlar\u0131 a\u015fa\u011f\u0131daki ekipman s\u00fcre\u00e7lerinizde size yol g\u00f6stericidir:<\/p>\n<ul style=\"text-align: justify;\">\n<li>\u00dcretken \u00e7al\u0131\u015fma s\u00fcresini, makina kullan\u0131m oran\u0131n\u0131, ekipman eskimesini ve a\u015f\u0131nmas\u0131n\u0131, amortisman\u0131n\u0131 ve bunlara ekibinizin ne kadar h\u0131zl\u0131 \u00e7\u00f6z\u00fcmler \u00fcretebildi\u011fini teknolojik sistem deste\u011fiyle izleyerek verimlili\u011fi art\u0131rma<\/li>\n<li>Muayene, \u00f6nleyici veya periyodik bak\u0131mlar\u0131 ihityaca ve kullan\u0131ma g\u00f6re planlayarak bak\u0131m ve tamir giderlerinden tasarruf<\/li>\n<li>Ekipmanlar\u0131n\u0131z\u0131n do\u011fru zamanda do\u011fru yerde do\u011fru operat\u00f6r ile kullan\u0131m\u0131n\u0131 sa\u011flayarak en optimum kullan\u0131ma ula\u015fma<\/li>\n<\/ul>\n<p style=\"text-align: justify;\">Bu sayede ekipman y\u00f6netimindeki operasyonel s\u00fcre\u00e7 verimlili\u011finizi g\u00f6zle g\u00f6r\u00fcl\u00fcr \u015fekilde artt\u0131rabilirsiniz.<\/p>\n<h3><strong><span style=\"color: #fe5252;\">3.<\/span> Personelinizi Y\u00f6netin<\/strong><\/h3>\n<p style=\"text-align: justify;\">Ekipman Y\u00f6netim Sistemleri, sekt\u00f6r\u00fcn\u00fcze, firman\u0131za ve \u00e7al\u0131\u015fanlar\u0131n\u0131za uygun ve kullan\u0131labilir olmal\u0131d\u0131r. Zor aray\u00fczlerle asla zaman kaybettirmemelidir.<\/p>\n<p style=\"text-align: justify;\">Ekipman y\u00f6netim yaz\u0131l\u0131mlar\u0131, b\u00fct\u00fcnle\u015fik i\u015f takip sistemiyle operat\u00f6rlerinizin nas\u0131l \u00e7al\u0131\u015ft\u0131\u011f\u0131n\u0131 ve ekipman\u0131n\u0131z\u0131 sorumluluk sahibi bir \u015fekilde i\u015fletip i\u015fletmediklerini g\u00f6sterir. Operat\u00f6r kaynakl\u0131 olu\u015fabilecek ek maliyetleri ger\u00e7ek zamanl\u0131 takip eder ve g\u00f6sterge paneli \u00fczerinden size raporlar.<\/p>\n<p style=\"text-align: justify;\">Yak\u0131t otomasyon sistem entegrasyonlar\u0131yla, personel kaynakl\u0131 y\u00fcksek yak\u0131t t\u00fcketimi yapan ekipmanlar\u0131 kolayca tespit edebilir, \u00f6nlmelerinizi h\u0131zl\u0131ca ve kay\u0131p ya\u015famadan alabilirsiniz.<\/p>\n<h3><strong><span style=\"color: #fe5252;\">4.<\/span> Riski Azalt\u0131n<\/strong><\/h3>\n<p><img loading=\"lazy\" decoding=\"async\" class=\"wp-image-15611 \" src=\"https:\/\/www.enkasystems.com\/wp-content\/uploads\/2024\/05\/84-Rreshen-Kalimash-Motorway-Tunnel-Albania-300x200.jpg\" alt=\"\" width=\"446\" height=\"297\" srcset=\"https:\/\/www.enkasystems.com\/wp-content\/uploads\/2024\/05\/84-Rreshen-Kalimash-Motorway-Tunnel-Albania-300x200.jpg 300w, https:\/\/www.enkasystems.com\/wp-content\/uploads\/2024\/05\/84-Rreshen-Kalimash-Motorway-Tunnel-Albania-1024x683.jpg 1024w, https:\/\/www.enkasystems.com\/wp-content\/uploads\/2024\/05\/84-Rreshen-Kalimash-Motorway-Tunnel-Albania-768x512.jpg 768w, https:\/\/www.enkasystems.com\/wp-content\/uploads\/2024\/05\/84-Rreshen-Kalimash-Motorway-Tunnel-Albania-1536x1024.jpg 1536w, https:\/\/www.enkasystems.com\/wp-content\/uploads\/2024\/05\/84-Rreshen-Kalimash-Motorway-Tunnel-Albania-2048x1365.jpg 2048w\" sizes=\"auto, (max-width: 446px) 100vw, 446px\" \/><\/p>\n<p style=\"text-align: justify;\">A.B.D. Ulusal Sigorta Su\u00e7 B\u00fcrosu raporlar\u0131na g\u00f6re in\u015faat sekt\u00f6r\u00fc ekipman ve ara\u00e7 h\u0131rs\u0131zl\u0131klar\u0131 sebebiyle y\u0131lda 1 milyar dolardan fazla kaybediyor ve bu say\u0131 her y\u0131l %20 artmakta. Ayr\u0131ca A.B.D. Ulusal Ekipman Kay\u0131tlar\u0131 \u00e7al\u0131nan varl\u0131klar\u0131n sadece %10\u2019unun geri al\u0131nabildi\u011fini belirtiyor.<\/p>\n<p style=\"text-align: justify;\">H\u0131rs\u0131zl\u0131k, ekipman y\u00f6netimi teknolojilerinin engellemenize yard\u0131mc\u0131 oldu\u011fu risklerden sadece biridir. Ancak ekonomik kay\u0131plar\u0131n sebepleri aras\u0131nda en b\u00fc\u00fcyk paya sahip kalemdir. Ekipman Y\u00f6netim Yaz\u0131l\u0131mlar\u0131 ger\u00e7ek zamanl\u0131 takip ile bu durumun \u00f6n\u00fcne ge\u00e7ilmesine yard\u0131mc\u0131 olur.<\/p>\n<ul style=\"text-align: justify;\">\n<li>Bak\u0131m planlar\u0131 ile kazalar\u0131n ve yaralanmalar\u0131n azalmas\u0131 i\u00e7in ekipman\u0131n\u0131z\u0131 d\u00fczg\u00fcn ve \u00e7al\u0131\u015f\u0131r halde tutar.<\/li>\n<li>Ekipman \u00f6m\u00fcr boyu maliyet takibi ile, eskiyen ekipman\u0131n en do\u011fru zamanda yenilenmesini sa\u011flayarak karl\u0131l\u0131\u011f\u0131 artt\u0131r\u0131r.<\/li>\n<li>Yasal d\u00fczenlemelere uyman\u0131za yard\u0131mc\u0131 olur.<\/li>\n<li>Her ko\u015fulda hesap verilebilirli\u011fin g\u00fcvencesidir.<\/li>\n<\/ul>\n<p style=\"text-align: justify;\">Ekipman Y\u00f6netim Sistemleri ve IoT sistemler, sa\u011flad\u0131\u011f\u0131 t\u00fcm bu faydalarla b\u00fcy\u00fck ekipman park\u0131na sahip i\u015fletmelerin olmazsa olmaz ihtiya\u00e7lar\u0131 aras\u0131ndad\u0131r.<\/p>\n<p style=\"text-align: justify;\">ENKA Systems taraf\u0131ndan geli\u015ftirilmi\u015f EGEM\u201dGlobal Equipment Management System\u201d yaz\u0131l\u0131m\u0131 bu alanda en g\u00fc\u00e7l\u00fc sistemlerden biridir. EGEM, yakla\u015f\u0131k 2010 y\u0131l\u0131ndan itibaren ENKA \u0130n\u015faat\u2019in yurti\u00e7i ve yurtd\u0131\u015f\u0131 bir\u00e7ok projesinde aktif olarak kullan\u0131lmaktad\u0131r.<\/p>\n<p style=\"text-align: justify;\">Daha fazla bilgi i\u00e7in a\u015fa\u011f\u0131daki linke g\u00f6z atabilirsiniz.<\/p>\n<a class=\"button biggest   \" data-animation=\"\" href=\"https:\/\/www.enkasystems.com\/tr\/cozumler\/egem-ekipman-yonetim-sistemi\/\" target=\"_blank\" style=\"background-color: #012169\">EGEM<\/a>[\/vc_column_text][\/vc_column][\/vc_row]\n<\/div>","protected":false},"excerpt":{"rendered":"<p>[vc_row][vc_column][vc_empty_space height=&#8221;20&#8243;][\/vc_column][\/vc_row][vc_row][vc_column][vc_column_text] Global \u00f6l\u00e7ekte faaliyet g\u00f6steren her sekt\u00f6rde oldu\u011fu gibi in\u015faat ve taahh\u00fct sekt\u00f6r\u00fcnde de de\u011fi\u015fen \u015fartlar ve ekosistem, karl\u0131l\u0131\u011f\u0131 etkilemekte ve kazan\u00e7 eldesini s\u00fcrekli olarak zorla\u015ft\u0131rmaktad\u0131r. Ayn\u0131 sekt\u00f6rde ve i\u015f kolunda faaaliyet g\u00f6steren firmalar\u0131n say\u0131lar\u0131n\u0131n artmas\u0131yla rekabet \u00e7ok artmaktad\u0131r. Rekabette firmalar\u0131n say\u0131lar\u0131n\u0131n artmas\u0131, E\u011fitimli personele olan ihtiyac\u0131 artt\u0131rmakta, Giderlerin (maa\u015f, sermaye, materyel vs) art\u0131\u015f\u0131ndan <a class=\"more-link\" href=\"https:\/\/www.enkasystems.com\/tr\/haberler-etkinlikler\/blog\/ekipman-bakim-ve-onarim-surecleri-takibiyle-maliyetlerinizi-nasil-azaltabilirsiniz\/\">Continue reading <i class=\"fa fa-chevron-right\"><\/i><\/a><\/p>\n","protected":false},"author":3,"featured_media":15407,"parent":3775,"menu_order":0,"comment_status":"closed","ping_status":"closed","template":"","meta":{"_acf_changed":false,"om_disable_all_campaigns":false,"_monsterinsights_skip_tracking":false,"_monsterinsights_sitenote_active":false,"_monsterinsights_sitenote_note":"","_monsterinsights_sitenote_category":0,"footnotes":""},"categories":[541,512],"tags":[544,708],"class_list":["post-9245","page","type-page","status-publish","has-post-thumbnail","hentry","category-blog-tr","category-egem-kuresel-ekipman-yonetim-sistemi","tag-blog-tr","tag-egem-kuresel-ekipman-yonetim-sistemi"],"aioseo_notices":[],"acf":[],"_links":{"self":[{"href":"https:\/\/www.enkasystems.com\/tr\/wp-json\/wp\/v2\/pages\/9245","targetHints":{"allow":["GET"]}}],"collection":[{"href":"https:\/\/www.enkasystems.com\/tr\/wp-json\/wp\/v2\/pages"}],"about":[{"href":"https:\/\/www.enkasystems.com\/tr\/wp-json\/wp\/v2\/types\/page"}],"author":[{"embeddable":true,"href":"https:\/\/www.enkasystems.com\/tr\/wp-json\/wp\/v2\/users\/3"}],"replies":[{"embeddable":true,"href":"https:\/\/www.enkasystems.com\/tr\/wp-json\/wp\/v2\/comments?post=9245"}],"version-history":[{"count":3,"href":"https:\/\/www.enkasystems.com\/tr\/wp-json\/wp\/v2\/pages\/9245\/revisions"}],"predecessor-version":[{"id":15618,"href":"https:\/\/www.enkasystems.com\/tr\/wp-json\/wp\/v2\/pages\/9245\/revisions\/15618"}],"up":[{"embeddable":true,"href":"https:\/\/www.enkasystems.com\/tr\/wp-json\/wp\/v2\/pages\/3775"}],"wp:featuredmedia":[{"embeddable":true,"href":"https:\/\/www.enkasystems.com\/tr\/wp-json\/wp\/v2\/media\/15407"}],"wp:attachment":[{"href":"https:\/\/www.enkasystems.com\/tr\/wp-json\/wp\/v2\/media?parent=9245"}],"wp:term":[{"taxonomy":"category","embeddable":true,"href":"https:\/\/www.enkasystems.com\/tr\/wp-json\/wp\/v2\/categories?post=9245"},{"taxonomy":"post_tag","embeddable":true,"href":"https:\/\/www.enkasystems.com\/tr\/wp-json\/wp\/v2\/tags?post=9245"}],"curies":[{"name":"wp","href":"https:\/\/api.w.org\/{rel}","templated":true}]}}