{"id":8555,"date":"2020-02-18T08:00:06","date_gmt":"2020-02-18T05:00:06","guid":{"rendered":"https:\/\/www.enkasystems.com\/?page_id=8555"},"modified":"2024-05-21T09:30:25","modified_gmt":"2024-05-21T06:30:25","slug":"elektronik-satin-alma-sistemleri-maliyetlerinizi-nasil-azaltir","status":"publish","type":"page","link":"https:\/\/www.enkasystems.com\/tr\/haberler-etkinlikler\/blog\/elektronik-satin-alma-sistemleri-maliyetlerinizi-nasil-azaltir\/","title":{"rendered":"Elektronik Sat\u0131n Alma Sistemleri Maliyetlerinizi Nas\u0131l Azalt\u0131r?"},"content":{"rendered":"<div class=\"wpb-content-wrapper\">[vc_row css_animation=&#8221;none&#8221;][vc_column]<div id=\"ultimate-heading-641269f25e330facd\" class=\"uvc-heading ult-adjust-bottom-margin ultimate-heading-641269f25e330facd uvc-1594 \" data-hspacer=\"line_only\"  data-halign=\"left\" style=\"text-align:left\"><div class=\"uvc-sub-heading ult-responsive\"  data-ultimate-target='.uvc-heading.ultimate-heading-641269f25e330facd .uvc-sub-heading '  data-responsive-json-new='{\"font-size\":\"desktop:36px;mobile_landscape:30px;mobile:30px;\",\"line-height\":\"\"}'  style=\"font-weight:normal;\"><strong>Elektronik Sat\u0131n Alma Sistemleri Maliyetlerinizi Nas\u0131l Azalt\u0131r?<\/strong><\/div><div class=\"uvc-heading-spacer line_only\" style=\"margin-top:10px;margin-bottom:10px;height:3px;\"><span class=\"uvc-headings-line\" style=\"border-style:solid;border-bottom-width:3px;border-color:#fe5252;width:200px;\"><\/span><\/div><\/div>[vc_empty_space height=&#8221;20px&#8221;][\/vc_column][\/vc_row][vc_row css_animation=&#8221;none&#8221;][vc_column][vc_column_text]\n<p style=\"text-align: justify;\">Sat\u0131n alma s\u00fcre\u00e7leri, \u015firketlerin en hassas konular\u0131ndan biridir. \u00a0\u00c7\u00fcnk\u00fc ortalama bir \u015firketin t\u00fcm giderlerinin ortalama %30\u2019u sat\u0131n alma maliyetlerinden olu\u015fur. Bu nedenle sat\u0131n alma s\u00fcre\u00e7leri ne derece <u>denetlenebilir, \u015feffaf ve verimli<\/u> olursa, edilecek <u>kar o derecede art\u0131\u015f<\/u> g\u00f6sterecektir.<\/p>\n<p><img loading=\"lazy\" decoding=\"async\" class=\"wp-image-15676  alignright\" src=\"https:\/\/www.enkasystems.com\/wp-content\/uploads\/2024\/05\/SAM_1097-1a-300x200.jpg\" alt=\"\" width=\"385\" height=\"256\" srcset=\"https:\/\/www.enkasystems.com\/wp-content\/uploads\/2024\/05\/SAM_1097-1a-300x200.jpg 300w, https:\/\/www.enkasystems.com\/wp-content\/uploads\/2024\/05\/SAM_1097-1a-1024x683.jpg 1024w, https:\/\/www.enkasystems.com\/wp-content\/uploads\/2024\/05\/SAM_1097-1a-768x512.jpg 768w, https:\/\/www.enkasystems.com\/wp-content\/uploads\/2024\/05\/SAM_1097-1a-1536x1024.jpg 1536w, https:\/\/www.enkasystems.com\/wp-content\/uploads\/2024\/05\/SAM_1097-1a-2048x1365.jpg 2048w\" sizes=\"auto, (max-width: 385px) 100vw, 385px\" \/><\/p>\n<p>\u015eirketlerin <u>elektronik sat\u0131n alma sistemlerini<\/u> tercih etmelerinde 3 ana motivasyon mevcuttur. Bunlar,<\/p>\n<ul style=\"text-align: justify;\">\n<li>Karl\u0131 ve Verimli Sat\u0131n Alma S\u00fcre\u00e7leri<\/li>\n<li>G\u00f6r\u00fcn\u00fcrl\u00fck, \u015eeffafl\u0131k ve Takip Edilebilirlik<\/li>\n<li>Kolay Sat\u0131n Alma&#8217;d\u0131r.<\/li>\n<\/ul>\n<p style=\"text-align: justify;\"><u>Elektronik sat\u0131n alma yaz\u0131l\u0131mlar\u0131<\/u>, hem firmalar hem de tedarik\u00e7ileri i\u00e7in <strong>ortak tasarlanm\u0131\u015f<\/strong>, <strong><u>ihale <\/u><\/strong>s\u00fcre\u00e7lerinin <u>ya\u015fam d\u00f6ng\u00fcs\u00fcn\u00fc<\/u> kolayla\u015ft\u0131ran <u>kapsaml\u0131 web tabanl\u0131 sistemlerdir<\/u>. Sistemler, firma ile tedarik\u00e7ileri aras\u0131ndaki ili\u015fkilerin <strong><u>g\u00fcvenli ve dinamik<\/u><\/strong> bir ortam \u00fczerinden <u>proaktif <\/u>y\u00f6netilmesini sa\u011flayan bir ortam sunar.<\/p>\n<p style=\"text-align: justify;\"><u>Elektronik sat\u0131n alma sistemleri<\/u>, <u>talep y\u00f6netiminden ba\u015flay\u0131p, tedarik\u00e7i bilgilendirme, e-ihale, tedarik\u00e7i y\u00f6netimi, sipari\u015f y\u00f6netimi, , lojistik, \u00f6deme ve faturaland\u0131rma, depo ve s\u00f6zle\u015fme y\u00f6netimi<\/u> ile t\u00fcm s\u00fcrecinizi <strong><u>dijital hale getiren eksiksiz entegre sistemlerdir<\/u><\/strong>. Yaz\u0131l\u0131mlar, <strong><u>verimlilik kazan\u0131mlar\u0131n\u0131<\/u><\/strong> desteklerken, <strong><u>\u015feffafl\u0131k, do\u011fru teklif de\u011ferlendirme ve ayr\u0131mc\u0131l\u0131k kar\u015f\u0131t\u0131 etik de\u011ferlerin<\/u><\/strong> de korunmas\u0131na yard\u0131mc\u0131 olur.<\/p>\n<p><img loading=\"lazy\" decoding=\"async\" class=\"wp-image-15682  alignleft\" src=\"https:\/\/www.enkasystems.com\/wp-content\/uploads\/2024\/05\/SAM_1210-1a-300x176.jpg\" alt=\"\" width=\"418\" height=\"245\" srcset=\"https:\/\/www.enkasystems.com\/wp-content\/uploads\/2024\/05\/SAM_1210-1a-300x176.jpg 300w, https:\/\/www.enkasystems.com\/wp-content\/uploads\/2024\/05\/SAM_1210-1a-1024x601.jpg 1024w, https:\/\/www.enkasystems.com\/wp-content\/uploads\/2024\/05\/SAM_1210-1a-768x451.jpg 768w, https:\/\/www.enkasystems.com\/wp-content\/uploads\/2024\/05\/SAM_1210-1a-1536x902.jpg 1536w, https:\/\/www.enkasystems.com\/wp-content\/uploads\/2024\/05\/SAM_1210-1a-2048x1202.jpg 2048w\" sizes=\"auto, (max-width: 418px) 100vw, 418px\" \/><\/p>\n<h3 style=\"text-align: justify;\"><span style=\"font-size: 14pt;\"><strong>Ger\u00e7ek Zamanl\u0131 <span style=\"color: #fe5252;\">Maliyet<\/span> Takibi<\/strong><\/span><\/h3>\n<p style=\"text-align: justify;\"><u>Firma\/ Proje b\u00fct\u00e7enizin<\/u> <strong><u>planlar\u0131n\u0131za uygun<\/u><\/strong> gidip gitmedi\u011finin takibi, <strong><u>firman\u0131n karl\u0131l\u0131\u011f\u0131<\/u><\/strong> a\u00e7\u0131s\u0131ndan en <strong><u>kritik<\/u><\/strong> konular\u0131n ba\u015f\u0131nda gelir. Sistemler, sizin her zaman en iyi tedarik\u00e7ilerle, en iyi fiyat \u00fczerinden \u00e7al\u0131\u015fman\u0131z\u0131 sa\u011flamaya yard\u0131mc\u0131 olur.<\/p>\n<p style=\"text-align: justify;\">Sistemlerin kurgusunun, size <strong>ger\u00e7ek zamanl\u0131 raporlar<\/strong> sunacak yap\u0131da olmas\u0131, sistemin fonksiyonalitesi belirler. Aksi halde; sistemden alaca\u011f\u0131n\u0131z raporlar, ge\u00e7mi\u015f d\u00f6neme ait olaca\u011f\u0131 i\u00e7in olu\u015fabilecek <strong>b\u00fct\u00e7e sapmalar\u0131n\u0131n anl\u0131k takibi<\/strong> imkans\u0131z k\u0131lar. Bunun sonucu olarak da ancak <u>hata olu\u015ftuktan sonra m\u00fcdahale<\/u> \u015fans\u0131n\u0131z olur. Ger\u00e7ek zamanl\u0131 kontrol \u00fczerine kurgulanm\u0131\u015f bir sistem, sat\u0131n alma <strong><u>s\u00fcrecinizde problemler olu\u015fmadan veya olu\u015ftu\u011fu anda m\u00fcdahaleye<\/u><\/strong> izin verir ve olu\u015fabilecek <u>mali kay\u0131plar\u0131 engellemeye<\/u> yard\u0131mc\u0131 olur. <u>B\u00fct\u00e7esi olmayan veya b\u00fct\u00e7esini a\u015fan \u00fcr\u00fcn\/hizmetin<\/u> sat\u0131n al\u0131nmas\u0131n\u0131 <strong>sipari\u015f a\u015famas\u0131nda engelleyebilir<\/strong>. \u015eirket genelinde <u>gereksiz veya fazladan malzeme<\/u> al\u0131nmas\u0131na engel olur.<\/p>\n<h3 style=\"text-align: justify;\"><span style=\"font-size: 14pt;\"><strong>Sat\u0131n Alma <span style=\"color: #fe5252;\">Onay<\/span> Mekanizmalar\u0131<\/strong><\/span><\/h3>\n<p style=\"text-align: justify;\">Sat\u0131n alma sistemleri ne derece do\u011fru kurgulanm\u0131\u015f olursa olsun, onay mekanizmalar\u0131 i\u015fin olmazsa olmazlar\u0131 aras\u0131ndad\u0131r. Yaz\u0131l\u0131mlar, <u>sat\u0131n alma taleplerinin ve tedarik\u00e7i se\u00e7imlerinin<\/u> <strong>\u015firket politikalar\u0131na<\/strong> ve <strong>belirtilen patikaya uygun<\/strong> ilerledi\u011finden emin olmak i\u00e7in denetlenebilir onay mekanizmalar\u0131 bar\u0131nd\u0131r\u0131rlar.<\/p>\n<p style=\"text-align: justify;\">S\u00fcrecin t\u00fcm a\u015famalar\u0131nda bulunan bu <strong>esnek kurgulanabilir onay mekanizmalar\u0131<\/strong>, <u>manuel m\u00fcdahale<\/u> olmadan <u>do\u011fru ve \u015feffaf sat\u0131n alma<\/u> yap\u0131lmas\u0131n\u0131 <strong><u>garanti<\/u><\/strong> alt\u0131na almay\u0131 ama\u00e7lar.<\/p>\n<h3 style=\"text-align: justify;\"><span style=\"font-size: 14pt;\"><strong><img loading=\"lazy\" decoding=\"async\" class=\"wp-image-15419 alignright\" src=\"https:\/\/www.enkasystems.com\/wp-content\/uploads\/2024\/05\/ENKA_Flexity3-300x200.jpg\" alt=\"\" width=\"524\" height=\"349\" srcset=\"https:\/\/www.enkasystems.com\/wp-content\/uploads\/2024\/05\/ENKA_Flexity3-300x200.jpg 300w, https:\/\/www.enkasystems.com\/wp-content\/uploads\/2024\/05\/ENKA_Flexity3-1024x683.jpg 1024w, https:\/\/www.enkasystems.com\/wp-content\/uploads\/2024\/05\/ENKA_Flexity3-768x512.jpg 768w, https:\/\/www.enkasystems.com\/wp-content\/uploads\/2024\/05\/ENKA_Flexity3.jpg 1152w\" sizes=\"auto, (max-width: 524px) 100vw, 524px\" \/>Verimlilik ve Otomatikle\u015ftirilmi\u015f <span style=\"color: #fe5252;\">S\u00fcre\u00e7ler<\/span><\/strong><\/span><\/h3>\n<p style=\"text-align: justify;\">Optimize, ihtiya\u00e7lara ve pratik hayata g\u00f6re dizayn edilmi\u015f sat\u0131n alma \u00e7\u00f6z\u00fcmleri, firmalar\u0131n <u>standart s\u00fcre\u00e7lerini h\u0131zland\u0131r\u0131p otomatikle\u015ftirerek<\/u> <u>personel, s\u00fcre\u00e7 veya tedarik\u00e7i kaynakl\u0131 sorunlar\u0131n\u0131 minimize etmelerini<\/u> sa\u011flar. Bu sayede \u015firket i\u00e7i <strong><u>s\u00fcre\u00e7 verimlili\u011fi artt\u0131r\u0131labilir, kaynak tasarrufu<\/u><\/strong> sa\u011flanabilir.<\/p>\n<h3 style=\"text-align: justify;\"><span style=\"font-size: 14pt;\"><strong><span style=\"color: #fe5252;\">Tedarik\u00e7i<\/span> Y\u00f6netimi<\/strong><\/span><\/h3>\n<p style=\"text-align: justify;\"><u>Sistemlerin ba\u015far\u0131s\u0131<\/u> i\u00e7in <u>tedarik\u00e7ileriniz<\/u> b\u00fcy\u00fck \u00f6neme sahiptir. Listenizdeki bir <strong><u>tedarik\u00e7inin kalitesini, s\u00fcrd\u00fcr\u00fclebilirli\u011fini ve firman\u0131za uygunlu\u011funu<\/u><\/strong> belirlemek ve <u>tedarik\u00e7iyi her bak\u0131mdan de\u011ferlendirmek<\/u> <strong><u>sat\u0131n alma s\u00fcreciniz<\/u><\/strong> i\u00e7in kritiktir. Bu nedenle t\u00fcm <u>tedarik\u00e7ilerinize<\/u> ait <strong>yetkinlikleri <\/strong>belirten her t\u00fcrl\u00fc <strong>dok\u00fcmantasyon<\/strong> sistemde tutulabilmeli, sistem taraf\u0131nda <strong>s\u00fcrekli denetlenebilir<\/strong> olmal\u0131, ihalenin t\u00fcr\u00fcne g\u00f6re sistem taraf\u0131ndan <strong>otomatik alg\u0131lanabilir<\/strong> olmal\u0131d\u0131r. Tedarik\u00e7iler, <strong>tedarik performanslar\u0131na<\/strong> g\u00f6re <u>hem sistem taraf\u0131ndan (tedarik s\u00fcresi, plana uygunluk vs.) hem de ki\u015filer taraf\u0131ndan s\u00fcrekli de\u011ferlendilmelidir<\/u> ve <u>yeni sat\u0131n almalarda se\u00e7imler bu de\u011ferlendirmelere<\/u> g\u00f6re yap\u0131lmal\u0131d\u0131r. Tedarik\u00e7i riskini azaltman\u0131z, <u>d\u00fc\u015f\u00fck performansl\u0131 tedarik\u00e7ilere<\/u> ba\u011fl\u0131 <u>fazla harcamalar\u0131n\u0131z\u0131 kontrol alt\u0131nda tutman\u0131za<\/u> <u>ve kurulu\u015funuzun kar marjlar\u0131n\u0131 iyile\u015ftirmenize<\/u> olanak tan\u0131r.<\/p>\n<p style=\"text-align: justify;\">Sistemler, <u>Tedarik\u00e7i A\u011f\u0131n\u0131za<\/u> kay\u0131tl\u0131 t\u00fcm firmalarin (tedarik\u00e7ilerin) \u015firket i\u00e7indeki <u>t\u00fcm ihalelerden haberdar <\/u>olmas\u0131n\u0131 <strong><u>garanti<\/u><\/strong> eder. Tedarik\u00e7iler kendi kay\u0131tl\u0131 olduklar\u0131 portallarda \u00fcrettikleri \u00fcr\u00fcnler veya sunduklar\u0131 hizmetler ile kendilerini e\u015fle\u015ftirerek <u>taleplerden otomatik haberdar olabilirler<\/u>. <u>Ba\u015far\u0131l\u0131 en iyi tedarik\u00e7i y\u00f6netim yaz\u0131l\u0131m\u0131<\/u>, tedarik\u00e7i ili\u015fkilerinin geli\u015fmesiyle hem <strong><u>\u00fcr\u00fcn\/hizmet kalitesinde<\/u><\/strong> hem de <strong><u>maliyet a\u00e7\u0131s\u0131ndan firmaya avantaj<\/u><\/strong> sa\u011flar.<\/p>\n<h3 style=\"text-align: justify;\"><span style=\"font-size: 14pt;\"><strong><span style=\"color: #fe5252;\"><img loading=\"lazy\" decoding=\"async\" class=\"wp-image-15667 alignleft\" src=\"https:\/\/www.enkasystems.com\/wp-content\/uploads\/2024\/05\/DSC2243-1a-300x200.jpg\" alt=\"\" width=\"466\" height=\"310\" srcset=\"https:\/\/www.enkasystems.com\/wp-content\/uploads\/2024\/05\/DSC2243-1a-300x200.jpg 300w, https:\/\/www.enkasystems.com\/wp-content\/uploads\/2024\/05\/DSC2243-1a-1024x683.jpg 1024w, https:\/\/www.enkasystems.com\/wp-content\/uploads\/2024\/05\/DSC2243-1a-768x513.jpg 768w, https:\/\/www.enkasystems.com\/wp-content\/uploads\/2024\/05\/DSC2243-1a-1536x1025.jpg 1536w, https:\/\/www.enkasystems.com\/wp-content\/uploads\/2024\/05\/DSC2243-1a-2048x1367.jpg 2048w\" sizes=\"auto, (max-width: 466px) 100vw, 466px\" \/>Teklif<\/span> Kar\u015f\u0131la\u015ft\u0131rma ve De\u011ferlendirme<\/strong><\/span><\/h3>\n<p style=\"text-align: justify;\"><u>Tedarik\u00e7i tekliflerini <\/u>ayn\u0131 formatlarda toplayamazsan\u0131z, <u>teklif kar\u015f\u0131la\u015ft\u0131rma tablosunda<\/u> <strong><u>elma-elma<\/u><\/strong> kar\u015f\u0131la\u015ft\u0131rma yapmakta ciddi zorluklar ya\u015fayabilirsiniz. <strong><u>Sat\u0131n alma sistemleri<\/u><\/strong>, <u>otomatikle\u015ftirilmi\u015f standart teklif giri\u015f ekranlar\u0131 <\/u>ve <strong><u>AI tabanl\u0131 teklif kar\u015f\u0131la\u015ft\u0131rma<\/u><\/strong> sistemleri ile <u>en uygun teklifi<\/u> size \u00f6nerebilir. Tedarik\u00e7i tekliflerini <strong>fiyat, kalite ve de\u011fer<\/strong> gibi \u00f6nceden belirlenmi\u015f fakt\u00f6rlere g\u00f6re h\u0131zla de\u011ferlendirerek i\u015fletmenize \u00f6zg\u00fc <u>i\u015f gereksinimlerine dayal\u0131 en uygun tedarik\u00e7iyi<\/u> se\u00e7menizi sa\u011flar.<\/p>\n<h3 style=\"text-align: justify;\"><span style=\"font-size: 14pt;\"><strong>Tedarik\u00e7i <span style=\"color: #fe5252;\">G\u00fcveni ve E-\u0130hale<\/span> Performans\u0131<\/strong><\/span><\/h3>\n<p style=\"text-align: justify;\"><u>\u0130hale ve sat\u0131n alma sistemi <\/u>se\u00e7iminde, <u>tedarik\u00e7i se\u00e7im kriterlerini<\/u> net bir \u015fekilde ifade eden, ihaleyi tedarik\u00e7i profiline\/yap\u0131lan i\u015fin \u00f6zelliklerine g\u00f6re adapte edilebilecek seviyede <strong>esnek ve bir o kadar da g\u00fcvenli sistemler<\/strong> tercih edilmelidir. \u00c7\u00fcnk\u00fc <u>do\u011fru s\u00fcre\u00e7 ve tedarik\u00e7ilerle<\/u> tasarlanan <strong><u>\u015feffaf bir elektronik ihale<\/u><\/strong>, hem ihalenin sonu\u00e7lanma s\u00fcrecini <u>h\u0131zland\u0131r\u0131r<\/u> hem de <u>maksimum ekonomi<\/u> sa\u011flar.<\/p>\n<p style=\"text-align: justify;\">E-\u0130hale s\u00fcrecinin performans\u0131n\u0131 etkileyen di\u011fer bir etken, <u>ihale kat\u0131l\u0131mc\u0131 say\u0131s\u0131d\u0131r<\/u>. Bir E-\u0130hale\u2019 ye ancak <u>\u00e7ok say\u0131da tedarik\u00e7i<\/u> kat\u0131l\u0131rsa <u>rekabet\u00e7i fiyatlar<\/u> elde edilebilir. Sistemler ge\u00e7mi\u015f sat\u0131n almalardaki <strong><u>en ba\u015far\u0131l\u0131 tedarik\u00e7ileri (fiyat\/performans,kalite,tedarik s\u00fcresine sad\u0131k kalma gibi kriterler)<\/u><\/strong> belirleyerek benzer yeni yap\u0131lacak ihalelerde bu tedarik\u00e7ilerden teklif al\u0131nmas\u0131n\u0131 zorunlu k\u0131labilir. Bu sayede ihale, <strong>kalite ve b\u00fct\u00e7e <\/strong>a\u00e7\u0131s\u0131ndan en uygun \u015fekilde tamamlanabilir.<\/p>\n<p style=\"text-align: justify;\"><u>Sa\u011fl\u0131kl\u0131 bir E-\u0130hale<\/u> i\u00e7in tedarik\u00e7ilerin, sistemin <strong>\u015feffaf ve adil<\/strong> bir \u015fekilde y\u00f6netildi\u011fine ikna edilmeleri gerekir. Herhangi bir <strong>uygunsuzluk veya k\u00f6t\u00fc niyetin<\/strong> tedarik\u00e7i taraf\u0131ndan alg\u0131lanmas\u0131 tedarik\u00e7ileri k\u00fcst\u00fcrebilir. <u>Tedarik\u00e7i<\/u> davet edildi\u011fi platforma g\u00fcvenir ise <strong><u>en rekabet\u00e7i fiyat\u0131n\u0131<\/u><\/strong> rahat\u00e7a verebilir, aksi takdirde ihale s\u0131ras\u0131nda sistemde eksik veya zay\u0131f y\u00f6nler arayarak<strong> marj\u0131n\u0131<\/strong> artt\u0131rmaya \u00e7al\u0131\u015fabilir.<\/p>\n<h3 style=\"text-align: justify;\"><span style=\"font-size: 14pt;\"><strong><img loading=\"lazy\" decoding=\"async\" class=\"wp-image-15410 alignright\" src=\"https:\/\/www.enkasystems.com\/wp-content\/uploads\/2024\/05\/DSC_1333-300x225.jpg\" alt=\"\" width=\"456\" height=\"342\" srcset=\"https:\/\/www.enkasystems.com\/wp-content\/uploads\/2024\/05\/DSC_1333-300x225.jpg 300w, https:\/\/www.enkasystems.com\/wp-content\/uploads\/2024\/05\/DSC_1333-768x576.jpg 768w, https:\/\/www.enkasystems.com\/wp-content\/uploads\/2024\/05\/DSC_1333.jpg 1024w\" sizes=\"auto, (max-width: 456px) 100vw, 456px\" \/>Elektronik <span style=\"color: #fe5252;\">\u0130hale Sonu\u00e7lar\u0131<\/span> Nas\u0131l De\u011ferlendirilmelidir?<\/strong><\/span><\/h3>\n<p style=\"text-align: justify;\">\u0130hale y\u00f6ntemi \u015firketinizin kurumsal kimli\u011fini yans\u0131t\u0131r. <strong><u>E-ihale<\/u><\/strong> d\u00fczenleyen bir \u015firketin as\u0131l amac\u0131 bir malzeme, ekipman veya hizmeti farkl\u0131 varyasyonlar \u00fczerinden de\u011ferlendirip (tedarik s\u00fcresi, kalite, fiyat\/performans vb.) <strong>en uygun<\/strong> \u00fcr\u00fcn\u00fc <strong>b\u00fct\u00e7esine uygun<\/strong> \u015fekilde <strong>sat\u0131n almakt\u0131r<\/strong>. Burada en \u00f6nemli konu ise <strong>elma-elma \u015feklinde kar\u015f\u0131la\u015ft\u0131rma<\/strong> yap\u0131labilmesidir.<\/p>\n<p style=\"text-align: justify;\"><strong>\u0130haleye kat\u0131lan firmalar<\/strong> tekliflerinde bazen <u>marjl\u0131 <\/u>davranabilir. Bunu engellemek i\u00e7in <u>ihale prosed\u00fcrleri ve kurallar\u0131<\/u> kullan\u0131labilir. Bu tarz uygulamalarla <strong><u>tedarik\u00e7i tekliflerindeki en y\u00fcksek ve en d\u00fc\u015f\u00fck fiyat<\/u><\/strong> aras\u0131ndaki fark s\u0131n\u0131rland\u0131r\u0131l\u0131p marjl\u0131 tekliflerin \u00f6n\u00fcne ge\u00e7ilebilir.<\/p>\n<p style=\"text-align: justify;\">Tedarik\u00e7inin ihaleyi almas\u0131 durumunda verece\u011fi \u00fcr\u00fcn\/hizmetin <u>ihalede taahh\u00fct etti\u011fi \u00fcr\u00fcn\/hizmet<\/u> ile <u>birebir ayn\u0131<\/u> oldu\u011fundan mutlaka emin olunmal\u0131d\u0131r. \u0130haleyi yapan ekip ile \u00fcr\u00fcn\u00fc\/hizmeti teslim alan ekip birbirinden farkl\u0131 veya kopuk olursa (mesafe vs.) buralarda kay\u0131p veya k\u00f6t\u00fc niyet olabilme ihtimali iyi kontrol edilmelidir.<\/p>\n<p>Daha fazla bilgi i\u00e7in l\u00fctfen ENKA Systems web sayfam\u0131z\u0131 ziyaret edin. <a class=\"button biggest   \" data-animation=\"\" href=\"https:\/\/www.enkasystems.com\/tr\/cozumler\/egps-kuresel-satin-alma-sistemi\/egps-genel-bakis\/\" target=\"_blank\" style=\"background-color: #012169\">EGPS Genel Bak\u0131\u015f<\/a>[\/vc_column_text][\/vc_column][\/vc_row]\n<\/div>","protected":false},"excerpt":{"rendered":"<p>[vc_row css_animation=&#8221;none&#8221;][vc_column][vc_empty_space height=&#8221;20px&#8221;][\/vc_column][\/vc_row][vc_row css_animation=&#8221;none&#8221;][vc_column][vc_column_text] Sat\u0131n alma s\u00fcre\u00e7leri, \u015firketlerin en hassas konular\u0131ndan biridir. \u00a0\u00c7\u00fcnk\u00fc ortalama bir \u015firketin t\u00fcm giderlerinin ortalama %30\u2019u sat\u0131n alma maliyetlerinden olu\u015fur. Bu nedenle sat\u0131n alma s\u00fcre\u00e7leri ne derece denetlenebilir, \u015feffaf ve verimli olursa, edilecek kar o derecede art\u0131\u015f g\u00f6sterecektir. \u015eirketlerin elektronik sat\u0131n alma sistemlerini tercih etmelerinde 3 ana motivasyon mevcuttur. Bunlar, Karl\u0131 <a class=\"more-link\" href=\"https:\/\/www.enkasystems.com\/tr\/haberler-etkinlikler\/blog\/elektronik-satin-alma-sistemleri-maliyetlerinizi-nasil-azaltir\/\">Continue reading <i class=\"fa fa-chevron-right\"><\/i><\/a><\/p>\n","protected":false},"author":3,"featured_media":15676,"parent":3775,"menu_order":0,"comment_status":"closed","ping_status":"closed","template":"","meta":{"_acf_changed":false,"om_disable_all_campaigns":false,"_monsterinsights_skip_tracking":false,"_monsterinsights_sitenote_active":false,"_monsterinsights_sitenote_note":"","_monsterinsights_sitenote_category":0,"footnotes":""},"categories":[541],"tags":[544],"class_list":["post-8555","page","type-page","status-publish","has-post-thumbnail","hentry","category-blog-tr","tag-blog-tr"],"aioseo_notices":[],"acf":[],"_links":{"self":[{"href":"https:\/\/www.enkasystems.com\/tr\/wp-json\/wp\/v2\/pages\/8555","targetHints":{"allow":["GET"]}}],"collection":[{"href":"https:\/\/www.enkasystems.com\/tr\/wp-json\/wp\/v2\/pages"}],"about":[{"href":"https:\/\/www.enkasystems.com\/tr\/wp-json\/wp\/v2\/types\/page"}],"author":[{"embeddable":true,"href":"https:\/\/www.enkasystems.com\/tr\/wp-json\/wp\/v2\/users\/3"}],"replies":[{"embeddable":true,"href":"https:\/\/www.enkasystems.com\/tr\/wp-json\/wp\/v2\/comments?post=8555"}],"version-history":[{"count":4,"href":"https:\/\/www.enkasystems.com\/tr\/wp-json\/wp\/v2\/pages\/8555\/revisions"}],"predecessor-version":[{"id":15687,"href":"https:\/\/www.enkasystems.com\/tr\/wp-json\/wp\/v2\/pages\/8555\/revisions\/15687"}],"up":[{"embeddable":true,"href":"https:\/\/www.enkasystems.com\/tr\/wp-json\/wp\/v2\/pages\/3775"}],"wp:featuredmedia":[{"embeddable":true,"href":"https:\/\/www.enkasystems.com\/tr\/wp-json\/wp\/v2\/media\/15676"}],"wp:attachment":[{"href":"https:\/\/www.enkasystems.com\/tr\/wp-json\/wp\/v2\/media?parent=8555"}],"wp:term":[{"taxonomy":"category","embeddable":true,"href":"https:\/\/www.enkasystems.com\/tr\/wp-json\/wp\/v2\/categories?post=8555"},{"taxonomy":"post_tag","embeddable":true,"href":"https:\/\/www.enkasystems.com\/tr\/wp-json\/wp\/v2\/tags?post=8555"}],"curies":[{"name":"wp","href":"https:\/\/api.w.org\/{rel}","templated":true}]}}