{"id":8523,"date":"2020-02-17T14:11:38","date_gmt":"2020-02-17T11:11:38","guid":{"rendered":"https:\/\/www.enkasystems.com\/?page_id=8523"},"modified":"2024-05-27T09:47:50","modified_gmt":"2024-05-27T06:47:50","slug":"elektronik-dokuman-yonetim-sistemi-nedir-ne-ise-yarar","status":"publish","type":"page","link":"https:\/\/www.enkasystems.com\/tr\/haberler-etkinlikler\/blog\/elektronik-dokuman-yonetim-sistemi-nedir-ne-ise-yarar\/","title":{"rendered":"Elektronik Dok\u00fcman Y\u00f6netim Sistemi Nedir, Ne \u0130\u015fe Yarar?"},"content":{"rendered":"<div class=\"wpb-content-wrapper\">[vc_row css_animation=&#8221;none&#8221;][vc_column]<div id=\"ultimate-heading-317369e39c15b9b00\" class=\"uvc-heading ult-adjust-bottom-margin ultimate-heading-317369e39c15b9b00 uvc-370 \" data-hspacer=\"line_only\"  data-halign=\"left\" style=\"text-align:left\"><div class=\"uvc-sub-heading ult-responsive\"  data-ultimate-target='.uvc-heading.ultimate-heading-317369e39c15b9b00 .uvc-sub-heading '  data-responsive-json-new='{\"font-size\":\"desktop:36px;mobile_landscape:30px;mobile:30px;\",\"line-height\":\"\"}'  style=\"font-weight:normal;\"><strong>Elektronik Dok\u00fcman Y\u00f6netim Sistemi Nedir, Ne \u0130\u015fe Yarar?<\/strong><\/div><div class=\"uvc-heading-spacer line_only\" style=\"margin-top:10px;margin-bottom:10px;height:3px;\"><span class=\"uvc-headings-line\" style=\"border-style:solid;border-bottom-width:3px;border-color:#fe5252;width:200px;\"><\/span><\/div><\/div>[vc_empty_space height=&#8221;20px&#8221;][\/vc_column][\/vc_row][vc_row css_animation=&#8221;none&#8221;][vc_column][vc_column_text]\n<p style=\"text-align: justify;\">\u015eirketinizde ka\u00e7 \u00e7al\u0131\u015fan\u0131n\u0131z var, her \u00e7al\u0131\u015fan\u0131n\u0131z g\u00fcnde ka\u00e7 dosya olu\u015fturuyor, t\u00fcm bunlar\u0131 nerede depoluyor, dok\u00fcman y\u00f6netim sistemi nedir, neden gereklidir?<\/p>\n<p style=\"text-align: justify;\"><img loading=\"lazy\" decoding=\"async\" class=\"wp-image-6107 size-medium alignright\" src=\"https:\/\/www.enkasystems.com\/wp-content\/uploads\/2019\/03\/EGFS-Overview-300x190.jpg\" alt=\"\" width=\"300\" height=\"190\" srcset=\"https:\/\/www.enkasystems.com\/wp-content\/uploads\/2019\/03\/EGFS-Overview-300x190.jpg 300w, https:\/\/www.enkasystems.com\/wp-content\/uploads\/2019\/03\/EGFS-Overview-768x486.jpg 768w, https:\/\/www.enkasystems.com\/wp-content\/uploads\/2019\/03\/EGFS-Overview.jpg 790w\" sizes=\"auto, (max-width: 300px) 100vw, 300px\" \/><\/p>\n<p style=\"text-align: justify;\">G\u00fcndelik hayat\u0131m\u0131zda oldu\u011fu gibi i\u015f hayat\u0131nda da <u>belgeler, yap\u0131lan t\u00fcm i\u015fleri destekler.<\/u> Belgeler, kurumlar\/i\u015fletmeler taraf\u0131nda i\u015f etkinliklerini yerine getirirken \u00fcretilen belgelerdir ve i\u015f etkinliklerinde tekrar kullan\u0131l\u0131rlar.<\/p>\n<ul style=\"text-align: justify;\">\n<li><u>Kurumsal bilgi kaynaklar\u0131d\u0131r.<\/u><\/li>\n<li><u>Hukuki destek ve yasal s\u00fcre\u00e7lere uyumu sa\u011flar. <\/u><\/li>\n<li><u>Farkl\u0131 standartlar\u0131 destekler.<\/u><\/li>\n<li><u>Hesap verilebilirli\u011fin g\u00fcvencesidir.<\/u><\/li>\n<\/ul>\n<p style=\"text-align: justify;\">Dok\u00fcman y\u00f6netim sistemleri her boyuttan \u00e7ok say\u0131da i\u015fletmenin olmazsa olmaz ihtiya\u00e7lar\u0131 aras\u0131nda yer al\u0131yor. \u00d6zellikle b\u00fcy\u00fck \u00e7apl\u0131 ve <u>global<\/u> operasyonlar ger\u00e7ekle\u015ftiren \u015firketlerde dok\u00fcmanlar\u0131 lokal bilgisayarda tutup, mail ile payla\u015fmak hem \u00e7ok sa\u011fl\u0131ks\u0131z, hem <u>hatalara ve g\u00fcvenlik a\u00e7\u0131klar\u0131na<\/u> neden olabiliyor. Elektronik Dok\u00fcman Y\u00f6netim Sistemleri, tam da bu tarz <u>problemlerin ve risklerin \u00e7\u00f6z\u00fcm\u00fc i\u00e7in ortaya \u00e7\u0131km\u0131\u015f kurumsal i\u015f \u00e7\u00f6z\u00fcmleridir.<\/u><\/p>\n<p style=\"text-align: justify;\">Gartner\u2019\u0131n yapt\u0131\u011f\u0131 bir ara\u015ft\u0131rmaya g\u00f6re mevcut firma datalar\u0131n\u0131n %80 ile %95\u2019lik b\u00f6l\u00fcm\u00fc ka\u011f\u0131t ve lokal PC\u2019lerde tutuluyor. Yine Gartner\u2019\u0131n ba\u015fka bir ara\u015ft\u0131rmas\u0131na g\u00f6re dok\u00fcmanlar\u0131n ortalama %25\u2019lik k\u0131sm\u0131 sistemde yanl\u0131\u015f yerde tutuluyor ve \u00e7al\u0131\u015fanlar zamanlar\u0131n\u0131n %60\u2019\u0131n\u0131 bu dok\u00fcmanlar\u0131 arayarak ge\u00e7iriyor. Ara\u015ft\u0131rma bu yanl\u0131\u015f \u00e7al\u0131\u015fma y\u00f6nteminin, \u015firket gelirlerinin %15\u2019ine olumsuz maliyet olarak yans\u0131d\u0131\u011f\u0131n\u0131 ortaya koyuyor.<\/p>\n<h2><strong><span style=\"color: #fe5252;\">Dok\u00fcman Y\u00f6netim<\/span> Sistemi?<\/strong><\/h2>\n<p style=\"text-align: justify;\">Sistemler, <strong><u>cloud<\/u><\/strong> \u00fczerinde <u>data tutmaya<\/u> yarayan ara\u00e7lar olsalar da, bundan \u00e7ok daha fazlas\u0131d\u0131r.<\/p>\n<p style=\"text-align: justify;\">\u00c7ok basit olarak anlatmak gerekirse, dok\u00fcman y\u00f6netim sistemleri t\u00fcm i\u015f s\u00fcre\u00e7lerinize ili\u015fkin t\u00fcm dosya, belge ve dok\u00fcman\u0131 <u>dijital olarak organize etmenizi<\/u> sa\u011flayan \u015firketin t\u00fcm\u00fcne yay\u0131lm\u0131\u015f sistemlerdir. <strong><u>Etiketleme, kataloglama, dosyalama, onay, i\u015f ak\u0131\u015f\u0131, imza, iletim, g\u00f6zden ge\u00e7irme vs.<\/u><\/strong> gibi ka\u011f\u0131t \u00fczerinden ger\u00e7ekle\u015ftirdi\u011finiz t\u00fcm i\u015flerin <strong><u>dijitalle\u015ftirilmesi <\/u><\/strong>i\u00e7in en \u00f6nemli arac\u0131n\u0131zd\u0131r. Bu s\u00fcre\u00e7lere \u00e7ok fazla hatta neredeyse firman\u0131n t\u00fcm personelleri bir \u015fekilde dahil oldu\u011fundan dok\u00fcman y\u00f6netim sistemleri \u015firketin t\u00fcm\u00fcne yay\u0131lm\u0131\u015f ve t\u00fcm personelin etkile\u015fim i\u00e7inde oldu\u011fu <u>kurumsal yaz\u0131l\u0131mlard\u0131r.<\/u><\/p>\n<h2><strong>Dok\u00fcman Y\u00f6netim Sistemlerinin <span style=\"color: #fe5252;\">Faydalar\u0131<\/span> Nelerdir?<\/strong><\/h2>\n<h3><span style=\"font-size: 14pt;\"><strong><span style=\"color: #fe5252;\"><img loading=\"lazy\" decoding=\"async\" class=\"wp-image-15425 size-medium alignright\" src=\"https:\/\/www.enkasystems.com\/wp-content\/uploads\/2024\/05\/plot-4-web-300x200.jpg\" alt=\"\" width=\"300\" height=\"200\" srcset=\"https:\/\/www.enkasystems.com\/wp-content\/uploads\/2024\/05\/plot-4-web-300x200.jpg 300w, https:\/\/www.enkasystems.com\/wp-content\/uploads\/2024\/05\/plot-4-web.jpg 450w\" sizes=\"auto, (max-width: 300px) 100vw, 300px\" \/>1.<\/span> <span style=\"text-decoration: underline;\">Kurumsal Haf\u0131zan\u0131n \u00d6nemi<\/span><\/strong><\/span><\/h3>\n<p style=\"text-align: justify;\">Dok\u00fcman y\u00f6netim sistemleri \u015firketlerin y\u0131llar i\u00e7inde biriktirdikleri <strong><u>kurumsal haf\u0131za ve know-how<\/u><\/strong> i\u00e7in e\u015f\u015fiz kaynaklard\u0131r. Sa\u011flad\u0131\u011f\u0131 birikimle i\u015flerin m\u00fckemmelle\u015ftirilmesine olanak verir. Personel, s\u00fcre\u00e7 veya farkl\u0131 nedenlerden kaynaklanacak veri kayb\u0131n\u0131n \u00f6n\u00fcne ge\u00e7er. \u015eirketleri, ki\u015filere ba\u011f\u0131ml\u0131 olmaktan kurtar\u0131r.<\/p>\n<p style=\"text-align: justify;\">Kurumsal Haf\u0131za \u00f6zellikle <u>b\u00fcy\u00fck ve \u00e7ok noktadan y\u00f6netilen \u015firketler<\/u> i\u00e7in <strong>\u00e7ok k\u0131ymetli bir hazinedir<\/strong>. <strong>Know-how<\/strong> ancak do\u011fru \u015fekilde y\u00f6netilerek <strong><u>gen\u00e7 ve dinamik<\/u><\/strong> yeni nesillere transfer olur ve <strong><u>ba\u015far\u0131 da s\u00fcreklilik<\/u><\/strong> sa\u011flanabilir. Yeni nesillerin <u>ge\u00e7mi\u015f tecr\u00fcbe ve birikimlerden do\u011fru ve h\u0131zl\u0131 \u015fekilde yararlanabiliyor<\/u> olmas\u0131 hem i\u015flerinde <u>daha az hata<\/u> yapmalar\u0131na yard\u0131m eder, hem de <u>karar verirken zaman\u0131 en ekonomik \u015fekilde<\/u> kullanmalar\u0131n\u0131 sa\u011flar.<\/p>\n<h3><span style=\"font-size: 14pt;\"><strong><span style=\"color: #fe5252;\">2.<\/span> <span style=\"text-decoration: underline;\">T\u00fcm Payda\u015flar, T\u00fcm Projeler, T\u00fcm Grup \u015eirketler<\/span><\/strong><\/span><\/h3>\n<p style=\"text-align: justify;\">Dok\u00fcman Y\u00f6netim Sistemleri, kullan\u0131c\u0131lar\u0131n <u>sorunsuz ve g\u00fcvenli<\/u> bir \u015fekilde <strong><u>i\u015fbirli\u011fi <\/u><\/strong>yapabilecekleri <u>web tabanl\u0131 ortak \u00e7al\u0131\u015fma alan\u0131 (Common Data Environment) <\/u>sunar. Sistem \u00fczerinden t\u00fcm <u>yaz\u0131\u015fma ve dok\u00fcman trafi\u011fini<\/u> y\u00f6netilebilmeli, bu platform <strong>s\u0131n\u0131rl\u0131 <u>internet ba\u011flant\u0131s\u0131 olan farkl\u0131 lokasyonlarda bile eri\u015filebilir<\/u> olmal\u0131d\u0131r.<\/strong><\/p>\n<p style=\"text-align: justify;\"><strong>Ortak \u00e7al\u0131\u015fma platformu<\/strong>, t\u00fcm \u00e7al\u0131\u015fanlar\u0131n <u>aktif ve g\u00fcncel<\/u> kullan\u0131m\u0131 i\u00e7in <strong><u>\u00e7izim dosyalar\u0131ndan 3 boyutlu modellere<\/u><\/strong> kadar <u>her t\u00fcrl\u00fc dosya t\u00fcr\u00fcn\u00fc<\/u> desteklemelidir. Ancak bu sayede <u>t\u00fcm payda\u015f ve projelerin ortak \u00e7al\u0131\u015fmas\u0131<\/u> sa\u011flanabilir.<\/p>\n<p style=\"text-align: justify;\"><img loading=\"lazy\" decoding=\"async\" class=\"wp-image-15377 size-medium alignleft\" src=\"https:\/\/www.enkasystems.com\/wp-content\/uploads\/2024\/05\/OVC_7-300x200.jpg\" alt=\"\" width=\"300\" height=\"200\" srcset=\"https:\/\/www.enkasystems.com\/wp-content\/uploads\/2024\/05\/OVC_7-300x200.jpg 300w, https:\/\/www.enkasystems.com\/wp-content\/uploads\/2024\/05\/OVC_7-768x512.jpg 768w, https:\/\/www.enkasystems.com\/wp-content\/uploads\/2024\/05\/OVC_7.jpg 960w\" sizes=\"auto, (max-width: 300px) 100vw, 300px\" \/><\/p>\n<h3><span style=\"font-size: 14pt;\"><strong><span style=\"color: #fe5252;\">3.<\/span> Bilgi G\u00fcvenli\u011fi Politikalar\u0131<\/strong><\/span><\/h3>\n<p>Bilgi G\u00fcvenli\u011fi, \u015firketler i\u00e7in en kritik konular\u0131n ba\u015f\u0131nda gelir. Kritik bilgilerin rakiplerin eline ge\u00e7mesi, firmalar\u0131n iflas\u0131na kadar gidecek tehlikeli sonu\u00e7lar do\u011furabilir. Olu\u015fabilecek bu tarz risklerin \u00f6n\u00fcne ge\u00e7mek i\u00e7in firmalar\u0131n, kritik bilgilerine <strong><u>yetki bazl\u0131 eri\u015fim sa\u011flayarak saklayabilecekleri, g\u00fcvenilir sistemlere<\/u><\/strong> ihtiya\u00e7lar\u0131 vard\u0131r. Dok\u00fcman y\u00f6netim sistemleri, \u015firketlerin t\u00fcm kritik bilgilerini \u015firket i\u00e7i ve \u015firket d\u0131\u015f\u0131 <u>farkl\u0131 mevzuatlardaki Bilgi G\u00fcvenli\u011fi ve KVKK<\/u> gibi prosed\u00fcrlere uygun olarak depolamalar\u0131n\u0131 sa\u011flar.<\/p>\n<h3><span style=\"font-size: 14pt;\"><strong><span style=\"color: #fe5252;\">4.<\/span> Arad\u0131\u011f\u0131n\u0131 Bulabilme<\/strong><\/span><\/h3>\n<p style=\"text-align: justify;\">\u0130ster fiziksel depolama kullan\u0131n, ister dijital sistemler kullan\u0131n, g\u00fcn i\u00e7inde kullan\u0131c\u0131lar\u0131n dok\u00fcmanlarlarla ilgili en \u00e7ok ger\u00e7ekle\u015ftirdi\u011fi i\u015flem <u>arama i\u015flemidir<\/u>. Bir personel i\u00e7in en \u00f6nemli <strong>ba\u015far\u0131<\/strong> \u00f6l\u00e7\u00fct\u00fc, <u>arad\u0131\u011f\u0131 dosyay\u0131 kolay bulabilmesidir<\/u>. Dok\u00fcman y\u00f6netim sistemleri, <u>arama i\u015flemleri i\u00e7in \u00e7ok kapsaml\u0131 motorlar\u0131<\/u> b\u00fcnyesinde bar\u0131nd\u0131r\u0131r. Bu <u>arama motorlar\u0131yla dosyan\u0131n ad\u0131, etiketi, metadatas\u0131, klas\u00f6r\u00fc<\/u> gibi ara\u00e7larla arama yapabilece\u011finiz gibi, dosyan\u0131n i\u00e7eri\u011finde arama yapabilece\u011finiz <strong>teknolojik OCR sistemleri<\/strong> de mevcuttur. Dok\u00fcman kontrol yaz\u0131l\u0131mlar\u0131, bu \u00f6zellikleri ile arama i\u015flemlerinde <u>kaybedilen zaman\u0131 azaltarak \u00e7al\u0131\u015fan verimlili\u011fini artt\u0131rmaya<\/u> katk\u0131 sa\u011flar.<\/p>\n<h3><span style=\"font-size: 14pt;\"><strong><span style=\"color: #fe5252;\">5.<\/span> Veri Kayb\u0131n\u0131 Nas\u0131l Engelleriz?<\/strong><\/span><\/h3>\n<p style=\"text-align: justify;\">\u015eirketler i\u00e7in veri kayb\u0131 en <strong>hassas<\/strong> konular\u0131n ba\u015f\u0131nda gelir. Kritik d\u00f6k\u00fcmanlar\u0131n s\u0131n\u0131fland\u0131r\u0131larak do\u011fru \u015fekilde saklanmas\u0131 ve istenildi\u011fi zaman <strong><u>eri\u015fim yetkisi<\/u><\/strong> olan ki\u015filer taraf\u0131ndan <strong>rahat<\/strong> bir \u015fekilde bulunmas\u0131 g\u00fcn\u00fcm\u00fcz\u00fcn <u>teknolojisinde<\/u> m\u00fcmk\u00fcnd\u00fcr. Bu teknolojiyi yak\u0131ndan takip ederek firmalar kendi <u>prosed\u00fcr ve i\u015f ak\u0131\u015flar\u0131na<\/u> uygun <u>teknolojileri <\/u>belirleyip kullanabilirler. Sistemlerin <strong><u>veri kayb\u0131n\u0131n %100 \u00f6n\u00fcne ge\u00e7mek<\/u><\/strong> i\u00e7in tasarlanm\u0131\u015f oldu\u011fundan <u>yetki ve roller<\/u> anlam\u0131nda emin olmak gerekir. Do\u011fru sistem ve yetkilendirmelerle \u015firketinizde <u>veri kayb\u0131n\u0131 engelleyerek<\/u>, <u>kritik\/gizli d\u00f6k\u00fcmanlar\u0131n\u0131z\u0131n \u015firket d\u0131\u015f\u0131 yetkisi olmayan ki\u015filerin eline ge\u00e7mesini engelleyebilirsiniz.<\/u><\/p>\n<h3><span style=\"font-size: 14pt;\"><strong><span style=\"color: #fe5252;\"><img loading=\"lazy\" decoding=\"async\" class=\"wp-image-15389 size-medium alignright\" src=\"https:\/\/www.enkasystems.com\/wp-content\/uploads\/2024\/05\/3GP_web-300x170.jpg\" alt=\"\" width=\"300\" height=\"170\" srcset=\"https:\/\/www.enkasystems.com\/wp-content\/uploads\/2024\/05\/3GP_web-300x170.jpg 300w, https:\/\/www.enkasystems.com\/wp-content\/uploads\/2024\/05\/3GP_web-768x435.jpg 768w, https:\/\/www.enkasystems.com\/wp-content\/uploads\/2024\/05\/3GP_web.jpg 1024w\" sizes=\"auto, (max-width: 300px) 100vw, 300px\" \/>6.<\/span> Dok\u00fcman\/Paftan\u0131z\u0131n En G\u00fcncel Hali Oldu\u011fundan Emin Misiniz?<\/strong><\/span><\/h3>\n<p style=\"text-align: justify;\">Pratik hayatta, s\u00fcrekli her yerde kar\u015f\u0131m\u0131za fiziksel dosyalar \u00e7\u0131k\u0131yor. Ancak bu dosyalar<u>, hatal\u0131 imalat gibi b\u00fcy\u00fck kay\u0131p ve hatalara sebebiyet verebilecek riskleri <\/u>beraberinde getiriyor.<\/p>\n<p style=\"text-align: justify;\">Dok\u00fcman y\u00f6netim sistemleri, dosyalar\u0131n ve paftalar\u0131n g\u00fcncelli\u011fini\/ge\u00e7erlili\u011fini kontrol noktas\u0131nda <strong><u>QR kod destekli teknolojik \u00e7\u00f6z\u00fcmler<\/u><\/strong> sunuyor. Herhangi bir mobil cihaz ile dosyan\u0131n \u00fczerinde bulunan <u>QR kodlar<\/u> <u>okutularak dosyan\u0131n en son\/g\u00fcncel versiyon <\/u>olup olmad\u0131\u011f\u0131 kontrol edilebiliyor. Bu sayede <u>hatal\u0131 kullan\u0131mlar veya projelerde yanl\u0131\u015f imalatlar\u0131n <\/u>\u00f6n\u00fcne ge\u00e7ilmi\u015f olabiliyor.<\/p>\n<h3><span style=\"font-size: 14pt;\"><strong><span style=\"color: #fe5252;\">7.<\/span> S\u00fcre\u00e7lerinize Uygun Fonksiyonlar<\/strong><\/span><\/h3>\n<p style=\"text-align: justify;\">D\u00f6k\u00fcman Y\u00f6netim Sistemleri \u00fczerinden \u015eirket i\u00e7i ve d\u0131\u015f\u0131 (3.partiler ile) dosya al\u0131\u015fveri\u015fi yap\u0131labilir, bunlarla ilgili <strong><u>i\u015f ak\u0131\u015flar\u0131 ve g\u00f6zden ge\u00e7irmeler<\/u><\/strong> y\u00f6netilebilir. Farkl\u0131 payda\u015flar bir dosya \u00fczerinde g\u00f6r\u00fc\u015flerini h\u0131zl\u0131ca bildirebilirler ve bu sayede <u>zaman kayb\u0131 ya\u015fanmadan i\u015flerin y\u00f6netimi ve takibi<\/u> yap\u0131labilir. Aktif log takipleri ile hangi payda\u015f\u0131n <u>hangi dosyaya eri\u015fip hangi fonksiyonlar\u0131<\/u> kulland\u0131\u011f\u0131 bilgisi kolayca takip edilebilir.<\/p>\n<h3><span style=\"font-size: 14pt;\"><strong><span style=\"color: #fe5252;\">8.<\/span> Kalite ve \u0130\u015f G\u00fcvenli\u011fi \u0130le \u0130lgili Tespitleri Payla\u015fmak M\u00fcmk\u00fcn M\u00fcd\u00fcr? <\/strong><\/span><\/h3>\n<p style=\"text-align: justify;\">Kapsam\u0131 geni\u015f olan baz\u0131 sistemler anl\u0131k olarak <u>mobil cihazlardan \u00e7ekilen resimler ile D\u00d6F (d\u00fczenleyici \u00f6nleyici faaliyet) <\/u>ve <u>Yanl\u0131\u015f\/Hatal\u0131 \u0130malat vb. formlar\u0131<\/u> otomatik olarak olu\u015fturup m\u00fc\u015fteri veya alt y\u00fckleniciler\/tedarik\u00e7iler ile payla\u015f\u0131lmas\u0131na olanak verir, bu veriye eri\u015fim sa\u011flan\u0131p sa\u011flanmad\u0131\u011f\u0131 ile ilgili geli\u015fmi\u015f raporlar al\u0131nabilir, <strong><u>stat\u00fcleri <\/u><\/strong>(a\u00e7\u0131k\/kapal\u0131) takip edilebilir.<\/p>\n<p>Bkz. <a class=\"button biggest   \" data-animation=\"\" href=\"https:\/\/www.enkasystems.com\/tr\/cozumler\/edms-dokuman-yonetim-sistemi\/edms-genel-bakis\/\" target=\"_blank\" style=\"background-color: #012169\">EDMS Genel Bak\u0131\u015f<\/a>[\/vc_column_text][\/vc_column][\/vc_row]\n<\/div>","protected":false},"excerpt":{"rendered":"<p>[vc_row css_animation=&#8221;none&#8221;][vc_column][vc_empty_space height=&#8221;20px&#8221;][\/vc_column][\/vc_row][vc_row css_animation=&#8221;none&#8221;][vc_column][vc_column_text] \u015eirketinizde ka\u00e7 \u00e7al\u0131\u015fan\u0131n\u0131z var, her \u00e7al\u0131\u015fan\u0131n\u0131z g\u00fcnde ka\u00e7 dosya olu\u015fturuyor, t\u00fcm bunlar\u0131 nerede depoluyor, dok\u00fcman y\u00f6netim sistemi nedir, neden gereklidir? G\u00fcndelik hayat\u0131m\u0131zda oldu\u011fu gibi i\u015f hayat\u0131nda da belgeler, yap\u0131lan t\u00fcm i\u015fleri destekler. Belgeler, kurumlar\/i\u015fletmeler taraf\u0131nda i\u015f etkinliklerini yerine getirirken \u00fcretilen belgelerdir ve i\u015f etkinliklerinde tekrar kullan\u0131l\u0131rlar. Kurumsal bilgi kaynaklar\u0131d\u0131r. Hukuki destek <a class=\"more-link\" href=\"https:\/\/www.enkasystems.com\/tr\/haberler-etkinlikler\/blog\/elektronik-dokuman-yonetim-sistemi-nedir-ne-ise-yarar\/\">Continue reading <i class=\"fa fa-chevron-right\"><\/i><\/a><\/p>\n","protected":false},"author":1,"featured_media":15374,"parent":3775,"menu_order":0,"comment_status":"closed","ping_status":"closed","template":"","meta":{"_acf_changed":false,"om_disable_all_campaigns":false,"_monsterinsights_skip_tracking":false,"_monsterinsights_sitenote_active":false,"_monsterinsights_sitenote_note":"","_monsterinsights_sitenote_category":0,"footnotes":""},"categories":[541],"tags":[544],"class_list":["post-8523","page","type-page","status-publish","has-post-thumbnail","hentry","category-blog-tr","tag-blog-tr"],"aioseo_notices":[],"acf":[],"_links":{"self":[{"href":"https:\/\/www.enkasystems.com\/tr\/wp-json\/wp\/v2\/pages\/8523","targetHints":{"allow":["GET"]}}],"collection":[{"href":"https:\/\/www.enkasystems.com\/tr\/wp-json\/wp\/v2\/pages"}],"about":[{"href":"https:\/\/www.enkasystems.com\/tr\/wp-json\/wp\/v2\/types\/page"}],"author":[{"embeddable":true,"href":"https:\/\/www.enkasystems.com\/tr\/wp-json\/wp\/v2\/users\/1"}],"replies":[{"embeddable":true,"href":"https:\/\/www.enkasystems.com\/tr\/wp-json\/wp\/v2\/comments?post=8523"}],"version-history":[{"count":4,"href":"https:\/\/www.enkasystems.com\/tr\/wp-json\/wp\/v2\/pages\/8523\/revisions"}],"predecessor-version":[{"id":15429,"href":"https:\/\/www.enkasystems.com\/tr\/wp-json\/wp\/v2\/pages\/8523\/revisions\/15429"}],"up":[{"embeddable":true,"href":"https:\/\/www.enkasystems.com\/tr\/wp-json\/wp\/v2\/pages\/3775"}],"wp:featuredmedia":[{"embeddable":true,"href":"https:\/\/www.enkasystems.com\/tr\/wp-json\/wp\/v2\/media\/15374"}],"wp:attachment":[{"href":"https:\/\/www.enkasystems.com\/tr\/wp-json\/wp\/v2\/media?parent=8523"}],"wp:term":[{"taxonomy":"category","embeddable":true,"href":"https:\/\/www.enkasystems.com\/tr\/wp-json\/wp\/v2\/categories?post=8523"},{"taxonomy":"post_tag","embeddable":true,"href":"https:\/\/www.enkasystems.com\/tr\/wp-json\/wp\/v2\/tags?post=8523"}],"curies":[{"name":"wp","href":"https:\/\/api.w.org\/{rel}","templated":true}]}}