{"id":7256,"date":"2019-11-12T16:11:26","date_gmt":"2019-11-12T13:11:26","guid":{"rendered":"https:\/\/www.enkasystems.com\/information-security-policy\/"},"modified":"2022-09-08T08:58:35","modified_gmt":"2022-09-08T05:58:35","slug":"bilgi-guvenligi-politikasi","status":"publish","type":"page","link":"https:\/\/www.enkasystems.com\/tr\/bilgi-guvenligi-politikasi\/","title":{"rendered":"Bilgi G\u00fcvenli\u011fi Politikas\u0131"},"content":{"rendered":"<div class=\"wpb-content-wrapper\">[vc_row][vc_column]<div id=\"ultimate-heading-417969ed17aa2859d\" class=\"uvc-heading ult-adjust-bottom-margin ultimate-heading-417969ed17aa2859d uvc-7211 \" data-hspacer=\"line_only\"  data-halign=\"left\" style=\"text-align:left\"><div class=\"uvc-sub-heading ult-responsive\"  data-ultimate-target='.uvc-heading.ultimate-heading-417969ed17aa2859d .uvc-sub-heading '  data-responsive-json-new='{\"font-size\":\"desktop:40px;mobile_landscape:30px;mobile:30px;\",\"line-height\":\"\"}'  style=\"font-weight:normal;\">B\u0130LG\u0130 G\u00dcVENL\u0130\u011e\u0130 POL\u0130T\u0130KASI<\/div><div class=\"uvc-heading-spacer line_only\" style=\"margin-top:10px;margin-bottom:10px;height:3px;\"><span class=\"uvc-headings-line\" style=\"border-style:solid;border-bottom-width:3px;border-color:#fe5252;width:200px;\"><\/span><\/div><\/div>[vc_empty_space height=&#8221;30px&#8221;][\/vc_column][\/vc_row][vc_row][vc_column][vc_column_text]ENKA SYSTEMS YAZILIM A.\u015e olarak, yaz\u0131l\u0131m geli\u015ftirme faaliyetleri ile pazarlama, sat\u0131\u015f, destek s\u00fcre\u00e7leri ve bunlara ili\u015fkin operasyonlar\u0131 y\u00fcr\u00fct\u00fcrken; kurum \u00e7ap\u0131nda t\u00fcm fiziksel ve elektronik bilgi varl\u0131klar\u0131n\u0131n gizlili\u011fi, b\u00fct\u00fcnl\u00fc\u011f\u00fc ve eri\u015filebilirli\u011fini korumay\u0131 ve ilgili risklerin kabul edilebilir seviyeye indirilmesini taahh\u00fct etmekteyiz.<\/p>\n<p>T\u00fcm personelimizin deste\u011fi ile s\u00fcre\u00e7lerimizde a\u015fa\u011f\u0131daki unsurlar do\u011frultusunda bilgi g\u00fcvenli\u011fi k\u00fclt\u00fcr\u00fcn\u00fc i\u00e7selle\u015ftirmeyi hedeflemekteyiz.<\/p>\n<ul>\n<li>Bilgi g\u00fcvenli\u011fi y\u00f6netim sistemimizin ISO 27001 standard\u0131n\u0131n gereklerini yerine getirecek \u015fekilde dok\u00fcmante edilmesi, belgelendirilmesi ve s\u00fcrekli iyile\u015ftirilmesi,<\/li>\n<li>Bilgi g\u00fcvenli\u011fi ile ilgili t\u00fcm yasal mevzuat ve s\u00f6zle\u015fmelere uyulmas\u0131,<\/li>\n<li>Bilgi g\u00fcvenli\u011fine y\u00f6nelik risklerin sistematik olarak y\u00f6netilmesi,<\/li>\n<li>Bilgi g\u00fcvenli\u011fi fark\u0131ndal\u0131\u011f\u0131n\u0131 art\u0131rmak amac\u0131yla teknik ve davran\u0131\u015fsal yetkinlikleri geli\u015ftirecek e\u011fitimlerin ger\u00e7ekle\u015ftirilmesi.<\/li>\n<\/ul>\n<p style=\"text-align: justify;\">\u015eirketimiz bu politikan\u0131n ve bilgi g\u00fcvenli\u011fi y\u00f6netim sistemindeki di\u011fer alt politikalar\u0131n uygulanmas\u0131 ile, bu kapsamda yasal zorunluluklara ve \u00fc\u00e7\u00fcnc\u00fc taraflarlar (i\u015f ortaklar\u0131, m\u00fc\u015fteriler, hizmet sa\u011flay\u0131c\u0131lar) ile yap\u0131lan s\u00f6zle\u015fmelerde yer alan h\u00fck\u00fcmlere uymay\u0131, temel ve destekleyici i\u015f faaliyetlerinin en az kesinti ile devam etmesini sa\u011flamay\u0131, g\u00fcvenlik olaylar\u0131ndan do\u011fan her t\u00fcrl\u00fc gelir veya f\u0131rsat kayb\u0131n\u0131 en aza indirmeyi, bilgi g\u00fcvenli\u011fi gereksinimlerini kar\u015f\u0131lamay\u0131, ilke olarak belirlemi\u015ftir<\/p>\n[\/vc_column_text][\/vc_column][\/vc_row]\n<\/div>","protected":false},"excerpt":{"rendered":"<p>[vc_row][vc_column][vc_empty_space height=&#8221;30px&#8221;][\/vc_column][\/vc_row][vc_row][vc_column][vc_column_text]ENKA SYSTEMS YAZILIM A.\u015e olarak, yaz\u0131l\u0131m geli\u015ftirme faaliyetleri ile pazarlama, sat\u0131\u015f, destek s\u00fcre\u00e7leri ve bunlara ili\u015fkin operasyonlar\u0131 y\u00fcr\u00fct\u00fcrken; kurum \u00e7ap\u0131nda t\u00fcm fiziksel ve elektronik bilgi varl\u0131klar\u0131n\u0131n gizlili\u011fi, b\u00fct\u00fcnl\u00fc\u011f\u00fc ve eri\u015filebilirli\u011fini korumay\u0131 ve ilgili risklerin kabul edilebilir seviyeye indirilmesini taahh\u00fct etmekteyiz. T\u00fcm personelimizin deste\u011fi ile s\u00fcre\u00e7lerimizde a\u015fa\u011f\u0131daki unsurlar do\u011frultusunda bilgi g\u00fcvenli\u011fi k\u00fclt\u00fcr\u00fcn\u00fc i\u00e7selle\u015ftirmeyi hedeflemekteyiz. Bilgi <a class=\"more-link\" href=\"https:\/\/www.enkasystems.com\/tr\/bilgi-guvenligi-politikasi\/\">Continue reading <i class=\"fa fa-chevron-right\"><\/i><\/a><\/p>\n","protected":false},"author":3,"featured_media":11327,"parent":0,"menu_order":0,"comment_status":"closed","ping_status":"closed","template":"","meta":{"_acf_changed":false,"om_disable_all_campaigns":false,"_monsterinsights_skip_tracking":false,"_monsterinsights_sitenote_active":false,"_monsterinsights_sitenote_note":"","_monsterinsights_sitenote_category":0,"footnotes":""},"categories":[22,533],"tags":[577,590,591,280,592,395,594,593],"class_list":["post-7256","page","type-page","status-publish","has-post-thumbnail","hentry","category-genel","category-kurumsal","tag-bilgi-guvenligi","tag-iso","tag-iso-27001","tag-kurumsal","tag-kvkk","tag-politika","tag-sozlesme-uyum","tag-yasal-zorunluluk"],"aioseo_notices":[],"acf":[],"_links":{"self":[{"href":"https:\/\/www.enkasystems.com\/tr\/wp-json\/wp\/v2\/pages\/7256","targetHints":{"allow":["GET"]}}],"collection":[{"href":"https:\/\/www.enkasystems.com\/tr\/wp-json\/wp\/v2\/pages"}],"about":[{"href":"https:\/\/www.enkasystems.com\/tr\/wp-json\/wp\/v2\/types\/page"}],"author":[{"embeddable":true,"href":"https:\/\/www.enkasystems.com\/tr\/wp-json\/wp\/v2\/users\/3"}],"replies":[{"embeddable":true,"href":"https:\/\/www.enkasystems.com\/tr\/wp-json\/wp\/v2\/comments?post=7256"}],"version-history":[{"count":1,"href":"https:\/\/www.enkasystems.com\/tr\/wp-json\/wp\/v2\/pages\/7256\/revisions"}],"predecessor-version":[{"id":15208,"href":"https:\/\/www.enkasystems.com\/tr\/wp-json\/wp\/v2\/pages\/7256\/revisions\/15208"}],"wp:featuredmedia":[{"embeddable":true,"href":"https:\/\/www.enkasystems.com\/tr\/wp-json\/wp\/v2\/media\/11327"}],"wp:attachment":[{"href":"https:\/\/www.enkasystems.com\/tr\/wp-json\/wp\/v2\/media?parent=7256"}],"wp:term":[{"taxonomy":"category","embeddable":true,"href":"https:\/\/www.enkasystems.com\/tr\/wp-json\/wp\/v2\/categories?post=7256"},{"taxonomy":"post_tag","embeddable":true,"href":"https:\/\/www.enkasystems.com\/tr\/wp-json\/wp\/v2\/tags?post=7256"}],"curies":[{"name":"wp","href":"https:\/\/api.w.org\/{rel}","templated":true}]}}