{"id":7209,"date":"2019-11-07T11:10:06","date_gmt":"2019-11-07T08:10:06","guid":{"rendered":"https:\/\/www.enkasystems.com\/?page_id=7209"},"modified":"2022-09-08T09:05:50","modified_gmt":"2022-09-08T06:05:50","slug":"gizlilik-politikasi","status":"publish","type":"page","link":"https:\/\/www.enkasystems.com\/tr\/kurumsal\/gizlilik-politikasi\/","title":{"rendered":"Gizlilik Politikas\u0131"},"content":{"rendered":"<div class=\"wpb-content-wrapper\">[vc_row][vc_column]<div id=\"ultimate-heading-731969f256ede6424\" class=\"uvc-heading ult-adjust-bottom-margin ultimate-heading-731969f256ede6424 uvc-1554 \" data-hspacer=\"line_only\"  data-halign=\"left\" style=\"text-align:left\"><div class=\"uvc-sub-heading ult-responsive\"  data-ultimate-target='.uvc-heading.ultimate-heading-731969f256ede6424 .uvc-sub-heading '  data-responsive-json-new='{\"font-size\":\"desktop:40px;mobile_landscape:30px;mobile:30px;\",\"line-height\":\"\"}'  style=\"font-weight:normal;\">G\u0130ZL\u0130L\u0130K POL\u0130T\u0130KASI<\/div><div class=\"uvc-heading-spacer line_only\" style=\"margin-top:10px;margin-bottom:10px;height:3px;\"><span class=\"uvc-headings-line\" style=\"border-style:solid;border-bottom-width:3px;border-color:#fe5252;width:200px;\"><\/span><\/div><\/div>[vc_empty_space height=&#8221;30px&#8221;]<div id=\"ultimate-heading-158969f256ede6478\" class=\"uvc-heading ult-adjust-bottom-margin ultimate-heading-158969f256ede6478 uvc-740 \" data-hspacer=\"no_spacer\"  data-halign=\"left\" style=\"text-align:left\"><div class=\"uvc-heading-spacer no_spacer\" style=\"top\"><\/div><div class=\"uvc-sub-heading ult-responsive\"  data-ultimate-target='.uvc-heading.ultimate-heading-158969f256ede6478 .uvc-sub-heading '  data-responsive-json-new='{\"font-size\":\"desktop:30px;mobile_landscape:25px;mobile:25px;\",\"line-height\":\"\"}'  style=\"font-weight:normal;\">K\u0130\u015e\u0130SEL VER\u0130LER\u0130N\u0130ZE \u0130L\u0130\u015eK\u0130N B\u0130LG\u0130LEND\u0130RME<\/div><\/div>[vc_empty_space height=&#8221;30px&#8221;][\/vc_column][\/vc_row][vc_row][vc_column][vc_column_text]\n<p style=\"text-align: justify;\">ENKA SYSTEMS YAZILIM A.\u015e., (ENKA Systems) Veri Sorumlusu olarak ki\u015fisel verilerinizin kullan\u0131lmas\u0131na ili\u015fkin anayasal haklar\u0131n\u0131z\u0131 kabul eder, bu haklara sayg\u0131 g\u00f6sterir ve korunmas\u0131 konusunda en iyi gayreti sarf eder.<\/p>\n<p style=\"text-align: justify;\">ENKA Systems, 18 ya\u015f alt\u0131ndaki kullan\u0131c\u0131lar\u0131 ile ilgili herhangi bir ki\u015fisel veri toplama niyetinde de\u011fildir. Web sitesinin belirli sayfalar\u0131 g\u00f6r\u00fcnt\u00fclenirken bilgisayar\u0131n\u0131zda baz\u0131 bilgiler depolanabilir. Bu bilgiler \u201c\u00c7erez\u201d veya benzer dosya formlar\u0131nda olacak ve sizlerin ilgi ve\/veya tercihlerinize daha iyi yan\u0131t verebilmesi i\u00e7in web sayfas\u0131n\u0131n daha uygun hale getirilmesine imk\u00e2n sa\u011flayacakt\u0131r. Buna ra\u011fmen bu site, i\u00e7erisinde di\u011fer web sayfalar\u0131na ba\u011flant\u0131lar i\u00e7ermekte olup ENKA Systems, bu sayfalar\u0131n gizlilik politikalar\u0131n\u0131 kontrol etme yetkisine sahip de\u011fildir.<\/p>\n<p style=\"text-align: justify;\">Yukar\u0131da bahsedilen bilgilere ek olarak, ENKA Systems Web Sitesi ziyaret\u00e7ileri, \u015firket hakk\u0131ndaki finansal haber b\u00fcltenlerine ula\u015fmak, genel istek ve taleplerini \u015firket yetkililerine iletebilmek i\u00e7in ad, soyad ve e-posta adres bilgilerini, web sayfas\u0131nda belirtilen elektronik formlara yazmaktad\u0131r.<\/p>\n<p style=\"text-align: justify;\">Hakk\u0131n\u0131zda bize verece\u011finiz ya da web sitesini ziyaretiniz nedeniyle toplanacak olan bilgilerle ilgili olarak ENKA Systems, sorumlu bir tutum sergileyecektir. ENKA Systems\u2019\u0131n bu web sitesini ziyaretiniz s\u0131ras\u0131nda toplayaca\u011f\u0131 bilgileri;<\/p>\n<ol style=\"text-align: justify;\">\n<li>ENKA Systems\u2019\u0131n veya di\u011fer taraflar\u0131n haklar\u0131n\u0131, g\u00fcvenli\u011fini veya m\u00fclkiyet haklar\u0131n\u0131 korumak,<\/li>\n<li>yasal veya d\u00fczenleyici y\u00fck\u00fcml\u00fcl\u00fcklere uyum sa\u011flamak,<\/li>\n<li>web sayfas\u0131 veya kullan\u0131c\u0131lar\u0131 hakk\u0131nda toplu istatistiksel bilgiler toplamak ve\/veya sa\u011flamak,<\/li>\n<li>\u015firket haber b\u00fcltenlerini ve finansal raporlar\u0131 payla\u015fmak,<\/li>\n<\/ol>\n<p style=\"text-align: justify;\">amac\u0131yla saklayabilecek, i\u015fleyebilecek ya da aktarabilecektir. Ancak ENKA Systems a\u00e7\u0131k onay\u0131n\u0131z olmaks\u0131z\u0131n ki\u015fisel bilgilerinizi ticari ama\u00e7larla kullanmayacak, bu bilgileri \u00fc\u00e7\u00fcnc\u00fc ki\u015filere satmayacak veya kiralamayacakt\u0131r. Ki\u015fisel bilgilerinizin i\u015flenip i\u015flenmedi\u011fi konusunda her zaman bilgi alma ve bilgilerinizin silinmesini talep hakk\u0131n\u0131z bulunmaktad\u0131r.<\/p>\n<p style=\"text-align: justify;\">ENKA Systems\u2019\u0131n ki\u015fisel verilere ili\u015fkin politikas\u0131 ve ki\u015fisel verilere y\u00f6nelik haklar\u0131n\u0131za dair detayl\u0131 bilgi almak isterseniz, l\u00fctfen a\u015fa\u011f\u0131daki b\u00f6l\u00fcmleri inceleyiniz.<\/p>\n<p style=\"text-align: justify;\">Bu beyan sadece ENKA Systems taraf\u0131ndan toplanan ve saklanan bilgiler i\u00e7in ge\u00e7erlidir.<\/p>\n[\/vc_column_text][\/vc_column][\/vc_row][vc_row][vc_column]<div id=\"ultimate-heading-545469f256ede64c7\" class=\"uvc-heading ult-adjust-bottom-margin ultimate-heading-545469f256ede64c7 uvc-5249 \" data-hspacer=\"no_spacer\"  data-halign=\"left\" style=\"text-align:left\"><div class=\"uvc-heading-spacer no_spacer\" style=\"top\"><\/div><div class=\"uvc-sub-heading ult-responsive\"  data-ultimate-target='.uvc-heading.ultimate-heading-545469f256ede64c7 .uvc-sub-heading '  data-responsive-json-new='{\"font-size\":\"desktop:40px;mobile_landscape:30px;mobile:30px;\",\"line-height\":\"\"}'  style=\"font-weight:normal;\">Ba\u011flant\u0131<\/div><\/div>[vc_empty_space height=&#8221;30px&#8221;][vc_column_text]\n<p style=\"text-align: justify;\">Kolayl\u0131k sa\u011flamak a\u00e7\u0131s\u0131ndan bu web sitesi i\u00e7erisinde ENKA Systems taraf\u0131ndan kontrol edilmeyen veya herhangi bir \u015fekilde ENKA Systems ile ilintili veya ili\u015fkili olmayan di\u011fer web sayfalar\u0131na ba\u011flant\u0131lar yer almaktad\u0131r. Bu do\u011frultuda ENKA Systems, bu sayfalar\u0131n ki\u015fisel veri politikalar\u0131na, gizlilik uygulamalar\u0131 veya kullan\u0131m ko\u015fullar\u0131na ili\u015fkin herhangi bir beyanda bulunmamakta ve ayr\u0131ca bu sayfalarda bulunan bilgi, veri, metin, yaz\u0131l\u0131m, m\u00fczik, ses, foto\u011fraf, grafik, video, mesaj veya mevcut di\u011fer materyallerin do\u011fruluklar\u0131, b\u00fct\u00fcnl\u00fckleri veya niteliklerini kontrol etmemekte veya bu konuda herhangi bir garanti vermemektedir. Dahil ya da hari\u00e7 olma durumu hi\u00e7bir \u015fekilde ENKA Systems\u2019\u0131n sayfay\u0131, sayfan\u0131n sa\u011flay\u0131c\u0131s\u0131n\u0131 ya da sayfadaki bilgileri onaylad\u0131\u011f\u0131 anlam\u0131na gelmez.<\/p>\n[\/vc_column_text][\/vc_column][\/vc_row][vc_row][vc_column]<div id=\"ultimate-heading-586869f256ede6518\" class=\"uvc-heading ult-adjust-bottom-margin ultimate-heading-586869f256ede6518 uvc-4351 \" data-hspacer=\"no_spacer\"  data-halign=\"left\" style=\"text-align:left\"><div class=\"uvc-heading-spacer no_spacer\" style=\"top\"><\/div><div class=\"uvc-sub-heading ult-responsive\"  data-ultimate-target='.uvc-heading.ultimate-heading-586869f256ede6518 .uvc-sub-heading '  data-responsive-json-new='{\"font-size\":\"desktop:40px;mobile_landscape:30px;mobile:30px;\",\"line-height\":\"\"}'  style=\"font-weight:normal;\">Ki\u015fisel Veri Sahiplerinin \u0130stek ve Talepleri<\/div><\/div>[vc_empty_space height=&#8221;30px&#8221;][vc_column_text]\n<p style=\"text-align: justify;\">ENKA, KVK Kanunu\u2019nun 10. maddesine uygun olarak ki\u015fisel veri sahibinin haklar\u0131n\u0131 kendisine bildirmekte, bu haklar\u0131n nas\u0131l kullan\u0131laca\u011f\u0131 konusunda ki\u015fisel veri sahibine yol g\u00f6stermektedir. ENKA Systems, ki\u015fisel veri sahiplerinin haklar\u0131n\u0131n de\u011ferlendirilmesi ve ki\u015fisel veri sahiplerine gereken bilgilendirmenin yap\u0131lmas\u0131 i\u00e7in KVK Kanunu\u2019nun 13. maddesine uygun olarak gerekli kanallar\u0131, i\u00e7 i\u015fleyi\u015fi, idari ve teknik d\u00fczenlemeleri y\u00fcr\u00fctmektedir.<\/p>\n<p style=\"text-align: justify;\">Bu minvalde, ki\u015fisel veri sahipleri, ENKA Systems Ki\u015fisel Verilerin Korunmas\u0131 ve \u0130\u015flenmesi Politikas\u0131\u2019\u0131nda belirtilen haklar\u0131na ili\u015fkin taleplerini; Kimliklerini tespit edecek bilgi ve belgelerle ve www.enkasystems.com adresinde bulunan formu doldurularak, formda belirtilen veya Ki\u015fisel Verileri Koruma Kurulu\u2019nun belirledi\u011fi di\u011fer y\u00f6ntemlerle Veri Sahibi Ki\u015fisel Bilgi Ba\u015fvuru Formu\u2019nu doldurup imzalayarak ENKA Systems\u2019e iletebileceklerdir.<\/p>\n<p style=\"text-align: justify;\">Ki\u015fisel veri sahipleri ad\u0131na \u00fc\u00e7\u00fcnc\u00fc ki\u015filerin ba\u015fvuru talebinde bulunabilmesi i\u00e7in veri sahibi taraf\u0131ndan ba\u015fvuruda bulunacak ki\u015fi ad\u0131na, noter kanal\u0131yla d\u00fczenlenmi\u015f \u00f6zel vek\u00e2letname bulunmal\u0131d\u0131r.<\/p>\n[\/vc_column_text][\/vc_column][\/vc_row][vc_row][vc_column]\r\n\t\t<section class=\"sc-call-to-action full-width-bg light-gray-bg small-padding \"  style=\"\">\r\n\t\t\t<div class=\"row\">\r\n\t\t\t\t<div class=\"col-lg-9 col-md-9 col-sm-9\">\r\n\t\t\t\t\t<h2 class=\"big\" style=\"\"><em>Veri Sahibi Ki\u015fisel Bilgi Ba\u015fvuru Formu<\/em><\/h2>\r\n\t\t\t\t<\/div>\r\n\t\t\t\t<div class=\"col-lg-3 col-md-3 col-sm-3 align-right\">\r\n\t\t\t\t\t<a href=\"https:\/\/www.enkasystems.com\/wp-content\/uploads\/2019\/03\/ENKA_Systems_KVKK_Basvuru_Formu.pdf\" target=\"_self\" class=\"button biggest\" >FORMU \u0130ND\u0130R<\/a>\r\n\t\t\t\t<\/div>\r\n\t\t\t<\/div>\r\n\t\t<\/section>[\/vc_column][\/vc_row]\n<\/div>","protected":false},"excerpt":{"rendered":"<p>[vc_row][vc_column][vc_empty_space height=&#8221;30px&#8221;][vc_empty_space height=&#8221;30px&#8221;][\/vc_column][\/vc_row][vc_row][vc_column][vc_column_text] ENKA SYSTEMS YAZILIM A.\u015e., (ENKA Systems) Veri Sorumlusu olarak ki\u015fisel verilerinizin kullan\u0131lmas\u0131na ili\u015fkin anayasal haklar\u0131n\u0131z\u0131 kabul eder, bu haklara sayg\u0131 g\u00f6sterir ve korunmas\u0131 konusunda en iyi gayreti sarf eder. ENKA Systems, 18 ya\u015f alt\u0131ndaki kullan\u0131c\u0131lar\u0131 ile ilgili herhangi bir ki\u015fisel veri toplama niyetinde de\u011fildir. Web sitesinin belirli sayfalar\u0131 g\u00f6r\u00fcnt\u00fclenirken bilgisayar\u0131n\u0131zda baz\u0131 bilgiler <a class=\"more-link\" href=\"https:\/\/www.enkasystems.com\/tr\/kurumsal\/gizlilik-politikasi\/\">Continue reading <i class=\"fa fa-chevron-right\"><\/i><\/a><\/p>\n","protected":false},"author":3,"featured_media":11385,"parent":3749,"menu_order":0,"comment_status":"closed","ping_status":"closed","template":"","meta":{"_acf_changed":false,"om_disable_all_campaigns":false,"_monsterinsights_skip_tracking":false,"_monsterinsights_sitenote_active":false,"_monsterinsights_sitenote_note":"","_monsterinsights_sitenote_category":0,"footnotes":""},"categories":[22,533],"tags":[280,395],"class_list":["post-7209","page","type-page","status-publish","has-post-thumbnail","hentry","category-genel","category-kurumsal","tag-kurumsal","tag-politika"],"aioseo_notices":[],"acf":[],"_links":{"self":[{"href":"https:\/\/www.enkasystems.com\/tr\/wp-json\/wp\/v2\/pages\/7209","targetHints":{"allow":["GET"]}}],"collection":[{"href":"https:\/\/www.enkasystems.com\/tr\/wp-json\/wp\/v2\/pages"}],"about":[{"href":"https:\/\/www.enkasystems.com\/tr\/wp-json\/wp\/v2\/types\/page"}],"author":[{"embeddable":true,"href":"https:\/\/www.enkasystems.com\/tr\/wp-json\/wp\/v2\/users\/3"}],"replies":[{"embeddable":true,"href":"https:\/\/www.enkasystems.com\/tr\/wp-json\/wp\/v2\/comments?post=7209"}],"version-history":[{"count":1,"href":"https:\/\/www.enkasystems.com\/tr\/wp-json\/wp\/v2\/pages\/7209\/revisions"}],"predecessor-version":[{"id":15263,"href":"https:\/\/www.enkasystems.com\/tr\/wp-json\/wp\/v2\/pages\/7209\/revisions\/15263"}],"up":[{"embeddable":true,"href":"https:\/\/www.enkasystems.com\/tr\/wp-json\/wp\/v2\/pages\/3749"}],"wp:featuredmedia":[{"embeddable":true,"href":"https:\/\/www.enkasystems.com\/tr\/wp-json\/wp\/v2\/media\/11385"}],"wp:attachment":[{"href":"https:\/\/www.enkasystems.com\/tr\/wp-json\/wp\/v2\/media?parent=7209"}],"wp:term":[{"taxonomy":"category","embeddable":true,"href":"https:\/\/www.enkasystems.com\/tr\/wp-json\/wp\/v2\/categories?post=7209"},{"taxonomy":"post_tag","embeddable":true,"href":"https:\/\/www.enkasystems.com\/tr\/wp-json\/wp\/v2\/tags?post=7209"}],"curies":[{"name":"wp","href":"https:\/\/api.w.org\/{rel}","templated":true}]}}