{"id":4006,"date":"2019-03-01T12:46:21","date_gmt":"2019-03-01T09:46:21","guid":{"rendered":"http:\/\/212.175.79.198\/~enkasystems\/solutions\/egvn-vendor-management\/egvn-overview\/"},"modified":"2022-06-10T14:39:38","modified_gmt":"2022-06-10T11:39:38","slug":"egvn-genel-bakis","status":"publish","type":"page","link":"https:\/\/www.enkasystems.com\/tr\/cozumler\/egvn-tedarikci-yonetim-sistemi\/egvn-genel-bakis\/","title":{"rendered":"EGVN Genel Bak\u0131\u015f"},"content":{"rendered":"<div class=\"wpb-content-wrapper\">[vc_row css_animation=&#8221;none&#8221; ult_hide_row=&#8221;ult_hide_row_value&#8221; ult_hide_row_tablet_small=&#8221;xs_tablet&#8221; ult_hide_row_mobile=&#8221;mobile&#8221;][vc_column width=&#8221;1\/4&#8243;]<div class=\" ubtn-ctn-center \"><a class=\"ubtn-link ult-adjust-bottom-margin ubtn-center ubtn-block \" href=\"https:\/\/www.enkasystems.com\/tr\/cozumler\/egvn-tedarikci-yonetim-sistemi\/neden-egvn-kullanmalisiniz\/\" title=\"Neden EGVN?\" ><button type=\"button\" id=\"ubtn-8320\"  class=\"ubtn ult-adjust-bottom-margin ult-responsive ubtn-block ubtn-fade-bg  none  ubtn-center   tooltip-69f258265ae1e ubtn-block\"  data-hover=\"#fe5252\" data-border-color=\"#f7f7f7\" data-bg=\"#ffffff\" data-hover-bg=\"\" data-border-hover=\"#e2e2e2\" data-shadow-hover=\"\" data-shadow-click=\"none\" data-shadow=\"\" data-shd-shadow=\"\"  data-ultimate-target='#ubtn-8320'  data-responsive-json-new='{\"font-size\":\"desktop:15px;\",\"line-height\":\"\"}'  style=\"font-weight:normal;border-radius:3px;border-width:10px;border-color:#f7f7f7;border-style:solid;background: #ffffff;color: #1e73be;\"><span class=\"ubtn-hover\" style=\"background-color:\"><\/span><span class=\"ubtn-data ubtn-text \" >Neden EGVN<\/span><\/button><\/a><\/div>[\/vc_column][vc_column width=&#8221;1\/4&#8243;]<div class=\" ubtn-ctn-center \"><a class=\"ubtn-link ult-adjust-bottom-margin ubtn-center ubtn-block \" href=\"https:\/\/www.enkasystems.com\/tr\/cozumler\/egvn-tedarikci-yonetim-sistemi\/egvn-genel-bakis\/\" title=\"EGVN Genel Bak\u0131\u015f\" ><button type=\"button\" id=\"ubtn-6496\"  class=\"ubtn ult-adjust-bottom-margin ult-responsive ubtn-block ubtn-fade-bg  none  ubtn-center   tooltip-69f258265ae9e ubtn-block\"  data-hover=\"#fe5252\" data-border-color=\"#1e73be\" data-bg=\"#ffffff\" data-hover-bg=\"\" data-border-hover=\"#e2e2e2\" data-shadow-hover=\"\" data-shadow-click=\"none\" data-shadow=\"\" data-shd-shadow=\"\"  data-ultimate-target='#ubtn-6496'  data-responsive-json-new='{\"font-size\":\"desktop:15px;\",\"line-height\":\"\"}'  style=\"font-weight:bold;border-radius:3px;border-width:10px;border-color:#1e73be;border-style:solid;background: #ffffff;color: #1e73be;\"><span class=\"ubtn-hover\" style=\"background-color:\"><\/span><span class=\"ubtn-data ubtn-text \" >EGVN Genel Bak\u0131\u015f<\/span><\/button><\/a><\/div>[\/vc_column][vc_column width=&#8221;1\/4&#8243;]<div class=\" ubtn-ctn-center \"><a class=\"ubtn-link ult-adjust-bottom-margin ubtn-center ubtn-block \" href=\"https:\/\/www.enkasystems.com\/tr\/cozumler\/egvn-tedarikci-yonetim-sistemi\/egvn-ozellikler\/\" title=\"EGVN \u00d6zellikler\" ><button type=\"button\" id=\"ubtn-4521\"  class=\"ubtn ult-adjust-bottom-margin ult-responsive ubtn-block ubtn-fade-bg  none  ubtn-center   tooltip-69f258265aee7 ubtn-block\"  data-hover=\"#fe5252\" data-border-color=\"#f7f7f7\" data-bg=\"#ffffff\" data-hover-bg=\"\" data-border-hover=\"#e2e2e2\" data-shadow-hover=\"\" data-shadow-click=\"none\" data-shadow=\"\" data-shd-shadow=\"\"  data-ultimate-target='#ubtn-4521'  data-responsive-json-new='{\"font-size\":\"desktop:15px;\",\"line-height\":\"\"}'  style=\"font-weight:normal;border-radius:3px;border-width:10px;border-color:#f7f7f7;border-style:solid;background: #ffffff;color: #1e73be;\"><span class=\"ubtn-hover\" style=\"background-color:\"><\/span><span class=\"ubtn-data ubtn-text \" >EGVN \u00d6zellikler<\/span><\/button><\/a><\/div>[\/vc_column][vc_column width=&#8221;1\/4&#8243;]<div class=\" ubtn-ctn-center \"><a class=\"ubtn-link ult-adjust-bottom-margin ubtn-center ubtn-block \" href=\"https:\/\/www.enkasystems.com\/tr\/cozumler\/egvn-tedarikci-yonetim-sistemi\/egvn-dokuman\/\" title=\"EGVN Dok\u00fcman\" ><button type=\"button\" id=\"ubtn-2514\"  class=\"ubtn ult-adjust-bottom-margin ult-responsive ubtn-block ubtn-fade-bg  none  ubtn-center   tooltip-69f258265af29 ubtn-block\"  data-hover=\"#fe5252\" data-border-color=\"#f7f7f7\" data-bg=\"#ffffff\" data-hover-bg=\"\" data-border-hover=\"#e2e2e2\" data-shadow-hover=\"\" data-shadow-click=\"none\" data-shadow=\"\" data-shd-shadow=\"\"  data-ultimate-target='#ubtn-2514'  data-responsive-json-new='{\"font-size\":\"desktop:15px;\",\"line-height\":\"\"}'  style=\"font-weight:normal;border-radius:3px;border-width:10px;border-color:#f7f7f7;border-style:solid;background: #ffffff;color: #1e73be;\"><span class=\"ubtn-hover\" style=\"background-color:\"><\/span><span class=\"ubtn-data ubtn-text \" >EGVN Bro\u015f\u00fcr ve Kataloglar<\/span><\/button><\/a><\/div>[\/vc_column][\/vc_row][vc_row css_animation=&#8221;none&#8221;][vc_column][vc_empty_space height=&#8221;45px&#8221;]<div id=\"ultimate-heading-104369f258265af78\" class=\"uvc-heading ult-adjust-bottom-margin ultimate-heading-104369f258265af78 uvc-5355 \" data-hspacer=\"line_only\"  data-halign=\"left\" style=\"text-align:left\"><div class=\"uvc-sub-heading ult-responsive\"  data-ultimate-target='.uvc-heading.ultimate-heading-104369f258265af78 .uvc-sub-heading '  data-responsive-json-new='{\"font-size\":\"desktop:40px;mobile_landscape:30px;mobile:30px;\",\"line-height\":\"\"}'  style=\"font-weight:normal;\"><strong>EGVN (K\u00fcresel Tedarik\u00e7i A\u011f\u0131) &#8211; <span style=\"color: #fe5252;\">Genel Bak\u0131\u015f<\/span><\/strong><\/div><div class=\"uvc-heading-spacer line_only\" style=\"margin-top:10px;margin-bottom:10px;height:3px;\"><span class=\"uvc-headings-line\" style=\"border-style:solid;border-bottom-width:3px;border-color:#fe5252;width:200px;\"><\/span><\/div><\/div>[vc_empty_space height=&#8221;45px&#8221;][\/vc_column][\/vc_row][vc_row css_animation=&#8221;none&#8221;][vc_column width=&#8221;1\/2&#8243;][vc_single_image image=&#8221;2642&#8243; img_size=&#8221;500&#215;250&#8243; alignment=&#8221;center&#8221;][\/vc_column][vc_column width=&#8221;1\/2&#8243;][vc_column_text]\n<p style=\"text-align: justify;\">EGVN (K\u00fcresel Tedarik\u00e7i A\u011f\u0131); \u015firketlerin, t\u00fcm tedarik\u00e7i, y\u00fcklenici ve alty\u00fcklenicileri kapsayan bilgi havuzlar\u0131 olu\u015fturarak, bu bilgilere d\u00fcnyan\u0131n de\u011fi\u015fik noktalar\u0131ndaki kullan\u0131c\u0131lar\u0131n\u0131n ve payda\u015flar\u0131n\u0131n eri\u015fmesini sa\u011flamas\u0131na ve standartlar \u00e7er\u00e7evesinde sa\u011fl\u0131kl\u0131 tedarik\u00e7i de\u011ferlendirmelerini yapmalar\u0131na olanak vermek \u00fczere geli\u015ftirilmi\u015f k\u00fcresel tedarik\u00e7i y\u00f6netimi sistemidir.<\/p>\n[\/vc_column_text][vc_column_text]\n<p style=\"text-align: justify;\">Web temelli bir altyap\u0131ya sahip olan EGVN \u00f6zellikle \u00e7ok b\u00fcy\u00fck \u00f6l\u00e7ekli projelerde veya d\u00fcnya \u00fczerinde ayn\u0131 anda birden farkl\u0131 lokasyonda faaliyet g\u00f6steren \u015firketlere, i\u015f s\u00fcre\u00e7lerinde ili\u015fki kurduklar\u0131 farkl\u0131 co\u011frafyalarda, farkl\u0131 lokasyonlarda, farkl\u0131 sekt\u00f6rlerde faaliyet g\u00f6steren tedarik\u00e7ilerini tek bir sistem \u00fczerinden kusursuzca y\u00f6netme imkan\u0131 sunar.<\/p>\n[\/vc_column_text][\/vc_column][\/vc_row][vc_row css_animation=&#8221;none&#8221;][vc_column width=&#8221;1\/3&#8243;][vc_single_image image=&#8221;2638&#8243; img_size=&#8221;full&#8221;][\/vc_column][vc_column width=&#8221;2\/3&#8243;][vc_custom_heading text=&#8221;K\u00fcresel Tedarik\u00e7i A\u011f\u0131&#8221; font_container=&#8221;tag:h3|text_align:left&#8221; google_fonts=&#8221;font_family:Roboto%20Condensed%3A300%2C300italic%2Cregular%2Citalic%2C700%2C700italic|font_style:400%20regular%3A400%3Anormal&#8221;][vc_column_text]Detayl\u0131 Tedarik\u00e7i Verisi<br \/>\nTedarik\u00e7i Bilgilerini G\u00fcncelleme<br \/>\nTedarik\u00e7ilere Ait Dok\u00fcmanlar\u0131 Takip Etme<br \/>\nTedarik\u00e7i De\u011ferlendirme<br \/>\nRaporlama[\/vc_column_text][\/vc_column][\/vc_row][vc_row css_animation=&#8221;none&#8221;][vc_column]<div id=\"ultimate-heading-727769f258265afb0\" class=\"uvc-heading ult-adjust-bottom-margin ultimate-heading-727769f258265afb0 uvc-6600 \" data-hspacer=\"no_spacer\"  data-halign=\"left\" style=\"text-align:left\"><div class=\"uvc-heading-spacer no_spacer\" style=\"top\"><\/div><div class=\"uvc-sub-heading ult-responsive\"  data-ultimate-target='.uvc-heading.ultimate-heading-727769f258265afb0 .uvc-sub-heading '  data-responsive-json-new='{\"font-size\":\"desktop:40px;mobile_landscape:30px;mobile:30px;\",\"line-height\":\"\"}'  style=\"font-weight:normal;\">Genel \u00d6zellikler<\/div><\/div>[vc_empty_space height=&#8221;45px&#8221;][\/vc_column][\/vc_row][vc_row gap=&#8221;15&#8243; equal_height=&#8221;yes&#8221; css_animation=&#8221;none&#8221;][vc_column width=&#8221;1\/3&#8243; css=&#8221;.vc_custom_1552983994281{border-top-width: 8px !important;border-right-width: 8px !important;border-bottom-width: 8px !important;border-left-width: 8px !important;border-left-color: #a5a5a5 !important;border-left-style: solid !important;border-right-color: #a5a5a5 !important;border-right-style: solid !important;border-top-color: #a5a5a5 !important;border-top-style: solid !important;border-bottom-color: #a5a5a5 !important;border-bottom-style: solid !important;}&#8221;]<div class=\"aio-icon-component    style_1\"><div id=\"Info-box-wrap-2370\" class=\"aio-icon-box top-icon\" style=\"\"  ><div class=\"aio-icon-top\"><div class=\"ult-just-icon-wrapper  \"><div class=\"align-icon\" style=\"text-align:center;\">\n<div class=\"aio-icon-img \" style=\"font-size:100px;display:inline-block;\" >\n\t<img decoding=\"async\" class=\"img-icon\" alt=\"null\" src=\"https:\/\/www.enkasystems.com\/wp-content\/uploads\/2019\/03\/detailed_vendor_data-1.png\"\/>\n<\/div><\/div><\/div><\/div><div class=\"aio-icon-header\" ><h3 class=\"aio-icon-title ult-responsive\"  data-ultimate-target='#Info-box-wrap-2370 .aio-icon-title'  data-responsive-json-new='{\"font-size\":\"desktop:30px;\",\"line-height\":\"\"}'  style=\"font-weight:bold;color:#012169;\">Detayl\u0131 Tedarik\u00e7i Verisi<\/h3><\/div> <!-- header --><div class=\"aio-icon-description ult-responsive\"  data-ultimate-target='#Info-box-wrap-2370 .aio-icon-description'  data-responsive-json-new='{\"font-size\":\"\",\"line-height\":\"\"}'  style=\"color:#000000;\">\n<p style=\"text-align: center;\">EGVN, \u00fcr\u00fcn veya hizmet sa\u011flay\u0131c\u0131lar\u0131n t\u00fcm verilerini detayl\u0131 olarak kay\u0131t alt\u0131na al\u0131r ve takibini sa\u011flar.<\/p>\n<\/div> <!-- description --><\/div> <!-- aio-icon-box --><\/div> <!-- aio-icon-component -->[\/vc_column][vc_column width=&#8221;1\/3&#8243; css=&#8221;.vc_custom_1552984022145{border-top-width: 8px !important;border-right-width: 8px !important;border-bottom-width: 8px !important;border-left-width: 8px !important;border-left-color: #e5e5e5 !important;border-left-style: solid !important;border-right-color: #e5e5e5 !important;border-right-style: solid !important;border-top-color: #e5e5e5 !important;border-top-style: solid !important;border-bottom-color: #e5e5e5 !important;border-bottom-style: solid !important;}&#8221;]<div class=\"aio-icon-component    style_1\"><div id=\"Info-box-wrap-8829\" class=\"aio-icon-box top-icon\" style=\"\"  ><div class=\"aio-icon-top\"><div class=\"ult-just-icon-wrapper  \"><div class=\"align-icon\" style=\"text-align:center;\">\n<div class=\"aio-icon-img \" style=\"font-size:100px;display:inline-block;\" >\n\t<img decoding=\"async\" class=\"img-icon\" alt=\"null\" src=\"https:\/\/www.enkasystems.com\/wp-content\/uploads\/2019\/03\/updating_vendor_information.png\"\/>\n<\/div><\/div><\/div><\/div><div class=\"aio-icon-header\" ><h3 class=\"aio-icon-title ult-responsive\"  data-ultimate-target='#Info-box-wrap-8829 .aio-icon-title'  data-responsive-json-new='{\"font-size\":\"desktop:30px;\",\"line-height\":\"\"}'  style=\"font-weight:bold;color:#012169;\">Tedarik\u00e7i Bilgilerini G\u00fcncelleme<\/h3><\/div> <!-- header --><div class=\"aio-icon-description ult-responsive\"  data-ultimate-target='#Info-box-wrap-8829 .aio-icon-description'  data-responsive-json-new='{\"font-size\":\"\",\"line-height\":\"\"}'  style=\"color:#000000;\">\n<p style=\"text-align: center;\">EGVN kullan\u0131c\u0131s\u0131na onay ve bilgi ama\u00e7l\u0131 bildirimler ile iletir.<\/p>\n<\/div> <!-- description --><\/div> <!-- aio-icon-box --><\/div> <!-- aio-icon-component -->[\/vc_column][vc_column width=&#8221;1\/3&#8243; css=&#8221;.vc_custom_1552984045358{border-top-width: 8px !important;border-right-width: 8px !important;border-bottom-width: 8px !important;border-left-width: 8px !important;border-left-color: #e5e5e5 !important;border-left-style: solid !important;border-right-color: #e5e5e5 !important;border-right-style: solid !important;border-top-color: #e5e5e5 !important;border-top-style: solid !important;border-bottom-color: #e5e5e5 !important;border-bottom-style: solid !important;}&#8221;]<div class=\"aio-icon-component    style_1\"><div id=\"Info-box-wrap-9215\" class=\"aio-icon-box top-icon\" style=\"\"  ><div class=\"aio-icon-top\"><div class=\"ult-just-icon-wrapper  \"><div class=\"align-icon\" style=\"text-align:center;\">\n<div class=\"aio-icon-img \" style=\"font-size:100px;display:inline-block;\" >\n\t<img decoding=\"async\" class=\"img-icon\" alt=\"null\" src=\"https:\/\/www.enkasystems.com\/wp-content\/uploads\/2019\/03\/following-up_documents_for_vendors-1.png\"\/>\n<\/div><\/div><\/div><\/div><div class=\"aio-icon-header\" ><h3 class=\"aio-icon-title ult-responsive\"  data-ultimate-target='#Info-box-wrap-9215 .aio-icon-title'  data-responsive-json-new='{\"font-size\":\"desktop:30px;\",\"line-height\":\"\"}'  style=\"font-weight:bold;color:#012169;\">Tedarik\u00e7ilere Ait Dok\u00fcmanlar\u0131 Takip Etme<\/h3><\/div> <!-- header --><div class=\"aio-icon-description ult-responsive\"  data-ultimate-target='#Info-box-wrap-9215 .aio-icon-description'  data-responsive-json-new='{\"font-size\":\"\",\"line-height\":\"\"}'  style=\"color:#000000;\">\n<p style=\"text-align: center;\">EGVN, \u00fcr\u00fcn veya hizmet sa\u011flay\u0131c\u0131s\u0131na ait t\u00fcm dok\u00fcmanlar\u0131n tedarik\u00e7i kart\u0131 \u00fczerinde farkl\u0131 kategoriler alt\u0131nda kaydedilmesini ve izlenmesini sa\u011flar.<\/p>\n<\/div> <!-- description --><\/div> <!-- aio-icon-box --><\/div> <!-- aio-icon-component -->[\/vc_column][\/vc_row][vc_row gap=&#8221;15&#8243; equal_height=&#8221;yes&#8221; css_animation=&#8221;none&#8221;][vc_column width=&#8221;1\/2&#8243; css=&#8221;.vc_custom_1552983994281{border-top-width: 8px !important;border-right-width: 8px !important;border-bottom-width: 8px !important;border-left-width: 8px !important;border-left-color: #e5e5e5 !important;border-left-style: solid !important;border-right-color: #e5e5e5 !important;border-right-style: solid !important;border-top-color: #e5e5e5 !important;border-top-style: solid !important;border-bottom-color: #e5e5e5 !important;border-bottom-style: solid !important;}&#8221;]<div class=\"aio-icon-component    style_1\"><div id=\"Info-box-wrap-8133\" class=\"aio-icon-box top-icon\" style=\"\"  ><div class=\"aio-icon-top\"><div class=\"ult-just-icon-wrapper  \"><div class=\"align-icon\" style=\"text-align:center;\">\n<div class=\"aio-icon-img \" style=\"font-size:100px;display:inline-block;\" >\n\t<img decoding=\"async\" class=\"img-icon\" alt=\"null\" src=\"https:\/\/www.enkasystems.com\/wp-content\/uploads\/2019\/03\/evaluating_vendors-1.png\"\/>\n<\/div><\/div><\/div><\/div><div class=\"aio-icon-header\" ><h3 class=\"aio-icon-title ult-responsive\"  data-ultimate-target='#Info-box-wrap-8133 .aio-icon-title'  data-responsive-json-new='{\"font-size\":\"desktop:30px;\",\"line-height\":\"\"}'  style=\"font-weight:bold;color:#012169;\">Tedarik\u00e7i De\u011ferlendirme<\/h3><\/div> <!-- header --><div class=\"aio-icon-description ult-responsive\"  data-ultimate-target='#Info-box-wrap-8133 .aio-icon-description'  data-responsive-json-new='{\"font-size\":\"\",\"line-height\":\"\"}'  style=\"color:#000000;\">\n<p style=\"text-align: center;\">EGVN, tedarik\u00e7inin s\u00fcre\u00e7 devam ederken ya da s\u00fcre\u00e7 bittikten sonra puanlanarak sistem \u00fczerinden de\u011ferlendirilmesini ve de\u011ferlendirmelerin raporlanmas\u0131n\u0131 sa\u011flar.<\/p>\n<\/div> <!-- description --><\/div> <!-- aio-icon-box --><\/div> <!-- aio-icon-component -->[\/vc_column][vc_column width=&#8221;1\/2&#8243; css=&#8221;.vc_custom_1552984022145{border-top-width: 8px !important;border-right-width: 8px !important;border-bottom-width: 8px !important;border-left-width: 8px !important;border-left-color: #e5e5e5 !important;border-left-style: solid !important;border-right-color: #e5e5e5 !important;border-right-style: solid !important;border-top-color: #e5e5e5 !important;border-top-style: solid !important;border-bottom-color: #e5e5e5 !important;border-bottom-style: solid !important;}&#8221;]<div class=\"aio-icon-component    style_1\"><div id=\"Info-box-wrap-8714\" class=\"aio-icon-box top-icon\" style=\"\"  ><div class=\"aio-icon-top\"><div class=\"ult-just-icon-wrapper  \"><div class=\"align-icon\" style=\"text-align:center;\">\n<div class=\"aio-icon-img \" style=\"font-size:100px;display:inline-block;\" >\n\t<img decoding=\"async\" class=\"img-icon\" alt=\"null\" src=\"https:\/\/www.enkasystems.com\/wp-content\/uploads\/2019\/03\/reporting-5.png\"\/>\n<\/div><\/div><\/div><\/div><div class=\"aio-icon-header\" ><h3 class=\"aio-icon-title ult-responsive\"  data-ultimate-target='#Info-box-wrap-8714 .aio-icon-title'  data-responsive-json-new='{\"font-size\":\"desktop:30px;\",\"line-height\":\"\"}'  style=\"font-weight:bold;color:#012169;\">Raporlama<\/h3><\/div> <!-- header --><div class=\"aio-icon-description ult-responsive\"  data-ultimate-target='#Info-box-wrap-8714 .aio-icon-description'  data-responsive-json-new='{\"font-size\":\"\",\"line-height\":\"\"}'  style=\"color:#000000;\">\n<p style=\"text-align: center;\">EGVN, Kay\u0131t alt\u0131na ald\u0131\u011f\u0131 t\u00fcm bilgiler i\u00e7in detayl\u0131 raporlar sunar. Tedarik\u00e7i bilgi havuzunun tek bir sistemde izlenebilmesini ve istendi\u011finde anl\u0131k olarak bu bilgilere eri\u015filebilmesini sa\u011flar.<\/p>\n<\/div> <!-- description --><\/div> <!-- aio-icon-box --><\/div> <!-- aio-icon-component -->[\/vc_column][\/vc_row]\n<\/div>","protected":false},"excerpt":{"rendered":"<p>[vc_row css_animation=&#8221;none&#8221; ult_hide_row=&#8221;ult_hide_row_value&#8221; ult_hide_row_tablet_small=&#8221;xs_tablet&#8221; ult_hide_row_mobile=&#8221;mobile&#8221;][vc_column width=&#8221;1\/4&#8243;][\/vc_column][vc_column width=&#8221;1\/4&#8243;][\/vc_column][vc_column width=&#8221;1\/4&#8243;][\/vc_column][vc_column width=&#8221;1\/4&#8243;][\/vc_column][\/vc_row][vc_row css_animation=&#8221;none&#8221;][vc_column][vc_empty_space height=&#8221;45px&#8221;][vc_empty_space height=&#8221;45px&#8221;][\/vc_column][\/vc_row][vc_row css_animation=&#8221;none&#8221;][vc_column width=&#8221;1\/2&#8243;][vc_single_image image=&#8221;2642&#8243; img_size=&#8221;500&#215;250&#8243; alignment=&#8221;center&#8221;][\/vc_column][vc_column width=&#8221;1\/2&#8243;][vc_column_text] EGVN (K\u00fcresel Tedarik\u00e7i A\u011f\u0131); \u015firketlerin, t\u00fcm tedarik\u00e7i, y\u00fcklenici ve alty\u00fcklenicileri kapsayan bilgi havuzlar\u0131 olu\u015fturarak, bu bilgilere d\u00fcnyan\u0131n de\u011fi\u015fik noktalar\u0131ndaki kullan\u0131c\u0131lar\u0131n\u0131n ve payda\u015flar\u0131n\u0131n eri\u015fmesini sa\u011flamas\u0131na ve standartlar \u00e7er\u00e7evesinde sa\u011fl\u0131kl\u0131 tedarik\u00e7i de\u011ferlendirmelerini yapmalar\u0131na olanak vermek \u00fczere geli\u015ftirilmi\u015f k\u00fcresel tedarik\u00e7i <a class=\"more-link\" href=\"https:\/\/www.enkasystems.com\/tr\/cozumler\/egvn-tedarikci-yonetim-sistemi\/egvn-genel-bakis\/\">Continue reading <i class=\"fa fa-chevron-right\"><\/i><\/a><\/p>\n","protected":false},"author":3,"featured_media":3991,"parent":3989,"menu_order":0,"comment_status":"closed","ping_status":"closed","template":"","meta":{"_acf_changed":false,"om_disable_all_campaigns":false,"_monsterinsights_skip_tracking":false,"_monsterinsights_sitenote_active":false,"_monsterinsights_sitenote_note":"","_monsterinsights_sitenote_category":0,"footnotes":""},"categories":[516],"tags":[376],"class_list":["post-4006","page","type-page","status-publish","has-post-thumbnail","hentry","category-egvn-kuresel-tedarikci-agi","tag-egvn-genel-bakis"],"aioseo_notices":[],"acf":[],"_links":{"self":[{"href":"https:\/\/www.enkasystems.com\/tr\/wp-json\/wp\/v2\/pages\/4006","targetHints":{"allow":["GET"]}}],"collection":[{"href":"https:\/\/www.enkasystems.com\/tr\/wp-json\/wp\/v2\/pages"}],"about":[{"href":"https:\/\/www.enkasystems.com\/tr\/wp-json\/wp\/v2\/types\/page"}],"author":[{"embeddable":true,"href":"https:\/\/www.enkasystems.com\/tr\/wp-json\/wp\/v2\/users\/3"}],"replies":[{"embeddable":true,"href":"https:\/\/www.enkasystems.com\/tr\/wp-json\/wp\/v2\/comments?post=4006"}],"version-history":[{"count":0,"href":"https:\/\/www.enkasystems.com\/tr\/wp-json\/wp\/v2\/pages\/4006\/revisions"}],"up":[{"embeddable":true,"href":"https:\/\/www.enkasystems.com\/tr\/wp-json\/wp\/v2\/pages\/3989"}],"wp:featuredmedia":[{"embeddable":true,"href":"https:\/\/www.enkasystems.com\/tr\/wp-json\/wp\/v2\/media\/3991"}],"wp:attachment":[{"href":"https:\/\/www.enkasystems.com\/tr\/wp-json\/wp\/v2\/media?parent=4006"}],"wp:term":[{"taxonomy":"category","embeddable":true,"href":"https:\/\/www.enkasystems.com\/tr\/wp-json\/wp\/v2\/categories?post=4006"},{"taxonomy":"post_tag","embeddable":true,"href":"https:\/\/www.enkasystems.com\/tr\/wp-json\/wp\/v2\/tags?post=4006"}],"curies":[{"name":"wp","href":"https:\/\/api.w.org\/{rel}","templated":true}]}}