{"id":3920,"date":"2019-03-01T12:37:06","date_gmt":"2019-03-01T09:37:06","guid":{"rendered":"http:\/\/212.175.79.198\/~enkasystems\/solutions\/egfs-finance-management\/egfs-features\/"},"modified":"2022-06-10T15:11:49","modified_gmt":"2022-06-10T12:11:49","slug":"egfs-ozellikler","status":"publish","type":"page","link":"https:\/\/www.enkasystems.com\/tr\/cozumler\/egfs-finans-yonetim-sistemi\/egfs-ozellikler\/","title":{"rendered":"EGFS \u00d6zellikler"},"content":{"rendered":"<div class=\"wpb-content-wrapper\">[vc_row css_animation=&#8221;none&#8221; ult_hide_row=&#8221;ult_hide_row_value&#8221; ult_hide_row_tablet_small=&#8221;xs_tablet&#8221; ult_hide_row_mobile=&#8221;mobile&#8221;][vc_column width=&#8221;1\/4&#8243;]<div class=\" ubtn-ctn-center \"><a class=\"ubtn-link ult-adjust-bottom-margin ubtn-center ubtn-block \" href=\"https:\/\/www.enkasystems.com\/tr\/cozumler\/egfs-finans-yonetim-sistemi\/neden-egfs-kullanmalisiniz\/\" title=\"Neden EGFS\" ><button type=\"button\" id=\"ubtn-2606\"  class=\"ubtn ult-adjust-bottom-margin ult-responsive ubtn-block ubtn-fade-bg  none  ubtn-center   tooltip-69e8b26c72f8c ubtn-block\"  data-hover=\"#fe5252\" data-border-color=\"#f7f7f7\" data-bg=\"#ffffff\" data-hover-bg=\"\" data-border-hover=\"#e2e2e2\" data-shadow-hover=\"\" data-shadow-click=\"none\" data-shadow=\"\" data-shd-shadow=\"\"  data-ultimate-target='#ubtn-2606'  data-responsive-json-new='{\"font-size\":\"desktop:15px;\",\"line-height\":\"\"}'  style=\"font-weight:normal;border-radius:3px;border-width:10px;border-color:#f7f7f7;border-style:solid;background: #ffffff;color: #1e73be;\"><span class=\"ubtn-hover\" style=\"background-color:\"><\/span><span class=\"ubtn-data ubtn-text \" >Neden EGFS<\/span><\/button><\/a><\/div>[\/vc_column][vc_column width=&#8221;1\/4&#8243;]<div class=\" ubtn-ctn-center \"><a class=\"ubtn-link ult-adjust-bottom-margin ubtn-center ubtn-block \" href=\"https:\/\/www.enkasystems.com\/tr\/cozumler\/egfs-finans-yonetim-sistemi\/egfs-genel-bakis\/\" title=\"EGFS Genel Bak\u0131\u015f\" ><button type=\"button\" id=\"ubtn-8793\"  class=\"ubtn ult-adjust-bottom-margin ult-responsive ubtn-block ubtn-fade-bg  none  ubtn-center   tooltip-69e8b26c73076 ubtn-block\"  data-hover=\"#fe5252\" data-border-color=\"#f7f7f7\" data-bg=\"#ffffff\" data-hover-bg=\"\" data-border-hover=\"#e2e2e2\" data-shadow-hover=\"\" data-shadow-click=\"none\" data-shadow=\"\" data-shd-shadow=\"\"  data-ultimate-target='#ubtn-8793'  data-responsive-json-new='{\"font-size\":\"desktop:15px;\",\"line-height\":\"\"}'  style=\"font-weight:normal;border-radius:3px;border-width:10px;border-color:#f7f7f7;border-style:solid;background: #ffffff;color: #1e73be;\"><span class=\"ubtn-hover\" style=\"background-color:\"><\/span><span class=\"ubtn-data ubtn-text \" >EGFS Genel Bak\u0131\u015f<\/span><\/button><\/a><\/div>[\/vc_column][vc_column width=&#8221;1\/4&#8243;]<div class=\" ubtn-ctn-center \"><a class=\"ubtn-link ult-adjust-bottom-margin ubtn-center ubtn-block \" href=\"https:\/\/www.enkasystems.com\/tr\/cozumler\/egfs-finans-yonetim-sistemi\/egfs-ozellikler\/\" title=\"EGFS \u00d6zellikler\" ><button type=\"button\" id=\"ubtn-5246\"  class=\"ubtn ult-adjust-bottom-margin ult-responsive ubtn-block ubtn-fade-bg  none  ubtn-center   tooltip-69e8b26c7310e ubtn-block\"  data-hover=\"#fe5252\" data-border-color=\"#1e73be\" data-bg=\"#ffffff\" data-hover-bg=\"\" data-border-hover=\"#e2e2e2\" data-shadow-hover=\"\" data-shadow-click=\"none\" data-shadow=\"\" data-shd-shadow=\"\"  data-ultimate-target='#ubtn-5246'  data-responsive-json-new='{\"font-size\":\"desktop:15px;\",\"line-height\":\"\"}'  style=\"font-weight:bold;border-radius:3px;border-width:10px;border-color:#1e73be;border-style:solid;background: #ffffff;color: #1e73be;\"><span class=\"ubtn-hover\" style=\"background-color:\"><\/span><span class=\"ubtn-data ubtn-text \" >EGFS \u00d6zellikler<\/span><\/button><\/a><\/div>[\/vc_column][vc_column width=&#8221;1\/4&#8243;]<div class=\" ubtn-ctn-center \"><a class=\"ubtn-link ult-adjust-bottom-margin ubtn-center ubtn-block \" href=\"https:\/\/www.enkasystems.com\/tr\/cozumler\/egfs-finans-yonetim-sistemi\/egfs-dokuman\/\" title=\"EGFS Dok\u00fcman\" ><button type=\"button\" id=\"ubtn-1441\"  class=\"ubtn ult-adjust-bottom-margin ult-responsive ubtn-block ubtn-fade-bg  none  ubtn-center   tooltip-69e8b26c73193 ubtn-block\"  data-hover=\"#fe5252\" data-border-color=\"#f7f7f7\" data-bg=\"#ffffff\" data-hover-bg=\"\" data-border-hover=\"#e2e2e2\" data-shadow-hover=\"\" data-shadow-click=\"none\" data-shadow=\"\" data-shd-shadow=\"\"  data-ultimate-target='#ubtn-1441'  data-responsive-json-new='{\"font-size\":\"desktop:15px;\",\"line-height\":\"\"}'  style=\"font-weight:normal;border-radius:3px;border-width:10px;border-color:#f7f7f7;border-style:solid;background: #ffffff;color: #1e73be;\"><span class=\"ubtn-hover\" style=\"background-color:\"><\/span><span class=\"ubtn-data ubtn-text \" >EGFS Bro\u015f\u00fcr ve Kataloglar<\/span><\/button><\/a><\/div>[\/vc_column][\/vc_row][vc_row css_animation=&#8221;none&#8221;][vc_column][vc_empty_space height=&#8221;45px&#8221;]<div id=\"ultimate-heading-542769e8b26c7322e\" class=\"uvc-heading ult-adjust-bottom-margin ultimate-heading-542769e8b26c7322e uvc-5662 \" data-hspacer=\"line_only\"  data-halign=\"left\" style=\"text-align:left\"><div class=\"uvc-sub-heading ult-responsive\"  data-ultimate-target='.uvc-heading.ultimate-heading-542769e8b26c7322e .uvc-sub-heading '  data-responsive-json-new='{\"font-size\":\"desktop:40px;mobile_landscape:30px;mobile:30px;\",\"line-height\":\"\"}'  style=\"font-weight:normal;\">EGFS <span style=\"color: #fe5252;\">\u00d6zellikler<\/span><\/div><div class=\"uvc-heading-spacer line_only\" style=\"margin-top:10px;margin-bottom:10px;height:3px;\"><span class=\"uvc-headings-line\" style=\"border-style:solid;border-bottom-width:3px;border-color:#fe5252;width:200px;\"><\/span><\/div><\/div>[vc_empty_space height=&#8221;45px&#8221;][\/vc_column][\/vc_row][vc_row css_animation=&#8221;none&#8221;][vc_column width=&#8221;1\/2&#8243;][vc_column_text]\n<p style=\"text-align: justify;\">Web tabanl\u0131 bir uygulama olan EGFS, y\u00fczlerce kullan\u0131c\u0131n\u0131n d\u00fcnyan\u0131n neresinde olurlarsa olsun muhasebe, finans ve maliyet kontrol kay\u0131tlar\u0131na g\u00fcvenli bir \u015fekilde ve sistem y\u00f6neticisi taraf\u0131ndan verilen yetkilerine uygun olarak eri\u015fmesini sa\u011flar.<\/p>\n<p style=\"text-align: justify;\">EGFS uygulamas\u0131na diz\u00fcst\u00fc bilgisayar\u0131n\u0131z ile oldu\u011fu kadar tablet bilgisayar\u0131n\u0131zla ve ak\u0131ll\u0131 telefonunuzla da ula\u015f\u0131p ekranlar\u0131 g\u00f6rebilir, onaylar\u0131n\u0131z\u0131 verebilirsiniz.<\/p>\n[\/vc_column_text][\/vc_column][vc_column width=&#8221;1\/2&#8243;][vc_single_image image=&#8221;2539&#8243; img_size=&#8221;600&#215;300&#8243;][\/vc_column][\/vc_row][vc_row][vc_column][vc_empty_space height=&#8221;20px&#8221;][\/vc_column][\/vc_row][vc_row css_animation=&#8221;none&#8221;][vc_column width=&#8221;2\/3&#8243;][vc_custom_heading text=&#8221;\u00d6n Muhasebe ve Onaylama \u0130\u015flemleri&#8221; font_container=&#8221;tag:h3|text_align:left&#8221; google_fonts=&#8221;font_family:Roboto%20Condensed%3A300%2C300italic%2Cregular%2Citalic%2C700%2C700italic|font_style:400%20regular%3A400%3Anormal&#8221;][vc_column_text]EGFS, faturalar, kasa ve banka i\u015flemleri, personel masraf beyanlar\u0131, bordrolar, tahakkuk kay\u0131tlar\u0131 gibi t\u00fcm finansal i\u015flemleri ayr\u0131 ayr\u0131 veri giri\u015fi ekranlar\u0131 ile kaydeder. Bu sayede \u00e7ok az muhasebe bilgisine sahip kullan\u0131c\u0131lar\u0131n bile \u00f6n muhasebe i\u015flemlerini yapabilmelerine olanak tan\u0131r. T\u00fcm i\u015flemler i\u00e7in \u015firket ve proje organizasyonuna g\u00f6re \u00f6zelle\u015ftirilebilen onay ak\u0131\u015f\u0131 tan\u0131mlanabilir. EGFS kolay ve h\u0131zl\u0131ca veri giri\u015fine olanak sa\u011flar. \u0130\u015flem t\u00fcr\u00fcne, tutar\u0131na, \u015firket ve proje organizasyonuna g\u00f6re d\u00fczenlenebilen esnek onay ak\u0131\u015f\u0131 bulunur.Elektronik posta ile onaylama bildirimleri ilgililere aktar\u0131l\u0131r ve bilgisayar\u0131n yan\u0131s\u0131ra\u00a0 tablet, ak\u0131ll\u0131 cep telefonlar\u0131 ile uyumlu \u00e7evrim i\u00e7i (online) onay mekanizmas\u0131 \u00e7al\u0131\u015f\u0131r.[\/vc_column_text][\/vc_column][vc_column width=&#8221;1\/3&#8243;][vc_single_image image=&#8221;2541&#8243; img_size=&#8221;full&#8221; alignment=&#8221;center&#8221; css_animation=&#8221;fadeIn&#8221;][vc_empty_space height=&#8221;45px&#8221;][\/vc_column][\/vc_row][vc_row][vc_column][vc_empty_space height=&#8221;20px&#8221;][\/vc_column][\/vc_row][vc_row css_animation=&#8221;none&#8221;][vc_column width=&#8221;1\/4&#8243;][vc_single_image image=&#8221;2548&#8243; img_size=&#8221;full&#8221; alignment=&#8221;center&#8221; css_animation=&#8221;fadeIn&#8221;][\/vc_column][vc_column width=&#8221;3\/4&#8243;][vc_custom_heading text=&#8221;\u00c7ok Para Birimlilik (Multicurrency)&#8221; font_container=&#8221;tag:h3|text_align:left&#8221; google_fonts=&#8221;font_family:Roboto%20Condensed%3A300%2C300italic%2Cregular%2Citalic%2C700%2C700italic|font_style:400%20regular%3A400%3Anormal&#8221;][vc_column_text]EGFS, t\u00fcm finansal i\u015flemlere ait tutarlar\u0131 ayn\u0131 anda hem orijinal para birimleri ile hem de iki ayr\u0131 defter para birimi cinsinden kay\u0131t alt\u0131na alan ve b\u00f6ylelikle ger\u00e7ek anlamda \u00e7ift defter i\u015flemlerini destekleyen bir finans sistemidir. \u0130ki ayr\u0131 defter para birimi i\u00e7in d\u00f6nemsel otomatik kur fark\u0131n\u0131 hesaplar ve farkl\u0131 \u00fclkelerin merkez bankalar\u0131na ait kur setlerini ayr\u0131 ayr\u0131 tutar. EGFS kur setlerini kullanarak t\u00fcm raporlar\u0131 istenen para birimi cinsinden \u00fcretme kabiliyetine sahiptir.[\/vc_column_text][\/vc_column][\/vc_row][vc_row][vc_column][vc_empty_space height=&#8221;20px&#8221;][\/vc_column][\/vc_row][vc_row css_animation=&#8221;fadeIn&#8221;][vc_column width=&#8221;2\/3&#8243;][vc_custom_heading text=&#8221;B\u00fct\u00e7e ve Maliyet Kontrol&#8221; font_container=&#8221;tag:h3|text_align:left&#8221; google_fonts=&#8221;font_family:Roboto%20Condensed%3A300%2C300italic%2Cregular%2Citalic%2C700%2C700italic|font_style:400%20regular%3A400%3Anormal&#8221;][vc_column_text]EGFS, proje maliyetlerinizin ve b\u00fct\u00e7elerinizin takibi i\u00e7in bir\u00e7ok ara\u00e7 i\u00e7erir. T\u00fcm i\u015flemlerin hiyerar\u015fik yap\u0131land\u0131r\u0131lm\u0131\u015f maliyet kodlar\u0131 ile girilmesi sayesinde, bu i\u015flemlerin yine maliyet kodlar\u0131 baz\u0131nda sisteme girilen b\u00fct\u00e7elerle ba\u011flant\u0131land\u0131r\u0131lmas\u0131 sa\u011flan\u0131r. EGPS entegrasyonu ile faturalar sat\u0131nalma emirleri ile ili\u015fkilendirilebilir. Sonu\u00e7ta, projeler ve maliyet kodlar\u0131 baz\u0131nda b\u00fct\u00e7e, y\u00fcklenilen, ger\u00e7ekle\u015fen, \u00f6denen tutarlar do\u011fru bir \u015fekilde raporlan\u0131r.[\/vc_column_text][\/vc_column][vc_column width=&#8221;1\/3&#8243;][vc_single_image image=&#8221;2542&#8243; img_size=&#8221;full&#8221; alignment=&#8221;center&#8221; css_animation=&#8221;fadeIn&#8221;][\/vc_column][\/vc_row][vc_row][vc_column][vc_empty_space height=&#8221;20px&#8221;][\/vc_column][\/vc_row][vc_row css_animation=&#8221;none&#8221;][vc_column width=&#8221;1\/4&#8243;][vc_single_image image=&#8221;2549&#8243; img_size=&#8221;full&#8221; alignment=&#8221;center&#8221; css_animation=&#8221;fadeIn&#8221;][\/vc_column][vc_column width=&#8221;3\/4&#8243;][vc_custom_heading text=&#8221;\u015eirketler ve Projeler Aras\u0131 \u0130\u015flemler&#8221; font_container=&#8221;tag:h3|text_align:left&#8221; google_fonts=&#8221;font_family:Roboto%20Condensed%3A300%2C300italic%2Cregular%2Citalic%2C700%2C700italic|font_style:400%20regular%3A400%3Anormal&#8221;][vc_column_text]EGFS, farkl\u0131 \u015firketleriniz ve projeleriniz aras\u0131ndaki i\u00e7 fatura ve dekont al\u0131\u015f veri\u015fini tutarl\u0131 ve uyumlu olarak y\u00f6netilmesini sa\u011flar. \u015eirketlerin birbirine kesti\u011fi dekont ve faturalar \u015firket kay\u0131tlar\u0131na simetrik olarak yans\u0131r. \u015eirketler aras\u0131 dekont ve fatura g\u00f6nderimi kusursuz bir \u015fekilde ger\u00e7ekle\u015fir. D\u00f6nemsel amortisman hesaplamalar\u0131n\u0131n yap\u0131lmas\u0131nda kolayl\u0131k sa\u011flar. EGFS sabit k\u0131ymet bilgilerinin ve i\u015flemlerinin sabit k\u0131ymet kartlar\u0131ndan takibine olanak sa\u011flar. Sat\u0131\u015f i\u015flemlerinde otomatik maliyet ve kar\/zarar hesaplamas\u0131n\u0131 m\u00fcmk\u00fcn k\u0131lar.[\/vc_column_text][\/vc_column][\/vc_row][vc_row][vc_column][vc_empty_space height=&#8221;20px&#8221;][\/vc_column][\/vc_row][vc_row css_animation=&#8221;none&#8221;][vc_column width=&#8221;2\/3&#8243;][vc_custom_heading text=&#8221;Nakit Ak\u0131\u015f\u0131 Y\u00f6netimi&#8221; font_container=&#8221;tag:h3|text_align:left&#8221; google_fonts=&#8221;font_family:Roboto%20Condensed%3A300%2C300italic%2Cregular%2Citalic%2C700%2C700italic|font_style:400%20regular%3A400%3Anormal&#8221;][vc_column_text]EGFS, t\u00fcm bor\u00e7lu ve alacakl\u0131 hesap i\u015flemlerinin \u00f6deme ve tahsilat planlar\u0131 ile girilmesini, kasa ve banka i\u015flemlerinin de \u00f6deme ve tahsilat planlar\u0131 ile ili\u015fkilendirilmesini sa\u011flar. Bu sayede nakit ak\u0131\u015f\u0131n\u0131n y\u00f6netilmesine olanak verir.Sat\u0131c\u0131 faturalar\u0131 i\u00e7in \u00f6deme planlar\u0131 haz\u0131rlama, m\u00fc\u015fteri faturalar\u0131 i\u00e7in tahsilat planlar\u0131 haz\u0131rlama EGFS ile \u00e7ok daha kolayd\u0131r. Dekont ve tahakkuk i\u015flemlerinde \u00f6deme ve tahsilat planlar\u0131 yapmaya olanak sa\u011flar. Nakit i\u015flemlerin faturalar ve di\u011fer tahakkuk evraklar\u0131 baz\u0131nda takibini ve nakit bazl\u0131 maliyet kontrol raporlar\u0131 almay\u0131 m\u00fcmk\u00fcn k\u0131lar. Kasa ve banka i\u015flemlerinin \u00f6deme ve tahsilat planlar\u0131n\u0131 kapat\u0131lmas\u0131n\u0131 sa\u011flar.[\/vc_column_text][\/vc_column][vc_column width=&#8221;1\/3&#8243;][vc_single_image image=&#8221;2537&#8243; img_size=&#8221;full&#8221; alignment=&#8221;center&#8221; css_animation=&#8221;fadeIn&#8221;][\/vc_column][\/vc_row][vc_row][vc_column][vc_empty_space height=&#8221;20px&#8221;][\/vc_column][\/vc_row][vc_row css_animation=&#8221;none&#8221;][vc_column width=&#8221;1\/4&#8243;][vc_single_image image=&#8221;2547&#8243; img_size=&#8221;full&#8221; alignment=&#8221;center&#8221; css_animation=&#8221;fadeIn&#8221;][\/vc_column][vc_column width=&#8221;3\/4&#8243;][vc_custom_heading text=&#8221;E-Fatura ve E-Defter Entegrasyonu&#8221; font_container=&#8221;tag:h3|text_align:left&#8221; google_fonts=&#8221;font_family:Roboto%20Condensed%3A300%2C300italic%2Cregular%2Citalic%2C700%2C700italic|font_style:400%20regular%3A400%3Anormal&#8221;][vc_column_text]EGFS, E-Fatura ve E-Defter entegrasyonu i\u00e7erir. E-fatura servis sa\u011flay\u0131c\u0131s\u0131nda gelen sat\u0131c\u0131 faturalar\u0131 EGFS\u2019e otomatik olarak aktar\u0131labildi\u011fi gibi, E-Fatura kullan\u0131c\u0131s\u0131 m\u00fc\u015fterilerine kesilen faturalar da otomatik olarak E-Fatura servis sa\u011flay\u0131c\u0131s\u0131na aktar\u0131l\u0131r b\u00f6ylelikle e-faturalar otomatik olarak sisteme i\u015flenip muhasebele\u015ftirilir. Resmi defterler de e-defter format\u0131nda haz\u0131rlanarak e-defter entegrat\u00f6r\u00fcne g\u00f6nderilir.[\/vc_column_text][\/vc_column][\/vc_row][vc_row][vc_column][vc_empty_space height=&#8221;20px&#8221;][\/vc_column][\/vc_row][vc_row css_animation=&#8221;none&#8221;][vc_column width=&#8221;2\/3&#8243;][vc_custom_heading text=&#8221;Sabit K\u0131ymetler&#8221; font_container=&#8221;tag:h3|text_align:left&#8221; google_fonts=&#8221;font_family:Roboto%20Condensed%3A300%2C300italic%2Cregular%2Citalic%2C700%2C700italic|font_style:400%20regular%3A400%3Anormal&#8221;][vc_column_text]EGFS, sabit k\u0131ymet i\u015flemlerinin genel muhasebe ile entegrasyonunu sa\u011flar ve envanterin kolayca y\u00f6netilmesine olanak verir. Sabit k\u0131ymet kay\u0131tlar\u0131n\u0131n al\u0131\u015f faturalar\u0131 ile entegrasyonu sa\u011flar. Sabit k\u0131ymet bilgilerinin ve i\u015flemlerinin sabit k\u0131ymet kartlar\u0131ndan takibini m\u00fcmk\u00fcn k\u0131lar ve d\u00f6nemsel amortisman hesaplamalar\u0131n\u0131 kolayla\u015ft\u0131r\u0131r. Sat\u0131\u015f i\u015flemlerinde otomatik maliyet ve kar\/zarar hesaplamas\u0131 yapar.[\/vc_column_text][\/vc_column][vc_column width=&#8221;1\/3&#8243;][vc_single_image image=&#8221;2540&#8243; img_size=&#8221;full&#8221; alignment=&#8221;center&#8221; css_animation=&#8221;fadeIn&#8221;][\/vc_column][\/vc_row][vc_row][vc_column][vc_empty_space height=&#8221;20px&#8221;][\/vc_column][\/vc_row][vc_row css_animation=&#8221;none&#8221;][vc_column width=&#8221;1\/4&#8243;][vc_single_image image=&#8221;2538&#8243; img_size=&#8221;full&#8221; alignment=&#8221;center&#8221; css_animation=&#8221;fadeIn&#8221;][\/vc_column][vc_column width=&#8221;3\/4&#8243;][vc_custom_heading text=&#8221;Dok\u00fcman Y\u00f6netimi&#8221; font_container=&#8221;tag:h3|text_align:left&#8221; google_fonts=&#8221;font_family:Roboto%20Condensed%3A300%2C300italic%2Cregular%2Citalic%2C700%2C700italic|font_style:400%20regular%3A400%3Anormal&#8221;][vc_column_text]\u0130\u015flemlerle ilgili orijinal evrak taranarak ilgili veri giri\u015f ekran\u0131na kaydedilir. Bu sayede faturalar, makbuzlar, dekontlar gibi orijinal dok\u00fcmanlara sonradan kolayca eri\u015filebilir. Orjinal evraka\u00a0 ak\u0131ll\u0131 telefon, tablet \u00fczerinden eri\u015fmeye ve onaylama bildirimleri al\u0131p g\u00f6ndermeye olanak sa\u011flar.[\/vc_column_text][\/vc_column][\/vc_row]\n<\/div>","protected":false},"excerpt":{"rendered":"<p>[vc_row css_animation=&#8221;none&#8221; ult_hide_row=&#8221;ult_hide_row_value&#8221; ult_hide_row_tablet_small=&#8221;xs_tablet&#8221; ult_hide_row_mobile=&#8221;mobile&#8221;][vc_column width=&#8221;1\/4&#8243;][\/vc_column][vc_column width=&#8221;1\/4&#8243;][\/vc_column][vc_column width=&#8221;1\/4&#8243;][\/vc_column][vc_column width=&#8221;1\/4&#8243;][\/vc_column][\/vc_row][vc_row css_animation=&#8221;none&#8221;][vc_column][vc_empty_space height=&#8221;45px&#8221;][vc_empty_space height=&#8221;45px&#8221;][\/vc_column][\/vc_row][vc_row css_animation=&#8221;none&#8221;][vc_column width=&#8221;1\/2&#8243;][vc_column_text] Web tabanl\u0131 bir uygulama olan EGFS, y\u00fczlerce kullan\u0131c\u0131n\u0131n d\u00fcnyan\u0131n neresinde olurlarsa olsun muhasebe, finans ve maliyet kontrol kay\u0131tlar\u0131na g\u00fcvenli bir \u015fekilde ve sistem y\u00f6neticisi taraf\u0131ndan verilen yetkilerine uygun olarak eri\u015fmesini sa\u011flar. EGFS uygulamas\u0131na diz\u00fcst\u00fc bilgisayar\u0131n\u0131z ile oldu\u011fu kadar tablet bilgisayar\u0131n\u0131zla ve <a class=\"more-link\" href=\"https:\/\/www.enkasystems.com\/tr\/cozumler\/egfs-finans-yonetim-sistemi\/egfs-ozellikler\/\">Continue reading <i class=\"fa fa-chevron-right\"><\/i><\/a><\/p>\n","protected":false},"author":3,"featured_media":0,"parent":3907,"menu_order":0,"comment_status":"closed","ping_status":"closed","template":"","meta":{"_acf_changed":false,"om_disable_all_campaigns":false,"_monsterinsights_skip_tracking":false,"_monsterinsights_sitenote_active":false,"_monsterinsights_sitenote_note":"","_monsterinsights_sitenote_category":0,"footnotes":""},"categories":[514],"tags":[390],"class_list":["post-3920","page","type-page","status-publish","hentry","category-egfs-kuresel-finans-sistemi","tag-egfs-ozellikler"],"aioseo_notices":[],"acf":[],"_links":{"self":[{"href":"https:\/\/www.enkasystems.com\/tr\/wp-json\/wp\/v2\/pages\/3920","targetHints":{"allow":["GET"]}}],"collection":[{"href":"https:\/\/www.enkasystems.com\/tr\/wp-json\/wp\/v2\/pages"}],"about":[{"href":"https:\/\/www.enkasystems.com\/tr\/wp-json\/wp\/v2\/types\/page"}],"author":[{"embeddable":true,"href":"https:\/\/www.enkasystems.com\/tr\/wp-json\/wp\/v2\/users\/3"}],"replies":[{"embeddable":true,"href":"https:\/\/www.enkasystems.com\/tr\/wp-json\/wp\/v2\/comments?post=3920"}],"version-history":[{"count":0,"href":"https:\/\/www.enkasystems.com\/tr\/wp-json\/wp\/v2\/pages\/3920\/revisions"}],"up":[{"embeddable":true,"href":"https:\/\/www.enkasystems.com\/tr\/wp-json\/wp\/v2\/pages\/3907"}],"wp:attachment":[{"href":"https:\/\/www.enkasystems.com\/tr\/wp-json\/wp\/v2\/media?parent=3920"}],"wp:term":[{"taxonomy":"category","embeddable":true,"href":"https:\/\/www.enkasystems.com\/tr\/wp-json\/wp\/v2\/categories?post=3920"},{"taxonomy":"post_tag","embeddable":true,"href":"https:\/\/www.enkasystems.com\/tr\/wp-json\/wp\/v2\/tags?post=3920"}],"curies":[{"name":"wp","href":"https:\/\/api.w.org\/{rel}","templated":true}]}}