{"id":3907,"date":"2019-03-01T12:35:57","date_gmt":"2019-03-01T09:35:57","guid":{"rendered":"http:\/\/212.175.79.198\/~enkasystems\/solutions\/egfs-finance-management\/"},"modified":"2022-09-08T08:59:21","modified_gmt":"2022-09-08T05:59:21","slug":"egfs-finans-yonetim-sistemi","status":"publish","type":"page","link":"https:\/\/www.enkasystems.com\/tr\/cozumler\/egfs-finans-yonetim-sistemi\/","title":{"rendered":"EGFS &#8211; K\u00fcresel Finans Sistemi"},"content":{"rendered":"<div class=\"wpb-content-wrapper\">[vc_row css_animation=&#8221;none&#8221;][vc_column css_animation=&#8221;bounceInLeft&#8221;]<div id=\"ultimate-heading-129869e371e0598ba\" class=\"uvc-heading ult-adjust-bottom-margin ultimate-heading-129869e371e0598ba uvc-4131 \" data-hspacer=\"line_only\"  data-halign=\"left\" style=\"text-align:left\"><div class=\"uvc-sub-heading ult-responsive\"  data-ultimate-target='.uvc-heading.ultimate-heading-129869e371e0598ba .uvc-sub-heading '  data-responsive-json-new='{\"font-size\":\"desktop:40px;mobile_landscape:30px;mobile:30px;\",\"line-height\":\"\"}'  style=\"font-weight:normal;\"><strong>EGFS (K\u00fcresel Finans Sistemi) &#8211;<span style=\"color: #fe5252;\"> Genel Bak\u0131\u015f<\/span><\/strong><\/div><div class=\"uvc-heading-spacer line_only\" style=\"margin-top:10px;margin-bottom:10px;height:3px;\"><span class=\"uvc-headings-line\" style=\"border-style:solid;border-bottom-width:3px;border-color:#fe5252;width:200px;\"><\/span><\/div><\/div>[vc_empty_space height=&#8221;45px&#8221;][\/vc_column][\/vc_row][vc_row css_animation=&#8221;none&#8221; ult_hide_row=&#8221;ult_hide_row_value&#8221; ult_hide_row_tablet_small=&#8221;xs_tablet&#8221; ult_hide_row_mobile=&#8221;mobile&#8221;][vc_column css_animation=&#8221;zoomIn&#8221; width=&#8221;1\/4&#8243;]<div class=\" ubtn-ctn-center \"><a class=\"ubtn-link ult-adjust-bottom-margin ubtn-center ubtn-block \" href=\"https:\/\/www.enkasystems.com\/tr\/cozumler\/egfs-finans-yonetim-sistemi\/neden-egfs-kullanmalisiniz\/\" title=\"NEDEN EGFS KULLANMALISINIZ?\" ><button type=\"button\" id=\"ubtn-7448\"  class=\"ubtn ult-adjust-bottom-margin ult-responsive ubtn-block ubtn-left-bg  none  ubtn-sep-icon ubtn-sep-icon-at-left  ubtn-center   tooltip-69e371e05991a ubtn-block\"  data-hover=\"#fe5252\" data-border-color=\"#f7f7f7\" data-bg=\"#ffffff\" data-hover-bg=\"\" data-border-hover=\"#e2e2e2\" data-shadow-hover=\"\" data-shadow-click=\"none\" data-shadow=\"\" data-shd-shadow=\"\"  data-ultimate-target='#ubtn-7448'  data-responsive-json-new='{\"font-size\":\"desktop:15px;\",\"line-height\":\"\"}'  style=\"font-weight:normal;border-radius:3px;border-width:10px;border-color:#f7f7f7;border-style:solid;background: #ffffff;color: #1e73be;\"><span class=\"ubtn-data ubtn-icon\"><i class=\"Defaults-question\" style=\"font-size:32px;color:;\"><\/i><\/span><span class=\"ubtn-hover\" style=\"background-color:\"><\/span><span class=\"ubtn-data ubtn-text \" >Neden EGFS<\/span><\/button><\/a><\/div>[\/vc_column][vc_column css_animation=&#8221;zoomIn&#8221; width=&#8221;1\/4&#8243;]<div class=\" ubtn-ctn-center \"><a class=\"ubtn-link ult-adjust-bottom-margin ubtn-center ubtn-block \" href=\"https:\/\/www.enkasystems.com\/tr\/cozumler\/egfs-finans-yonetim-sistemi\/egfs-genel-bakis\/\" title=\"EGFS GENEL BAKI\u015e\" ><button type=\"button\" id=\"ubtn-6952\"  class=\"ubtn ult-adjust-bottom-margin ult-responsive ubtn-block ubtn-fade-bg  none  ubtn-center   tooltip-69e371e0599a6 ubtn-block\"  data-hover=\"#fe5252\" data-border-color=\"#f7f7f7\" data-bg=\"#ffffff\" data-hover-bg=\"\" data-border-hover=\"#e2e2e2\" data-shadow-hover=\"\" data-shadow-click=\"none\" data-shadow=\"\" data-shd-shadow=\"\"  data-ultimate-target='#ubtn-6952'  data-responsive-json-new='{\"font-size\":\"desktop:15px;\",\"line-height\":\"\"}'  style=\"font-weight:bold;border-radius:3px;border-width:10px;border-color:#f7f7f7;border-style:solid;background: #ffffff;color: #1e73be;\"><span class=\"ubtn-hover\" style=\"background-color:\"><\/span><span class=\"ubtn-data ubtn-text \" >EGFS Genel Bak\u0131\u015f<\/span><\/button><\/a><\/div>[\/vc_column][vc_column css_animation=&#8221;zoomIn&#8221; width=&#8221;1\/4&#8243;]<div class=\" ubtn-ctn-center \"><a class=\"ubtn-link ult-adjust-bottom-margin ubtn-center ubtn-block \" href=\"https:\/\/www.enkasystems.com\/tr\/cozumler\/egfs-finans-yonetim-sistemi\/egfs-ozellikler\/\" title=\"EGEM \u00d6ZELL\u0130KLER\" ><button type=\"button\" id=\"ubtn-9320\"  class=\"ubtn ult-adjust-bottom-margin ult-responsive ubtn-block ubtn-fade-bg  none  ubtn-center   tooltip-69e371e059a05 ubtn-block\"  data-hover=\"#fe5252\" data-border-color=\"#f7f7f7\" data-bg=\"#ffffff\" data-hover-bg=\"\" data-border-hover=\"#e2e2e2\" data-shadow-hover=\"\" data-shadow-click=\"none\" data-shadow=\"\" data-shd-shadow=\"\"  data-ultimate-target='#ubtn-9320'  data-responsive-json-new='{\"font-size\":\"desktop:15px;\",\"line-height\":\"\"}'  style=\"font-weight:normal;border-radius:3px;border-width:10px;border-color:#f7f7f7;border-style:solid;background: #ffffff;color: #1e73be;\"><span class=\"ubtn-hover\" style=\"background-color:\"><\/span><span class=\"ubtn-data ubtn-text \" >EGFS \u00d6zellikler<\/span><\/button><\/a><\/div>[\/vc_column][vc_column css_animation=&#8221;zoomIn&#8221; width=&#8221;1\/4&#8243;]<div class=\" ubtn-ctn-center \"><a class=\"ubtn-link ult-adjust-bottom-margin ubtn-center ubtn-block \" href=\"https:\/\/www.enkasystems.com\/tr\/cozumler\/egfs-finans-yonetim-sistemi\/egfs-dokuman\/\" title=\"EGFS DOK\u00dcMAN\" ><button type=\"button\" id=\"ubtn-4627\"  class=\"ubtn ult-adjust-bottom-margin ult-responsive ubtn-block ubtn-fade-bg  none  ubtn-center   tooltip-69e371e059a4b ubtn-block\"  data-hover=\"#fe5252\" data-border-color=\"#f7f7f7\" data-bg=\"#ffffff\" data-hover-bg=\"\" data-border-hover=\"#e2e2e2\" data-shadow-hover=\"\" data-shadow-click=\"none\" data-shadow=\"\" data-shd-shadow=\"\"  data-ultimate-target='#ubtn-4627'  data-responsive-json-new='{\"font-size\":\"desktop:15px;\",\"line-height\":\"\"}'  style=\"font-weight:normal;border-radius:3px;border-width:10px;border-color:#f7f7f7;border-style:solid;background: #ffffff;color: #1e73be;\"><span class=\"ubtn-hover\" style=\"background-color:\"><\/span><span class=\"ubtn-data ubtn-text \" >EGFS Bro\u015f\u00fcr ve Kataloglar<\/span><\/button><\/a><\/div>[\/vc_column][\/vc_row][vc_row css_animation=&#8221;none&#8221;][vc_column css_animation=&#8221;fadeInLeft&#8221; width=&#8221;1\/3&#8243;][vc_single_image image=&#8221;2293&#8243; img_size=&#8221;full&#8221; alignment=&#8221;center&#8221; css_animation=&#8221;none&#8221;][\/vc_column][vc_column parallax=&#8221;content-moving-fade&#8221; parallax_image=&#8221;8269&#8243; css_animation=&#8221;fadeInRight&#8221; width=&#8221;2\/3&#8243;][vc_column_text css_animation=&#8221;fadeInRight&#8221;]<span style=\"font-size: 18pt;\"><strong>EGFS, eksiksiz bir muhasebe, finansman ve maliyet kontrol\u00fc yaz\u0131l\u0131m\u0131 olup \u00e7e\u015fitli sekt\u00f6rlerden farkl\u0131 projelerin istenen zaman ve b\u00fct\u00e7e dahilinde y\u00f6netimine katk\u0131da bulunan \u00f6nemli bir ara\u00e7t\u0131r.<\/strong><\/span><\/p>\n<p>&nbsp;<\/p>\n<p><span style=\"font-size: 18pt;\"><strong>ENKA B\u00fct\u00e7e Kontrol\u00a0 y\u00f6ntemi dahilinde EGPS &#8220;K\u00fcresel Sat\u0131n Alma Sistemi&#8221; ile sa\u011flad\u0131\u011f\u0131 entegrasyon ile t\u00fcm projelerinizde e\u015f-zamanl\u0131 ve etkili maliyet kontrol sa\u011flaman\u0131za yard\u0131mc\u0131 olur.<\/strong><\/span>[\/vc_column_text][vc_empty_space][\/vc_column][\/vc_row][vc_row css_animation=&#8221;none&#8221;][vc_column css_animation=&#8221;fadeInUp&#8221;]<div id=\"ultimate-heading-817069e371e059aa4\" class=\"uvc-heading ult-adjust-bottom-margin ultimate-heading-817069e371e059aa4 uvc-4975 \" data-hspacer=\"line_only\"  data-halign=\"left\" style=\"text-align:left\"><div class=\"uvc-sub-heading ult-responsive\"  data-ultimate-target='.uvc-heading.ultimate-heading-817069e371e059aa4 .uvc-sub-heading '  data-responsive-json-new='{\"font-size\":\"desktop:40px;\",\"line-height\":\"\"}'  style=\"font-weight:normal;\"><strong>Genel \u00d6zellikler<\/strong><\/div><div class=\"uvc-heading-spacer line_only\" style=\"margin-top:10px;margin-bottom:10px;height:3px;\"><span class=\"uvc-headings-line\" style=\"border-style:solid;border-bottom-width:3px;border-color:#fe5252;width:200px;\"><\/span><\/div><\/div>[vc_empty_space height=&#8221;45px&#8221;][\/vc_column][\/vc_row][vc_row gap=&#8221;10&#8243; equal_height=&#8221;yes&#8221; css_animation=&#8221;none&#8221;][vc_column css_animation=&#8221;fadeInUp&#8221; width=&#8221;1\/4&#8243; css=&#8221;.vc_custom_1592839637619{background-color: #f7f7f7 !important;}&#8221;]<div class=\"aio-icon-component    style_1\"><div id=\"Info-box-wrap-3586\" class=\"aio-icon-box top-icon\" style=\"\"  ><div class=\"aio-icon-top\"><div class=\"ult-just-icon-wrapper  \"><div class=\"align-icon\" style=\"text-align:center;\">\n<div class=\"aio-icon-img \" style=\"font-size:60px;display:inline-block;\" data-animation=\"pulse\" data-animation-delay=\"03\">\n\t<img decoding=\"async\" class=\"img-icon\" alt=\"null\" src=\"https:\/\/www.enkasystems.com\/wp-content\/uploads\/2019\/03\/bookkeeping_and_approval_operations.png\"\/>\n<\/div><\/div><\/div><\/div><div class=\"aio-icon-header\" ><h4 class=\"aio-icon-title ult-responsive\"  data-ultimate-target='#Info-box-wrap-3586 .aio-icon-title'  data-responsive-json-new='{\"font-size\":\"\",\"line-height\":\"\"}'  style=\"font-weight:bold;color:#012169;\">\u00d6n Muhasebe ve Onaylama \u0130\u015flemleri<\/h4><\/div> <!-- header --><\/div> <!-- aio-icon-box --><\/div> <!-- aio-icon-component -->[\/vc_column][vc_column css_animation=&#8221;fadeInUp&#8221; width=&#8221;1\/4&#8243; css=&#8221;.vc_custom_1592839647975{background-color: #f7f7f7 !important;}&#8221;]<div class=\"aio-icon-component    style_1\"><div id=\"Info-box-wrap-1443\" class=\"aio-icon-box top-icon\" style=\"\"  ><div class=\"aio-icon-top\"><div class=\"ult-just-icon-wrapper  \"><div class=\"align-icon\" style=\"text-align:center;\">\n<div class=\"aio-icon-img \" style=\"font-size:60px;display:inline-block;\" data-animation=\"pulse\" data-animation-delay=\"03\">\n\t<img decoding=\"async\" class=\"img-icon\" alt=\"null\" src=\"https:\/\/www.enkasystems.com\/wp-content\/uploads\/2019\/03\/multicurrency.png\"\/>\n<\/div><\/div><\/div><\/div><div class=\"aio-icon-header\" ><h4 class=\"aio-icon-title ult-responsive\"  data-ultimate-target='#Info-box-wrap-1443 .aio-icon-title'  data-responsive-json-new='{\"font-size\":\"\",\"line-height\":\"\"}'  style=\"font-weight:bold;color:#012169;\">\u00c7ok Para Birimlilik (Multicurrency)<\/h4><\/div> <!-- header --><\/div> <!-- aio-icon-box --><\/div> <!-- aio-icon-component -->[\/vc_column][vc_column css_animation=&#8221;fadeInUp&#8221; width=&#8221;1\/4&#8243; css=&#8221;.vc_custom_1592839656326{background-color: #f7f7f7 !important;}&#8221;]<div class=\"aio-icon-component    style_1\"><div id=\"Info-box-wrap-8172\" class=\"aio-icon-box top-icon\" style=\"\"  ><div class=\"aio-icon-top\"><div class=\"ult-just-icon-wrapper  \"><div class=\"align-icon\" style=\"text-align:center;\">\n<div class=\"aio-icon-img \" style=\"font-size:60px;display:inline-block;\" data-animation=\"pulse\" data-animation-delay=\"03\">\n\t<img decoding=\"async\" class=\"img-icon\" alt=\"null\" src=\"https:\/\/www.enkasystems.com\/wp-content\/uploads\/2019\/03\/budget_and_financial_control.png\"\/>\n<\/div><\/div><\/div><\/div><div class=\"aio-icon-header\" ><h4 class=\"aio-icon-title ult-responsive\"  data-ultimate-target='#Info-box-wrap-8172 .aio-icon-title'  data-responsive-json-new='{\"font-size\":\"\",\"line-height\":\"\"}'  style=\"font-weight:bold;color:#012169;\">B\u00fct\u00e7e ve Maliyet Kontrol<\/h4><\/div> <!-- header --><\/div> <!-- aio-icon-box --><\/div> <!-- aio-icon-component -->[\/vc_column][vc_column css_animation=&#8221;fadeInUp&#8221; width=&#8221;1\/4&#8243; css=&#8221;.vc_custom_1592840106065{background-color: #f7f7f7 !important;}&#8221;]<div class=\"aio-icon-component    style_1\"><div id=\"Info-box-wrap-6398\" class=\"aio-icon-box top-icon\" style=\"\"  ><div class=\"aio-icon-top\"><div class=\"ult-just-icon-wrapper  \"><div class=\"align-icon\" style=\"text-align:center;\">\n<div class=\"aio-icon-img \" style=\"font-size:60px;display:inline-block;\" data-animation=\"pulse\" data-animation-delay=\"03\">\n\t<img decoding=\"async\" class=\"img-icon\" alt=\"null\" src=\"https:\/\/www.enkasystems.com\/wp-content\/uploads\/2019\/03\/transactions_between_companies_and_firms.png\"\/>\n<\/div><\/div><\/div><\/div><div class=\"aio-icon-header\" ><h4 class=\"aio-icon-title ult-responsive\"  data-ultimate-target='#Info-box-wrap-6398 .aio-icon-title'  data-responsive-json-new='{\"font-size\":\"\",\"line-height\":\"\"}'  style=\"font-weight:bold;color:#012169;\">\u015eirketler ve Projeler Aras\u0131 \u0130\u015flemler<\/h4><\/div> <!-- header --><\/div> <!-- aio-icon-box --><\/div> <!-- aio-icon-component -->[\/vc_column][\/vc_row][vc_row gap=&#8221;10&#8243; equal_height=&#8221;yes&#8221; css_animation=&#8221;none&#8221;][vc_column css_animation=&#8221;fadeInUp&#8221; width=&#8221;1\/4&#8243; css=&#8221;.vc_custom_1592840118567{background-color: #f7f7f7 !important;}&#8221;]<div class=\"aio-icon-component    style_1\"><div id=\"Info-box-wrap-7113\" class=\"aio-icon-box top-icon\" style=\"\"  ><div class=\"aio-icon-top\"><div class=\"ult-just-icon-wrapper  \"><div class=\"align-icon\" style=\"text-align:center;\">\n<div class=\"aio-icon-img \" style=\"font-size:60px;display:inline-block;\" data-animation=\"pulse\" data-animation-delay=\"03\">\n\t<img decoding=\"async\" class=\"img-icon\" alt=\"null\" src=\"https:\/\/www.enkasystems.com\/wp-content\/uploads\/2019\/03\/cash_flow_management.png\"\/>\n<\/div><\/div><\/div><\/div><div class=\"aio-icon-header\" ><h4 class=\"aio-icon-title ult-responsive\"  data-ultimate-target='#Info-box-wrap-7113 .aio-icon-title'  data-responsive-json-new='{\"font-size\":\"\",\"line-height\":\"\"}'  style=\"font-weight:bold;color:#012169;\">Nakit Ak\u0131\u015f\u0131 Y\u00f6netimi<\/h4><\/div> <!-- header --><\/div> <!-- aio-icon-box --><\/div> <!-- aio-icon-component -->[\/vc_column][vc_column css_animation=&#8221;fadeInUp&#8221; width=&#8221;1\/4&#8243; css=&#8221;.vc_custom_1592840126059{background-color: #f7f7f7 !important;}&#8221;]<div class=\"aio-icon-component    style_1\"><div id=\"Info-box-wrap-3206\" class=\"aio-icon-box top-icon\" style=\"\"  ><div class=\"aio-icon-top\"><div class=\"ult-just-icon-wrapper  \"><div class=\"align-icon\" style=\"text-align:center;\">\n<div class=\"aio-icon-img \" style=\"font-size:60px;display:inline-block;\" data-animation=\"pulse\" data-animation-delay=\"03\">\n\t<img decoding=\"async\" class=\"img-icon\" alt=\"null\" src=\"https:\/\/www.enkasystems.com\/wp-content\/uploads\/2019\/03\/e-bill_and_e-account_\u0131ntegration.png\"\/>\n<\/div><\/div><\/div><\/div><div class=\"aio-icon-header\" ><h4 class=\"aio-icon-title ult-responsive\"  data-ultimate-target='#Info-box-wrap-3206 .aio-icon-title'  data-responsive-json-new='{\"font-size\":\"\",\"line-height\":\"\"}'  style=\"font-weight:bold;color:#012169;\">E-Fatura ve E-Defter Entegrasyonu<\/h4><\/div> <!-- header --><\/div> <!-- aio-icon-box --><\/div> <!-- aio-icon-component -->[\/vc_column][vc_column css_animation=&#8221;fadeInUp&#8221; width=&#8221;1\/4&#8243; css=&#8221;.vc_custom_1592841801331{background-color: #f7f7f7 !important;}&#8221;]<div class=\"aio-icon-component    style_1\"><div id=\"Info-box-wrap-4354\" class=\"aio-icon-box top-icon\" style=\"\"  ><div class=\"aio-icon-top\"><div class=\"ult-just-icon-wrapper  \"><div class=\"align-icon\" style=\"text-align:center;\">\n<div class=\"aio-icon-img \" style=\"font-size:60px;display:inline-block;\" data-animation=\"pulse\" data-animation-delay=\"03\">\n\t<img decoding=\"async\" class=\"img-icon\" alt=\"null\" src=\"https:\/\/www.enkasystems.com\/wp-content\/uploads\/2019\/03\/fixed-assets.png\"\/>\n<\/div><\/div><\/div><\/div><div class=\"aio-icon-header\" ><h4 class=\"aio-icon-title ult-responsive\"  data-ultimate-target='#Info-box-wrap-4354 .aio-icon-title'  data-responsive-json-new='{\"font-size\":\"\",\"line-height\":\"\"}'  style=\"font-weight:bold;color:#012169;\">Sabit K\u0131ymetler<\/h4><\/div> <!-- header --><\/div> <!-- aio-icon-box --><\/div> <!-- aio-icon-component -->[\/vc_column][vc_column css_animation=&#8221;fadeInUp&#8221; width=&#8221;1\/4&#8243; css=&#8221;.vc_custom_1592840132295{background-color: #f7f7f7 !important;}&#8221;]<div class=\"aio-icon-component    style_1\"><div id=\"Info-box-wrap-8570\" class=\"aio-icon-box top-icon\" style=\"\"  ><div class=\"aio-icon-top\"><div class=\"ult-just-icon-wrapper  \"><div class=\"align-icon\" style=\"text-align:center;\">\n<div class=\"aio-icon-img \" style=\"font-size:60px;display:inline-block;\" data-animation=\"pulse\" data-animation-delay=\"03\">\n\t<img decoding=\"async\" class=\"img-icon\" alt=\"null\" src=\"https:\/\/www.enkasystems.com\/wp-content\/uploads\/2019\/03\/document-management.png\"\/>\n<\/div><\/div><\/div><\/div><div class=\"aio-icon-header\" ><h4 class=\"aio-icon-title ult-responsive\"  data-ultimate-target='#Info-box-wrap-8570 .aio-icon-title'  data-responsive-json-new='{\"font-size\":\"\",\"line-height\":\"\"}'  style=\"font-weight:bold;color:#012169;\">Dok\u00fcman Y\u00f6netimi<\/h4><\/div> <!-- header --><\/div> <!-- aio-icon-box --><\/div> <!-- aio-icon-component -->[\/vc_column][\/vc_row]\n<\/div>","protected":false},"excerpt":{"rendered":"<p>[vc_row css_animation=&#8221;none&#8221;][vc_column css_animation=&#8221;bounceInLeft&#8221;][vc_empty_space height=&#8221;45px&#8221;][\/vc_column][\/vc_row][vc_row css_animation=&#8221;none&#8221; ult_hide_row=&#8221;ult_hide_row_value&#8221; ult_hide_row_tablet_small=&#8221;xs_tablet&#8221; ult_hide_row_mobile=&#8221;mobile&#8221;][vc_column css_animation=&#8221;zoomIn&#8221; width=&#8221;1\/4&#8243;][\/vc_column][vc_column css_animation=&#8221;zoomIn&#8221; width=&#8221;1\/4&#8243;][\/vc_column][vc_column css_animation=&#8221;zoomIn&#8221; width=&#8221;1\/4&#8243;][\/vc_column][vc_column css_animation=&#8221;zoomIn&#8221; width=&#8221;1\/4&#8243;][\/vc_column][\/vc_row][vc_row css_animation=&#8221;none&#8221;][vc_column css_animation=&#8221;fadeInLeft&#8221; width=&#8221;1\/3&#8243;][vc_single_image image=&#8221;2293&#8243; img_size=&#8221;full&#8221; alignment=&#8221;center&#8221; css_animation=&#8221;none&#8221;][\/vc_column][vc_column parallax=&#8221;content-moving-fade&#8221; parallax_image=&#8221;8269&#8243; css_animation=&#8221;fadeInRight&#8221; width=&#8221;2\/3&#8243;][vc_column_text css_animation=&#8221;fadeInRight&#8221;]EGFS, eksiksiz bir muhasebe, finansman ve maliyet kontrol\u00fc yaz\u0131l\u0131m\u0131 olup \u00e7e\u015fitli sekt\u00f6rlerden farkl\u0131 projelerin istenen zaman ve b\u00fct\u00e7e dahilinde y\u00f6netimine katk\u0131da bulunan \u00f6nemli bir ara\u00e7t\u0131r. &nbsp; ENKA B\u00fct\u00e7e <a class=\"more-link\" href=\"https:\/\/www.enkasystems.com\/tr\/cozumler\/egfs-finans-yonetim-sistemi\/\">Continue reading <i class=\"fa fa-chevron-right\"><\/i><\/a><\/p>\n","protected":false},"author":3,"featured_media":3909,"parent":3805,"menu_order":0,"comment_status":"closed","ping_status":"closed","template":"","meta":{"_acf_changed":false,"om_disable_all_campaigns":false,"_monsterinsights_skip_tracking":false,"_monsterinsights_sitenote_active":false,"_monsterinsights_sitenote_note":"","_monsterinsights_sitenote_category":0,"footnotes":""},"categories":[514],"tags":[658,667],"class_list":["post-3907","page","type-page","status-publish","has-post-thumbnail","hentry","category-egfs-kuresel-finans-sistemi","tag-egfs-anasayfa","tag-enka-systems-cozumler"],"aioseo_notices":[],"acf":[],"_links":{"self":[{"href":"https:\/\/www.enkasystems.com\/tr\/wp-json\/wp\/v2\/pages\/3907","targetHints":{"allow":["GET"]}}],"collection":[{"href":"https:\/\/www.enkasystems.com\/tr\/wp-json\/wp\/v2\/pages"}],"about":[{"href":"https:\/\/www.enkasystems.com\/tr\/wp-json\/wp\/v2\/types\/page"}],"author":[{"embeddable":true,"href":"https:\/\/www.enkasystems.com\/tr\/wp-json\/wp\/v2\/users\/3"}],"replies":[{"embeddable":true,"href":"https:\/\/www.enkasystems.com\/tr\/wp-json\/wp\/v2\/comments?post=3907"}],"version-history":[{"count":2,"href":"https:\/\/www.enkasystems.com\/tr\/wp-json\/wp\/v2\/pages\/3907\/revisions"}],"predecessor-version":[{"id":15222,"href":"https:\/\/www.enkasystems.com\/tr\/wp-json\/wp\/v2\/pages\/3907\/revisions\/15222"}],"up":[{"embeddable":true,"href":"https:\/\/www.enkasystems.com\/tr\/wp-json\/wp\/v2\/pages\/3805"}],"wp:featuredmedia":[{"embeddable":true,"href":"https:\/\/www.enkasystems.com\/tr\/wp-json\/wp\/v2\/media\/3909"}],"wp:attachment":[{"href":"https:\/\/www.enkasystems.com\/tr\/wp-json\/wp\/v2\/media?parent=3907"}],"wp:term":[{"taxonomy":"category","embeddable":true,"href":"https:\/\/www.enkasystems.com\/tr\/wp-json\/wp\/v2\/categories?post=3907"},{"taxonomy":"post_tag","embeddable":true,"href":"https:\/\/www.enkasystems.com\/tr\/wp-json\/wp\/v2\/tags?post=3907"}],"curies":[{"name":"wp","href":"https:\/\/api.w.org\/{rel}","templated":true}]}}