{"id":3892,"date":"2019-03-01T12:32:18","date_gmt":"2019-03-01T09:32:18","guid":{"rendered":"http:\/\/212.175.79.198\/~enkasystems\/solutions\/egem-equipment-management\/egem-features\/"},"modified":"2022-09-08T08:59:16","modified_gmt":"2022-09-08T05:59:16","slug":"egem-ozellikler","status":"publish","type":"page","link":"https:\/\/www.enkasystems.com\/tr\/cozumler\/egem-ekipman-yonetim-sistemi\/egem-ozellikler\/","title":{"rendered":"EGEM \u00d6zellikler"},"content":{"rendered":"<div class=\"wpb-content-wrapper\">[vc_row css_animation=&#8221;none&#8221; ult_hide_row=&#8221;ult_hide_row_value&#8221; ult_hide_row_tablet_small=&#8221;xs_tablet&#8221; ult_hide_row_mobile=&#8221;mobile&#8221;][vc_column width=&#8221;1\/5&#8243;]<div class=\" ubtn-ctn-center \"><a class=\"ubtn-link ult-adjust-bottom-margin ubtn-center ubtn-block \" href=\"https:\/\/www.enkasystems.com\/tr\/cozumler\/egem-ekipman-yonetim-sistemi\/neden-egem-kullanmalisiniz\/\" title=\"NEDEN EGEM?\" ><button type=\"button\" id=\"ubtn-6154\"  class=\"ubtn ult-adjust-bottom-margin ult-responsive ubtn-block ubtn-fade-bg  none  ubtn-center   tooltip-69f257c0d2edc ubtn-block\"  data-hover=\"#fe5252\" data-border-color=\"#f7f7f7\" data-bg=\"#ffffff\" data-hover-bg=\"\" data-border-hover=\"#e2e2e2\" data-shadow-hover=\"\" data-shadow-click=\"none\" data-shadow=\"\" data-shd-shadow=\"\"  data-ultimate-target='#ubtn-6154'  data-responsive-json-new='{\"font-size\":\"desktop:15px;\",\"line-height\":\"\"}'  style=\"font-weight:normal;border-radius:3px;border-width:10px;border-color:#f7f7f7;border-style:solid;background: #ffffff;color: #1e73be;\"><span class=\"ubtn-hover\" style=\"background-color:\"><\/span><span class=\"ubtn-data ubtn-text \" >NEDEN EGEM<\/span><\/button><\/a><\/div>[\/vc_column][vc_column width=&#8221;1\/5&#8243;]<div class=\" ubtn-ctn-center \"><a class=\"ubtn-link ult-adjust-bottom-margin ubtn-center ubtn-block \" href=\"https:\/\/www.enkasystems.com\/tr\/cozumler\/egem-ekipman-yonetim-sistemi\/egem-genel-bakis\/\" title=\"EGEM GENEL BAKI\u015e\" ><button type=\"button\" id=\"ubtn-4596\"  class=\"ubtn ult-adjust-bottom-margin ult-responsive ubtn-block ubtn-fade-bg  none  ubtn-center   tooltip-69f257c0d2f88 ubtn-block\"  data-hover=\"#fe5252\" data-border-color=\"#f7f7f7\" data-bg=\"#ffffff\" data-hover-bg=\"\" data-border-hover=\"#e2e2e2\" data-shadow-hover=\"\" data-shadow-click=\"none\" data-shadow=\"\" data-shd-shadow=\"\"  data-ultimate-target='#ubtn-4596'  data-responsive-json-new='{\"font-size\":\"desktop:15px;\",\"line-height\":\"\"}'  style=\"font-weight:normal;border-radius:3px;border-width:10px;border-color:#f7f7f7;border-style:solid;background: #ffffff;color: #1e73be;\"><span class=\"ubtn-hover\" style=\"background-color:\"><\/span><span class=\"ubtn-data ubtn-text \" >EGEM Genel Bak\u0131\u015f<\/span><\/button><\/a><\/div>[\/vc_column][vc_column width=&#8221;1\/5&#8243;]<div class=\" ubtn-ctn-center \"><a class=\"ubtn-link ult-adjust-bottom-margin ubtn-center ubtn-block \" href=\"https:\/\/www.enkasystems.com\/tr\/cozumler\/egem-ekipman-yonetim-sistemi\/egem-ozellikler\/\" title=\"EGEM \u00d6zellikler\" ><button type=\"button\" id=\"ubtn-5198\"  class=\"ubtn ult-adjust-bottom-margin ult-responsive ubtn-block ubtn-fade-bg  none  ubtn-center   tooltip-69f257c0d2fcf ubtn-block\"  data-hover=\"#fe5252\" data-border-color=\"#1e73be\" data-bg=\"#ffffff\" data-hover-bg=\"\" data-border-hover=\"#e2e2e2\" data-shadow-hover=\"\" data-shadow-click=\"none\" data-shadow=\"\" data-shd-shadow=\"\"  data-ultimate-target='#ubtn-5198'  data-responsive-json-new='{\"font-size\":\"desktop:15px;\",\"line-height\":\"\"}'  style=\"font-weight:bold;border-radius:3px;border-width:10px;border-color:#1e73be;border-style:solid;background: #ffffff;color: #1e73be;\"><span class=\"ubtn-hover\" style=\"background-color:\"><\/span><span class=\"ubtn-data ubtn-text \" >EGEM \u00d6zellikler<\/span><\/button><\/a><\/div>[\/vc_column][vc_column width=&#8221;1\/5&#8243;]<div class=\" ubtn-ctn-center \"><a class=\"ubtn-link ult-adjust-bottom-margin ubtn-center ubtn-block \" href=\"https:\/\/www.enkasystems.com\/tr\/cozumler\/egem-ekipman-yonetim-sistemi\/video-egem-nedir\/\" title=\"Video EGEM Nedir\" ><button type=\"button\" id=\"ubtn-6309\"  class=\"ubtn ult-adjust-bottom-margin ult-responsive ubtn-block ubtn-fade-bg  none  ubtn-center   tooltip-69f257c0d303b ubtn-block\"  data-hover=\"#fe5252\" data-border-color=\"#f7f7f7\" data-bg=\"#ffffff\" data-hover-bg=\"\" data-border-hover=\"#e2e2e2\" data-shadow-hover=\"\" data-shadow-click=\"none\" data-shadow=\"\" data-shd-shadow=\"\"  data-ultimate-target='#ubtn-6309'  data-responsive-json-new='{\"font-size\":\"desktop:15px;\",\"line-height\":\"\"}'  style=\"font-weight:normal;border-radius:3px;border-width:10px;border-color:#f7f7f7;border-style:solid;background: #ffffff;color: #1e73be;\"><span class=\"ubtn-hover\" style=\"background-color:\"><\/span><span class=\"ubtn-data ubtn-text \" >Video (EGEM Nedir)<\/span><\/button><\/a><\/div>[\/vc_column][vc_column width=&#8221;1\/5&#8243;]<div class=\" ubtn-ctn-center \"><a class=\"ubtn-link ult-adjust-bottom-margin ubtn-center ubtn-block \" href=\"https:\/\/www.enkasystems.com\/tr\/cozumler\/egem-ekipman-yonetim-sistemi\/egem-dokuman\/\" title=\"EGEM Dok\u00fcman\" ><button type=\"button\" id=\"ubtn-5157\"  class=\"ubtn ult-adjust-bottom-margin ult-responsive ubtn-block ubtn-fade-bg  none  ubtn-center   tooltip-69f257c0d307b ubtn-block\"  data-hover=\"#fe5252\" data-border-color=\"#f7f7f7\" data-bg=\"#ffffff\" data-hover-bg=\"\" data-border-hover=\"#e2e2e2\" data-shadow-hover=\"\" data-shadow-click=\"none\" data-shadow=\"\" data-shd-shadow=\"\"  data-ultimate-target='#ubtn-5157'  data-responsive-json-new='{\"font-size\":\"desktop:15px;\",\"line-height\":\"\"}'  style=\"font-weight:normal;border-radius:3px;border-width:10px;border-color:#f7f7f7;border-style:solid;background: #ffffff;color: #1e73be;\"><span class=\"ubtn-hover\" style=\"background-color:\"><\/span><span class=\"ubtn-data ubtn-text \" >EGEM Dok\u00fcman<\/span><\/button><\/a><\/div>[\/vc_column][\/vc_row][vc_row css_animation=&#8221;none&#8221;][vc_column]<div id=\"ultimate-heading-166369f257c0d30cb\" class=\"uvc-heading ult-adjust-bottom-margin ultimate-heading-166369f257c0d30cb uvc-2762 \" data-hspacer=\"line_only\"  data-halign=\"left\" style=\"text-align:left\"><div class=\"uvc-sub-heading ult-responsive\"  data-ultimate-target='.uvc-heading.ultimate-heading-166369f257c0d30cb .uvc-sub-heading '  data-responsive-json-new='{\"font-size\":\"desktop:40px;mobile_landscape:30px;mobile:30px;\",\"line-height\":\"\"}'  style=\"font-weight:normal;\">EGEM \u00d6zellikler<\/div><div class=\"uvc-heading-spacer line_only\" style=\"margin-top:10px;margin-bottom:10px;height:3px;\"><span class=\"uvc-headings-line\" style=\"border-style:solid;border-bottom-width:3px;border-color:#fe5252;width:200px;\"><\/span><\/div><\/div>[vc_empty_space height=&#8221;45px&#8221;][\/vc_column][\/vc_row][vc_row css_animation=&#8221;none&#8221;][vc_column width=&#8221;1\/2&#8243;][vc_column_text]\n<p style=\"text-align: justify;\">Makine ve ekipmanlar\u0131n takibi, periyodik bak\u0131mlar\u0131n zaman\u0131nda yap\u0131lmas\u0131, onar\u0131mlar\u0131n do\u011fru yap\u0131ld\u0131\u011f\u0131n\u0131n kontrol\u00fc, yak\u0131t sarfiyat\u0131n\u0131n izlenmesi, \u00e7al\u0131\u015fma saatlerinin d\u00fczg\u00fcn kaydedilmesi hem verimlilik hem de i\u015f g\u00fcvenli\u011fi a\u00e7\u0131s\u0131ndan b\u00fcy\u00fck \u00f6nem ta\u015f\u0131r. Ka\u00e7\u0131r\u0131lan bir bak\u0131m, zaman\u0131nda al\u0131nmayan bir \u00f6nlem, d\u00fczg\u00fcn yap\u0131lmam\u0131\u015f bir kontrol b\u00fcy\u00fck maliyetlere yol a\u00e7abilir ve daha k\u00f6t\u00fcs\u00fc telafisi olmayan i\u015f kazalar\u0131na ortam olu\u015fturabilir. \u00c7o\u011fu zaman makine ve ekipman \u00fczerindeki kontrolleri yapmak yeterli olmaz, bu kontrolleri i\u015fverene, denetim firmalar\u0131na ve resmi makamlara belgelemek gerekir. EGEM t\u00fcm bu i\u015flemlerin takibini, kayda al\u0131nmas\u0131n\u0131 ve raporlanmas\u0131n\u0131 sa\u011flar. Sadece sahip olunan de\u011fil d\u0131\u015far\u0131dan kiralanan veya kiraya verilen t\u00fcm makine ekipmanlar EGEM ile takip edilebilir.<\/p>\n<p style=\"text-align: justify;\">D\u00fcnyan\u0131n neresinde olursan\u0131z olun, internet eri\u015fimine sahipseniz, EGEM\u2019e yetkileriniz dahilinde eri\u015febilir, i\u015flemlerinizi ger\u00e7ekle\u015ftirebilir ve raporlar\u0131n\u0131z\u0131 alabilirsiniz. Sadece sahip olunan de\u011fil d\u0131\u015far\u0131dan kiralanan veya kiraya verilen t\u00fcm makine ekipmanlar EGEM ile takip edilebilir.<\/p>\n[\/vc_column_text][\/vc_column][vc_column width=&#8221;1\/2&#8243;][vc_single_image image=&#8221;2429&#8243; img_size=&#8221;450&#215;300&#8243;][\/vc_column][\/vc_row][vc_row][vc_column][vc_empty_space height=&#8221;30px&#8221;][\/vc_column][\/vc_row][vc_row css_animation=&#8221;none&#8221;][vc_column width=&#8221;2\/3&#8243;][vc_custom_heading text=&#8221;Detayl\u0131 Ekipman Verisi&#8221; font_container=&#8221;tag:h3|text_align:left&#8221;][vc_column_text]\n<p style=\"text-align: justify;\">EGEM, makine ve ekipmanlar\u0131n t\u00fcm bilgilerini detayl\u0131 olarak kay\u0131t alt\u0131na al\u0131r, takibini sa\u011flar ve raporlar.<\/p>\n<p style=\"text-align: justify;\">Ekipmanlar\u0131 kategorilerine g\u00f6re s\u0131n\u0131fland\u0131rma imkan\u0131 sunar. T\u00fcm ekipmanlar\u0131n kullan\u0131m durumunu ve lokasyonunu g\u00f6rme olana\u011f\u0131 tan\u0131r. EGEM ile lokasyon ve projeler aras\u0131 transfer s\u00fcrecini y\u00f6netmek m\u00fcmk\u00fcnd\u00fcr.Ekipmanlar\u0131n seri numaras\u0131ndan kalibrasyonuna, yak\u0131t t\u00fcketiminden teknik bilgilerine kadar detayl\u0131 t\u00fcm verilerini tan\u0131mlanabilir ve izlenebilir. Yak\u0131t ve ya\u011f sarfiyatlar\u0131n\u0131 kay\u0131t alt\u0131na al\u0131p, analiz ederek t\u00fcketim tahminleri \u00e7\u0131kartma ve fazla t\u00fcketimleri raporlamak m\u00fcmk\u00fcnd\u00fcr. EGEM olu\u015fturulan raporlara g\u00f6re verileri filtrelemeye olanak sa\u011flar.<\/p>\n[\/vc_column_text][\/vc_column][vc_column width=&#8221;1\/3&#8243;][vc_single_image image=&#8221;2428&#8243; img_size=&#8221;full&#8221; alignment=&#8221;center&#8221; css_animation=&#8221;fadeIn&#8221;][vc_empty_space height=&#8221;45px&#8221;][\/vc_column][\/vc_row][vc_row][vc_column][vc_empty_space height=&#8221;45px&#8221;][\/vc_column][\/vc_row][vc_row css_animation=&#8221;none&#8221;][vc_column width=&#8221;1\/4&#8243;][vc_single_image image=&#8221;2430&#8243; img_size=&#8221;full&#8221; alignment=&#8221;center&#8221; css_animation=&#8221;fadeIn&#8221;][\/vc_column][vc_column width=&#8221;3\/4&#8243;][vc_custom_heading text=&#8221;Ekipman Bak\u0131m ve Onar\u0131m S\u00fcre\u00e7leri Takibi&#8221; font_container=&#8221;tag:h3|text_align:left&#8221;][vc_column_text]\n<p style=\"text-align: justify;\">EGEM, bir ekipman\u0131n periyodik ve \u00f6nleyici bak\u0131m planlar\u0131na ait takvimlerini olu\u015fturmay\u0131 ve muayene sonu\u00e7lar\u0131n\u0131 kay\u0131t alt\u0131na almay\u0131 sa\u011flar. Atlanan bak\u0131mlar nedeniyle olu\u015fan ar\u0131zalar\u0131n yol a\u00e7t\u0131\u011f\u0131 para ve zaman kayb\u0131n\u0131 en aza indirir.<\/p>\n<p style=\"text-align: justify;\">EGEM ile ekipman baz\u0131nda \u00f6nleyici bak\u0131m plan\u0131 olu\u015fturulabilir ve ekipman baz\u0131nda periyodik muayenelere ili\u015fkin planlama yap\u0131labilir. Ekipman ar\u0131za kay\u0131tlar\u0131n\u0131 \u00f6nceliklendirme ve y\u00f6netme olana\u011f\u0131 tan\u0131r. \u0130\u015f emirleri olu\u015fturma ve sonu\u00e7lar\u0131n\u0131 izleme imkan\u0131 sunar. \u0130lgili y\u00f6neticiler ar\u0131za kay\u0131tlar\u0131ndan sorumlu olan kullan\u0131c\u0131lara g\u00f6rev atayabilir. Olu\u015fturulan bak\u0131m planlar\u0131n\u0131n sonu\u00e7lar\u0131n\u0131 kaydederek ve yakla\u015fan bak\u0131m i\u015flemleri ile ilgili hat\u0131rlatma bildirimleri yaparak ekipmanlar\u0131n kusursuz y\u00f6netilmesini sa\u011flar. EGEM ile ger\u00e7ekle\u015fen bak\u0131m maliyetlerini takip etmek ve raporlamak \u00e7ok daha kolayd\u0131r.<\/p>\n[\/vc_column_text][\/vc_column][\/vc_row][vc_row][vc_column][vc_empty_space height=&#8221;30px&#8221;][\/vc_column][\/vc_row][vc_row css_animation=&#8221;none&#8221;][vc_column width=&#8221;2\/3&#8243;][vc_custom_heading text=&#8221;Ekipmanlara Ait Dok\u00fcmanlar\u0131 Takip Etme&#8221; font_container=&#8221;tag:h3|text_align:left&#8221;][vc_column_text]\n<p style=\"text-align: justify;\">EGEM, bir makine veya ekipmana ait t\u00fcm dok\u00fcmanlar\u0131n ekipman kart\u0131 \u00fczerinde kaydedilmesini ve izlenmesini sa\u011flar. Ekipman kart\u0131 \u00fczerinde al\u0131m, kiralama, hizmet, sigorta gibi faturalara yer verilebilir ekipmana ait etiket, ar\u0131za i\u015f formlar\u0131, ta\u015f\u0131ma talimatlar\u0131, kullan\u0131m k\u0131lavuzlar\u0131, muayene ve denetleme belgeleri, g\u00f6rseller gibi \u00e7ok say\u0131da ve farkl\u0131 tipte dok\u00fcman tutulabilir.<\/p>\n[\/vc_column_text][\/vc_column][vc_column width=&#8221;1\/3&#8243;][vc_single_image image=&#8221;2433&#8243; img_size=&#8221;full&#8221; alignment=&#8221;center&#8221; css_animation=&#8221;fadeIn&#8221;][\/vc_column][\/vc_row][vc_row][vc_column][vc_empty_space height=&#8221;45px&#8221;][\/vc_column][\/vc_row][vc_row css_animation=&#8221;none&#8221;][vc_column width=&#8221;1\/4&#8243;][vc_single_image image=&#8221;2426&#8243; img_size=&#8221;full&#8221; alignment=&#8221;center&#8221; css_animation=&#8221;fadeIn&#8221;][\/vc_column][vc_column width=&#8221;3\/4&#8243;][vc_custom_heading text=&#8221;Kullan\u0131m D\u0131\u015f\u0131 Ekipmanlar\u0131n Y\u00f6netimi&#8221; font_container=&#8221;tag:h3|text_align:left&#8221;][vc_column_text]\n<p style=\"text-align: justify;\">EGEM, projelerde kullan\u0131lan ekipmanlar\u0131n hurdaya ay\u0131rma, iade veya sat\u0131\u015f s\u00fcre\u00e7lerinin takibini sa\u011flar. Kullan\u0131c\u0131ya, ekipmanlar\u0131n kullan\u0131m d\u0131\u015f\u0131 kalma sebeplerini raporlama olana\u011f\u0131 verir.EGEM ile sat\u0131\u015f &amp; kiralama s\u00fcreci takip edilebilir ve sat\u0131\u015f &amp; kiralama s\u00fcrecinde onay mekanizmas\u0131 olu\u015fturularak silsilse halinde i\u015flem ger\u00e7ekle\u015ftirilebilir. Onay mekanizmas\u0131na ba\u011fl\u0131 hurdaya ay\u0131rma s\u00fcreci belirlenebilir.Ekipman havuzundan hurdaya ayr\u0131lacak makineye ili\u015fkin sebep ve s\u00fcreler hakk\u0131nda raporlama yap\u0131labilir. Sat\u0131lan ekipman\u0131n maliyetini hesaplamak da EGEM ile m\u00fcmk\u00fcnd\u00fcr.<\/p>\n[\/vc_column_text][\/vc_column][\/vc_row][vc_row][vc_column][vc_empty_space height=&#8221;30px&#8221;][\/vc_column][\/vc_row][vc_row css_animation=&#8221;none&#8221;][vc_column width=&#8221;2\/3&#8243;][vc_custom_heading text=&#8221;Ekipmanlar\u0131n Maliyetini \u0130zleme&#8221; font_container=&#8221;tag:h3|text_align:left&#8221;][vc_column_text]EGEM, bir ekipman\u0131n sahip olma ve operasyonel t\u00fcm maliyetlerini kay\u0131t alt\u0131na al\u0131r. Kullan\u0131c\u0131n\u0131n k\u00e2rl\u0131l\u0131k analizleri yapabilmesi i\u00e7in gerekli verileri sunar.<\/p>\n<p>EGEM ile ekipmana ait ilk sat\u0131n alma maliyetini g\u00f6r\u00fcnt\u00fclenebilir, ekipman\u0131n faydal\u0131 \u00f6m\u00fcr bilgileri ve ayr\u0131lan amortisman tutar\u0131 kay\u0131t alt\u0131na al\u0131nabilir. Ekipman\u0131n al\u0131nd\u0131\u011f\u0131 tarihten itibaren ge\u00e7irdi\u011fi bak\u0131m i\u015f\u00e7ili\u011fi, yedek par\u00e7a al\u0131m\u0131, yak\u0131t sarfiyat\u0131 gibi t\u00fcm operasyonel i\u015flemleri maliyetleri ile birlikte izlemek m\u00fcmk\u00fcnd\u00fcr. Kullan\u0131c\u0131lar bir ekipman\u0131n proje bazl\u0131 veya \u00f6mr\u00fc boyunca olu\u015fan maliyetlerini g\u00f6r\u00fcnt\u00fcleyebilir.[\/vc_column_text][\/vc_column][vc_column width=&#8221;1\/3&#8243;][vc_single_image image=&#8221;2432&#8243; img_size=&#8221;full&#8221; alignment=&#8221;center&#8221; css_animation=&#8221;fadeIn&#8221;][\/vc_column][\/vc_row][vc_row][vc_column][vc_empty_space height=&#8221;45px&#8221;][\/vc_column][\/vc_row][vc_row css_animation=&#8221;none&#8221;][vc_column width=&#8221;1\/4&#8243;][vc_single_image image=&#8221;2431&#8243; img_size=&#8221;full&#8221; alignment=&#8221;center&#8221; css_animation=&#8221;fadeIn&#8221;][\/vc_column][vc_column width=&#8221;3\/4&#8243;][vc_custom_heading text=&#8221;Ekipman Transferi&#8221; font_container=&#8221;tag:h3|text_align:left&#8221;][vc_column_text]EGEM, makine park\u0131nda yer alan t\u00fcm ekipman ve makinalar\u0131n anl\u0131k durumunu sunarak, sistem \u00fczerinden makine ekipman transfer i\u015flemlerinin kolayl\u0131kla y\u00f6netilmesini sa\u011flar. B\u00f6ylelikle, ekipmanlar\u0131n lokasyonlar ve projeler aras\u0131nda en verimli \u015fekilde da\u011f\u0131t\u0131lmas\u0131na olanak verir.<\/p>\n<p>EGEM ile transfer i\u015flemi s\u0131ras\u0131nda olu\u015fabilecek sigorta ve nakliye gibi maliyet kalemlerini ayr\u0131 ayr\u0131 tan\u0131mlamak m\u00fcmk\u00fcnd\u00fcr. EGEM ekipman\u0131n transfer i\u015flemi ile ilgili belgeleri kaydetmeye ve transfer ekran\u0131nda ekipmana ait t\u00fcm bilgileri g\u00f6r\u00fcnt\u00fclemeye olanak sa\u011flar. Kullan\u0131c\u0131lar transfer s\u00fcrecinde ekipman kondisyonunu ve son durumunu puanlayabilirler.[\/vc_column_text][\/vc_column][\/vc_row][vc_row][vc_column][vc_empty_space height=&#8221;30px&#8221;][\/vc_column][\/vc_row][vc_row css_animation=&#8221;none&#8221;][vc_column width=&#8221;2\/3&#8243;][vc_custom_heading text=&#8221;Ekipmana \u0130li\u015fkin Raporlar&#8221; font_container=&#8221;tag:h3|text_align:left&#8221;][vc_column_text]\n<p style=\"text-align: justify;\">EGEM ile Ekipman, yak\u0131t t\u00fcketimi, maliyet ve \u00f6nleyici bak\u0131m ba\u015fl\u0131klar\u0131 alt\u0131nda \u00e7ok say\u0131da rapor al\u0131nabilir. T\u00fcm bu raporlara ek olarak\u00a0 ihtiyaca y\u00f6nelik spesifik rapor olu\u015fturma olana\u011f\u0131 da bulunmaktad\u0131r.<\/p>\n[\/vc_column_text][\/vc_column][vc_column width=&#8221;1\/3&#8243;][vc_single_image image=&#8221;2434&#8243; img_size=&#8221;full&#8221; alignment=&#8221;center&#8221; css_animation=&#8221;fadeIn&#8221;][\/vc_column][\/vc_row]\n<\/div>","protected":false},"excerpt":{"rendered":"<p>[vc_row css_animation=&#8221;none&#8221; ult_hide_row=&#8221;ult_hide_row_value&#8221; ult_hide_row_tablet_small=&#8221;xs_tablet&#8221; ult_hide_row_mobile=&#8221;mobile&#8221;][vc_column width=&#8221;1\/5&#8243;][\/vc_column][vc_column width=&#8221;1\/5&#8243;][\/vc_column][vc_column width=&#8221;1\/5&#8243;][\/vc_column][vc_column width=&#8221;1\/5&#8243;][\/vc_column][vc_column width=&#8221;1\/5&#8243;][\/vc_column][\/vc_row][vc_row css_animation=&#8221;none&#8221;][vc_column][vc_empty_space height=&#8221;45px&#8221;][\/vc_column][\/vc_row][vc_row css_animation=&#8221;none&#8221;][vc_column width=&#8221;1\/2&#8243;][vc_column_text] Makine ve ekipmanlar\u0131n takibi, periyodik bak\u0131mlar\u0131n zaman\u0131nda yap\u0131lmas\u0131, onar\u0131mlar\u0131n do\u011fru yap\u0131ld\u0131\u011f\u0131n\u0131n kontrol\u00fc, yak\u0131t sarfiyat\u0131n\u0131n izlenmesi, \u00e7al\u0131\u015fma saatlerinin d\u00fczg\u00fcn kaydedilmesi hem verimlilik hem de i\u015f g\u00fcvenli\u011fi a\u00e7\u0131s\u0131ndan b\u00fcy\u00fck \u00f6nem ta\u015f\u0131r. Ka\u00e7\u0131r\u0131lan bir bak\u0131m, zaman\u0131nda al\u0131nmayan bir \u00f6nlem, d\u00fczg\u00fcn yap\u0131lmam\u0131\u015f bir kontrol b\u00fcy\u00fck <a class=\"more-link\" href=\"https:\/\/www.enkasystems.com\/tr\/cozumler\/egem-ekipman-yonetim-sistemi\/egem-ozellikler\/\">Continue reading <i class=\"fa fa-chevron-right\"><\/i><\/a><\/p>\n","protected":false},"author":3,"featured_media":0,"parent":3875,"menu_order":0,"comment_status":"closed","ping_status":"closed","template":"","meta":{"_acf_changed":false,"om_disable_all_campaigns":false,"_monsterinsights_skip_tracking":false,"_monsterinsights_sitenote_active":false,"_monsterinsights_sitenote_note":"","_monsterinsights_sitenote_category":0,"footnotes":""},"categories":[512],"tags":[708,359],"class_list":["post-3892","page","type-page","status-publish","hentry","category-egem-kuresel-ekipman-yonetim-sistemi","tag-egem-kuresel-ekipman-yonetim-sistemi","tag-egem-ozellikler"],"aioseo_notices":[],"acf":[],"_links":{"self":[{"href":"https:\/\/www.enkasystems.com\/tr\/wp-json\/wp\/v2\/pages\/3892","targetHints":{"allow":["GET"]}}],"collection":[{"href":"https:\/\/www.enkasystems.com\/tr\/wp-json\/wp\/v2\/pages"}],"about":[{"href":"https:\/\/www.enkasystems.com\/tr\/wp-json\/wp\/v2\/types\/page"}],"author":[{"embeddable":true,"href":"https:\/\/www.enkasystems.com\/tr\/wp-json\/wp\/v2\/users\/3"}],"replies":[{"embeddable":true,"href":"https:\/\/www.enkasystems.com\/tr\/wp-json\/wp\/v2\/comments?post=3892"}],"version-history":[{"count":1,"href":"https:\/\/www.enkasystems.com\/tr\/wp-json\/wp\/v2\/pages\/3892\/revisions"}],"predecessor-version":[{"id":15220,"href":"https:\/\/www.enkasystems.com\/tr\/wp-json\/wp\/v2\/pages\/3892\/revisions\/15220"}],"up":[{"embeddable":true,"href":"https:\/\/www.enkasystems.com\/tr\/wp-json\/wp\/v2\/pages\/3875"}],"wp:attachment":[{"href":"https:\/\/www.enkasystems.com\/tr\/wp-json\/wp\/v2\/media?parent=3892"}],"wp:term":[{"taxonomy":"category","embeddable":true,"href":"https:\/\/www.enkasystems.com\/tr\/wp-json\/wp\/v2\/categories?post=3892"},{"taxonomy":"post_tag","embeddable":true,"href":"https:\/\/www.enkasystems.com\/tr\/wp-json\/wp\/v2\/tags?post=3892"}],"curies":[{"name":"wp","href":"https:\/\/api.w.org\/{rel}","templated":true}]}}