{"id":3840,"date":"2019-03-01T12:26:59","date_gmt":"2019-03-01T09:26:59","guid":{"rendered":"http:\/\/212.175.79.198\/~enkasystems\/solutions\/edms-document-management\/edms-features\/"},"modified":"2022-06-10T10:26:09","modified_gmt":"2022-06-10T07:26:09","slug":"edms-ozellikler","status":"publish","type":"page","link":"https:\/\/www.enkasystems.com\/tr\/cozumler\/edms-dokuman-yonetim-sistemi\/edms-ozellikler\/","title":{"rendered":"EDMS Genel \u00d6zellikler"},"content":{"rendered":"<div class=\"wpb-content-wrapper\">[vc_row css_animation=&#8221;none&#8221; ult_hide_row=&#8221;ult_hide_row_value&#8221; ult_hide_row_tablet_small=&#8221;xs_tablet&#8221; ult_hide_row_mobile=&#8221;mobile&#8221;][vc_column width=&#8221;1\/5&#8243;]<div class=\" ubtn-ctn-center \"><a class=\"ubtn-link ult-adjust-bottom-margin ubtn-center ubtn-block \" href=\"https:\/\/www.enkasystems.com\/tr\/cozumler\/edms-dokuman-yonetim-sistemi\/neden-edms-kullanmalisiniz\/\" title=\"NEDEN EDMS?\" ><button type=\"button\" id=\"ubtn-6375\"  class=\"ubtn ult-adjust-bottom-margin ult-responsive ubtn-block ubtn-fade-bg  none  ubtn-center   tooltip-69f259819551e ubtn-block\"  data-hover=\"#fe5252\" data-border-color=\"#f7f7f7\" data-bg=\"#ffffff\" data-hover-bg=\"\" data-border-hover=\"#e2e2e2\" data-shadow-hover=\"\" data-shadow-click=\"none\" data-shadow=\"\" data-shd-shadow=\"\"  data-ultimate-target='#ubtn-6375'  data-responsive-json-new='{\"font-size\":\"desktop:15px;\",\"line-height\":\"\"}'  style=\"font-weight:normal;border-radius:3px;border-width:10px;border-color:#f7f7f7;border-style:solid;background: #ffffff;color: #1e73be;\"><span class=\"ubtn-hover\" style=\"background-color:\"><\/span><span class=\"ubtn-data ubtn-text \" >Neden EDMS``K\u00fcresel Dok\u00fcman Y\u00f6netim Sistemi``?<\/span><\/button><\/a><\/div>[\/vc_column][vc_column width=&#8221;1\/5&#8243;]<div class=\" ubtn-ctn-center \"><a class=\"ubtn-link ult-adjust-bottom-margin ubtn-center ubtn-block \" href=\"https:\/\/www.enkasystems.com\/tr\/cozumler\/edms-dokuman-yonetim-sistemi\/edms-genel-bakis\/\" title=\"EDMS GENEL BAKI\u015e\" ><button type=\"button\" id=\"ubtn-9862\"  class=\"ubtn ult-adjust-bottom-margin ult-responsive ubtn-block ubtn-fade-bg  none  ubtn-center   tooltip-69f25981955d3 ubtn-block\"  data-hover=\"#fe5252\" data-border-color=\"#f7f7f7\" data-bg=\"#ffffff\" data-hover-bg=\"\" data-border-hover=\"#e2e2e2\" data-shadow-hover=\"\" data-shadow-click=\"none\" data-shadow=\"\" data-shd-shadow=\"\"  data-ultimate-target='#ubtn-9862'  data-responsive-json-new='{\"font-size\":\"desktop:15px;\",\"line-height\":\"\"}'  style=\"font-weight:normal;border-radius:3px;border-width:10px;border-color:#f7f7f7;border-style:solid;background: #ffffff;color: #1e73be;\"><span class=\"ubtn-hover\" style=\"background-color:\"><\/span><span class=\"ubtn-data ubtn-text \" >EDMS Genel Bak\u0131\u015f<\/span><\/button><\/a><\/div>[\/vc_column][vc_column width=&#8221;1\/5&#8243;]<div class=\" ubtn-ctn-center \"><a class=\"ubtn-link ult-adjust-bottom-margin ubtn-center ubtn-block \" href=\"https:\/\/www.enkasystems.com\/tr\/cozumler\/edms-dokuman-yonetim-sistemi\/edms-ozellikler\/\" title=\"EDMS \u00d6zellikler\" ><button type=\"button\" id=\"ubtn-5217\"  class=\"ubtn ult-adjust-bottom-margin ult-responsive ubtn-block ubtn-fade-bg  none  ubtn-center   tooltip-69f259819561e ubtn-block\"  data-hover=\"#fe5252\" data-border-color=\"#1e73be\" data-bg=\"#ffffff\" data-hover-bg=\"\" data-border-hover=\"#e2e2e2\" data-shadow-hover=\"\" data-shadow-click=\"none\" data-shadow=\"\" data-shd-shadow=\"\"  data-ultimate-target='#ubtn-5217'  data-responsive-json-new='{\"font-size\":\"desktop:15px;\",\"line-height\":\"\"}'  style=\"font-weight:bold;border-radius:3px;border-width:10px;border-color:#1e73be;border-style:solid;background: #ffffff;color: #1e73be;\"><span class=\"ubtn-hover\" style=\"background-color:\"><\/span><span class=\"ubtn-data ubtn-text \" >EDMS Genel \u00d6zellikler<\/span><\/button><\/a><\/div>[\/vc_column][vc_column width=&#8221;1\/5&#8243;]<div class=\" ubtn-ctn-center \"><a class=\"ubtn-link ult-adjust-bottom-margin ubtn-center ubtn-block \" href=\"https:\/\/www.enkasystems.com\/tr\/cozumler\/edms-dokuman-yonetim-sistemi\/bim-suite\/\" title=\"BIM SUITE\" ><button type=\"button\" id=\"ubtn-4411\"  class=\"ubtn ult-adjust-bottom-margin ult-responsive ubtn-block ubtn-fade-bg  none  ubtn-center   tooltip-69f2598195671 ubtn-block\"  data-hover=\"#fe5252\" data-border-color=\"#f7f7f7\" data-bg=\"#ffffff\" data-hover-bg=\"\" data-border-hover=\"#e2e2e2\" data-shadow-hover=\"\" data-shadow-click=\"none\" data-shadow=\"\" data-shd-shadow=\"\"  data-ultimate-target='#ubtn-4411'  data-responsive-json-new='{\"font-size\":\"desktop:15px;\",\"line-height\":\"\"}'  style=\"font-weight:normal;border-radius:3px;border-width:10px;border-color:#f7f7f7;border-style:solid;background: #ffffff;color: #1e73be;\"><span class=\"ubtn-hover\" style=\"background-color:\"><\/span><span class=\"ubtn-data ubtn-text \" >BIM (Yap\u0131 Bilgi Modellemesi) Deste\u011fi<\/span><\/button><\/a><\/div>[\/vc_column][vc_column width=&#8221;1\/5&#8243;]<div class=\" ubtn-ctn-center \"><a class=\"ubtn-link ult-adjust-bottom-margin ubtn-center ubtn-block \" href=\"https:\/\/www.enkasystems.com\/tr\/cozumler\/edms-dokuman-yonetim-sistemi\/edms-dokuman\/\" title=\"EDMS Dok\u00fcman\" ><button type=\"button\" id=\"ubtn-8891\"  class=\"ubtn ult-adjust-bottom-margin ult-responsive ubtn-block ubtn-fade-bg  none  ubtn-center   tooltip-69f25981956b1 ubtn-block\"  data-hover=\"#fe5252\" data-border-color=\"#f7f7f7\" data-bg=\"#ffffff\" data-hover-bg=\"\" data-border-hover=\"#e2e2e2\" data-shadow-hover=\"\" data-shadow-click=\"none\" data-shadow=\"\" data-shd-shadow=\"\"  data-ultimate-target='#ubtn-8891'  data-responsive-json-new='{\"font-size\":\"desktop:15px;\",\"line-height\":\"\"}'  style=\"font-weight:normal;border-radius:3px;border-width:10px;border-color:#f7f7f7;border-style:solid;background: #ffffff;color: #1e73be;\"><span class=\"ubtn-hover\" style=\"background-color:\"><\/span><span class=\"ubtn-data ubtn-text \" >EDMS Bro\u015f\u00fcr &amp; Kataloglar<\/span><\/button><\/a><\/div>[\/vc_column][\/vc_row][vc_row css_animation=&#8221;none&#8221;][vc_column][vc_empty_space height=&#8221;45px&#8221;]<div id=\"ultimate-heading-612369f2598195719\" class=\"uvc-heading ult-adjust-bottom-margin ultimate-heading-612369f2598195719 uvc-3004 \" data-hspacer=\"line_only\"  data-halign=\"left\" style=\"text-align:left\"><div class=\"uvc-sub-heading ult-responsive\"  data-ultimate-target='.uvc-heading.ultimate-heading-612369f2598195719 .uvc-sub-heading '  data-responsive-json-new='{\"font-size\":\"desktop:40px;mobile_landscape:30px;mobile:30px;\",\"line-height\":\"\"}'  style=\"font-weight:normal;\">EDMS \u00d6zellikler<\/div><div class=\"uvc-heading-spacer line_only\" style=\"margin-top:10px;margin-bottom:10px;height:3px;\"><span class=\"uvc-headings-line\" style=\"border-style:solid;border-bottom-width:3px;border-color:#fe5252;width:200px;\"><\/span><\/div><\/div>[vc_empty_space height=&#8221;45px&#8221;][\/vc_column][\/vc_row][vc_row css_animation=&#8221;none&#8221;][vc_column width=&#8221;1\/2&#8243;][vc_column_text]\n<p style=\"text-align: justify;\">Dok\u00fcman y\u00f6netimi, projenin dok\u00fcmantasyon biriminin ve projeye m\u00fcdahil olan, i\u015fveren, tasar\u0131mc\u0131, dan\u0131\u015fman, kontrol\u00f6r, proje y\u00f6neticileri, merkez kullan\u0131c\u0131lar\u0131, destek ekipleri, \u00fcretici, tedarik\u00e7i, alt y\u00fckleniciler gibi t\u00fcm kullan\u0131c\u0131lar\u0131n etkin kat\u0131l\u0131m\u0131n\u0131 gerektiren bir s\u00fcre\u00e7tir. EDMS kullan\u0131c\u0131lar\u0131, yetkileri \u00e7er\u00e7evesinde, dok\u00fcman olu\u015fturabilir, dosya y\u00fckleyebilir, dok\u00fcmanlar\u0131 g\u00fcncelleyebilir ve dosyalar\u0131 revize edebilir.<\/p>\n[\/vc_column_text][vc_column_text]\n<p style=\"text-align: justify;\">Dok\u00fcman y\u00f6netimi bir \u00e7ok farkl\u0131 lokasyonda bulunan kullan\u0131c\u0131n\u0131n eri\u015fimini gerektirmektedir. T\u00fcm kat\u0131l\u0131mc\u0131lar\u0131n EDMS\u2019e bulunduklar\u0131 yerden gecikmeden eri\u015febilmeleri kilit \u00f6nem ta\u015f\u0131r. Web tabanl\u0131 bir uygulama olan EDMS, y\u00fczlerce kullan\u0131c\u0131n\u0131n, d\u00fcnyan\u0131n neresinde olurlarsa olsun proje dok\u00fcmanlar\u0131na g\u00fcvenli bir \u015fekilde eri\u015fmesini sa\u011flar.<\/p>\n[\/vc_column_text][\/vc_column][vc_column width=&#8221;1\/2&#8243;][vc_single_image image=&#8221;2356&#8243; img_size=&#8221;650&#215;600&#8243;][\/vc_column][\/vc_row][vc_row css_animation=&#8221;none&#8221;][vc_column][vc_empty_space height=&#8221;20px&#8221;][\/vc_column][\/vc_row][vc_row css_animation=&#8221;none&#8221;][vc_column width=&#8221;2\/3&#8243;][vc_custom_heading text=&#8221;K\u00fcresel Dosya Senkronizasyon Sistemi&#8221; font_container=&#8221;tag:h3|text_align:left&#8221; google_fonts=&#8221;font_family:Roboto%20Condensed%3A300%2C300italic%2Cregular%2Citalic%2C700%2C700italic|font_style:400%20regular%3A400%3Anormal&#8221;][vc_column_text]\n<p style=\"text-align: justify;\">D\u00fcnya \u00fczerinde birden farkl\u0131 lokasyonda y\u00fcr\u00fct\u00fclen projeler i\u00e7in EDMS, kendi aralar\u0131nda otomatik olarak senkronize olan yerel veri saklama sistemleri kullan\u0131r. T\u00fcm dok\u00fcmanlar ilgili lokasyonlar aras\u0131nda arka planda senkronize olur. Sahada, \u015fantiyede, makine ba\u015f\u0131nda \u00e7al\u0131\u015fan personel dok\u00fcmanlara, d\u00fcnyan\u0131n her yerinden h\u0131zl\u0131ca ula\u015f\u0131r. \u00d6nceliklendirilebilinen ve uyarlanabilen dok\u00fcmanlar sayesinde dosya indirme ve y\u00fckleme s\u00fcreleri ile zaman kayb\u0131n\u0131n \u00f6n\u00fcne ge\u00e7ilir.<\/p>\n[\/vc_column_text][\/vc_column][vc_column width=&#8221;1\/3&#8243;][vc_single_image image=&#8221;2358&#8243; img_size=&#8221;full&#8221; alignment=&#8221;center&#8221; css_animation=&#8221;fadeIn&#8221;][vc_empty_space height=&#8221;45px&#8221;][\/vc_column][\/vc_row][vc_row css_animation=&#8221;none&#8221;][vc_column][vc_empty_space height=&#8221;20px&#8221;][\/vc_column][\/vc_row][vc_row css_animation=&#8221;none&#8221;][vc_column width=&#8221;1\/4&#8243;][vc_single_image image=&#8221;2360&#8243; img_size=&#8221;full&#8221; alignment=&#8221;center&#8221; css_animation=&#8221;fadeIn&#8221;][\/vc_column][vc_column width=&#8221;3\/4&#8243;][vc_custom_heading text=&#8221;Geli\u015fmi\u015f Arama Motoru&#8221; font_container=&#8221;tag:h3|text_align:left&#8221; google_fonts=&#8221;font_family:Roboto%20Condensed%3A300%2C300italic%2Cregular%2Citalic%2C700%2C700italic|font_style:400%20regular%3A400%3Anormal&#8221;][vc_column_text]\n<p style=\"text-align: justify;\">EDMS, GoogleTM benzeri \u00e7ok geli\u015fmi\u015f bir arama motoru bar\u0131nd\u0131r\u0131r. Milyonlarca dok\u00fcman i\u00e7erisinde aranan kelimeleri milisaniyeler i\u00e7erisinde listeler. Sonu\u00e7lar\u0131n en uygun \u015fekilde s\u0131ralanmas\u0131 i\u00e7in dinamik puanlama algoritmalar\u0131 bar\u0131nd\u0131r\u0131r ve farkl\u0131 450 \u00e7e\u015fit dosya tipi i\u00e7erisinde ge\u00e7en kelimelerin aramalara dahil eder. Arama yap\u0131l\u0131rken tamamlama ve tavsiye \u00f6zelli\u011fi ile y\u00f6nlendirmeler sa\u011flar.\u00a0 Sonu\u00e7lar\u0131 farkl\u0131 \u015fekillerde s\u0131ralama olana\u011f\u0131 sunar. Dok\u00fcman etiketleme \u00f6zelli\u011fi ile her bir dok\u00fcman i\u00e7in \u00e7a\u011fr\u0131\u015f\u0131m yapacak kelime gruplar\u0131 ile tasnif yapma imkan\u0131 tan\u0131r. T\u00fcm bu \u00f6zelliklerin yan\u0131s\u0131ra detayl\u0131 olarak arama fonksiyonu da bar\u0131nd\u0131r\u0131r.<\/p>\n[\/vc_column_text][\/vc_column][\/vc_row][vc_row css_animation=&#8221;none&#8221;][vc_column][vc_empty_space height=&#8221;20px&#8221;][\/vc_column][\/vc_row][vc_row css_animation=&#8221;none&#8221;][vc_column width=&#8221;2\/3&#8243;][vc_custom_heading text=&#8221;Geli\u015fmi\u015f Aray\u00fcz \u0130\u015flevselli\u011fi&#8221; font_container=&#8221;tag:h3|text_align:left&#8221; google_fonts=&#8221;font_family:Roboto%20Condensed%3A300%2C300italic%2Cregular%2Citalic%2C700%2C700italic|font_style:400%20regular%3A400%3Anormal&#8221;][vc_column_text]\n<p style=\"text-align: justify;\">EDMS Ekranlar\u0131, son teknoloji kullan\u0131larak, aray\u00fcz uzmanlar\u0131nca haz\u0131rlanm\u0131\u015ft\u0131r. Son kullan\u0131c\u0131n\u0131n verimlili\u011fini en \u00fcst seviyede sa\u011flamak i\u00e7in EDMS Aray\u00fcz\u00fc bir\u00e7ok geli\u015fmi\u015f \u00f6zellik bar\u0131nd\u0131r\u0131r. Cihazlara g\u00f6re otomatik de\u011fi\u015fen g\u00f6rsel tasar\u0131m, toplu veri giri\u015fi, toplu g\u00fcncelleme, aray\u00fcz kodlamas\u0131 ile \u00f6zelle\u015ftirme gibi kullan\u0131c\u0131 verimlili\u011fini artt\u0131ran bir\u00e7ok \u00f6zellik bar\u0131nd\u0131r\u0131r.<\/p>\n<p style=\"text-align: justify;\">Dinamik dok\u00fcman nitelikleri gibi aray\u00fczler de ihtiya\u00e7lara g\u00f6re \u00f6zelle\u015ftirilebilir.Proje tipine, dok\u00fcman tipine, dok\u00fcman durumuna g\u00f6re kullan\u0131c\u0131n\u0131n kar\u015f\u0131s\u0131na \u00f6zelle\u015ftirilmi\u015f farkl\u0131 aray\u00fczler \u00e7\u0131kar\u0131labilir. Farkl\u0131 lokasyonlardan veri giri\u015fine ve Excel\u2019den i\u00e7erik aktar\u0131m \u00f6zelliklerine olanak sa\u011flar.<\/p>\n[\/vc_column_text][\/vc_column][vc_column width=&#8221;1\/3&#8243;][vc_single_image image=&#8221;2362&#8243; img_size=&#8221;full&#8221; alignment=&#8221;center&#8221; css_animation=&#8221;fadeIn&#8221;][\/vc_column][\/vc_row][vc_row css_animation=&#8221;none&#8221;][vc_column][vc_empty_space height=&#8221;20px&#8221;][\/vc_column][\/vc_row][vc_row css_animation=&#8221;none&#8221;][vc_column width=&#8221;1\/4&#8243;][vc_single_image image=&#8221;2370&#8243; img_size=&#8221;full&#8221; alignment=&#8221;center&#8221; css_animation=&#8221;fadeIn&#8221;][\/vc_column][vc_column width=&#8221;3\/4&#8243;][vc_custom_heading text=&#8221;Dinamik Dok\u00fcman ve Form \u00d6zellikleri&#8221; font_container=&#8221;tag:h3|text_align:left&#8221; google_fonts=&#8221;font_family:Roboto%20Condensed%3A300%2C300italic%2Cregular%2Citalic%2C700%2C700italic|font_style:400%20regular%3A400%3Anormal&#8221;][vc_column_text]\n<p style=\"text-align: justify;\">EDMS, projelerde kullan\u0131lan dok\u00fcman tiplerini \u00f6zelle\u015ftirebilir. Her bir dok\u00fcman, kendine \u00f6zel alanlar ta\u015f\u0131r. Farkl\u0131 proje, farkl\u0131 disiplin, farkl\u0131 lokasyon, farkl\u0131 birim gibi ihtiya\u00e7lara \u00f6zel olu\u015fturulabilen farkl\u0131 ak\u0131\u015flar ve \u00f6zelle\u015ftirilmi\u015f dok\u00fcman tipleri ile takip edilebilir. Projelerde kullan\u0131lan, ilgili ki\u015filere iletilmesi, ilgili ki\u015filerden onay al\u0131nmas\u0131 ve periyodik olarak doldurulmas\u0131 gereken formlar EDMS \u00fczerinden tasarlanarak bilgiler kay\u0131t alt\u0131na al\u0131nabilir. B\u00f6ylece projelerin takibi sa\u011flan\u0131r.<\/p>\n[\/vc_column_text][\/vc_column][\/vc_row][vc_row css_animation=&#8221;none&#8221;][vc_column][vc_empty_space height=&#8221;20px&#8221;][\/vc_column][\/vc_row][vc_row css_animation=&#8221;none&#8221;][vc_column width=&#8221;2\/3&#8243;][vc_custom_heading text=&#8221;Dinamik Raporlama \u00d6zellikleri&#8221; font_container=&#8221;tag:h3|text_align:left&#8221; google_fonts=&#8221;font_family:Roboto%20Condensed%3A300%2C300italic%2Cregular%2Citalic%2C700%2C700italic|font_style:400%20regular%3A400%3Anormal&#8221;][vc_column_text]\n<p style=\"text-align: justify;\">EDMS, dinamik dok\u00fcman yap\u0131s\u0131n\u0131n yan\u0131 s\u0131ra dinamik raporlama \u00f6zelli\u011fini de beraberinde getirir. Proje, Disiplin, Lokasyon vs. bazl\u0131 olarak olu\u015fturulan farkl\u0131 tipte dok\u00fcmanlar, farkl\u0131 raporlar ile takip edilebilir. Dinamik raporlama \u00f6zelli\u011fi ile projeler ve s\u00fcre\u00e7lerle ilgili her t\u00fcrl\u00fc rapor olu\u015fturulup, projelerin takibi sa\u011flanabilir. EDMS\u2019in esnek raporlama \u00f6zelli\u011fi sayesinde var olan rapor tiplerinin yan\u0131s\u0131ra kullan\u0131c\u0131lar kendi belirledikleri kriterler do\u011frultusunda raporlar \u00e7ekebilirler. Zamanlama \u00f6zelli\u011fi ile periyodik raporlar kullan\u0131c\u0131lara d\u00fczenli olarak aktar\u0131l\u0131r.<\/p>\n[\/vc_column_text][\/vc_column][vc_column width=&#8221;1\/3&#8243;][vc_single_image image=&#8221;2371&#8243; img_size=&#8221;full&#8221; alignment=&#8221;center&#8221; css_animation=&#8221;fadeIn&#8221;][\/vc_column][\/vc_row][vc_row css_animation=&#8221;none&#8221;][vc_column][vc_empty_space height=&#8221;20px&#8221;][\/vc_column][\/vc_row][vc_row css_animation=&#8221;none&#8221;][vc_column width=&#8221;1\/4&#8243;][vc_single_image image=&#8221;2378&#8243; img_size=&#8221;full&#8221; alignment=&#8221;center&#8221; css_animation=&#8221;fadeIn&#8221;][\/vc_column][vc_column width=&#8221;3\/4&#8243;][vc_custom_heading text=&#8221;Versiyon Revizyon Takibi&#8221; font_container=&#8221;tag:h3|text_align:left&#8221; google_fonts=&#8221;font_family:Roboto%20Condensed%3A300%2C300italic%2Cregular%2Citalic%2C700%2C700italic|font_style:400%20regular%3A400%3Anormal&#8221;][vc_column_text]\n<p style=\"text-align: justify;\">EDMS, dok\u00fcmanlar \u00fczerinde yap\u0131lan t\u00fcm de\u011fi\u015fiklikleri ayr\u0131 versiyonlar olarak kaydeder ve g\u00f6sterir. Ge\u00e7mi\u015fe d\u00f6n\u00fck versiyon ve revizyon tarih\u00e7eleri \u00e7ok detayl\u0131 olarak takip edilir. Dok\u00fcman\u0131n kim taraf\u0131ndan ne zaman g\u00fcncellendi\u011fi bilgisini ve ilerleme durumlar\u0131n\u0131 takip etmeyi m\u00fcmk\u00fcn k\u0131lar.<\/p>\n[\/vc_column_text][\/vc_column][\/vc_row][vc_row css_animation=&#8221;fadeIn&#8221;][vc_column][vc_empty_space height=&#8221;20px&#8221;][\/vc_column][\/vc_row][vc_row css_animation=&#8221;none&#8221;][vc_column width=&#8221;2\/3&#8243;][vc_custom_heading text=&#8221;G\u00f6zden Ge\u00e7irme \/ Review&#8221; font_container=&#8221;tag:h3|text_align:left&#8221; google_fonts=&#8221;font_family:Roboto%20Condensed%3A300%2C300italic%2Cregular%2Citalic%2C700%2C700italic|font_style:400%20regular%3A400%3Anormal&#8221;][vc_column_text]\n<p style=\"text-align: justify;\">G\u00f6zden ge\u00e7irme i\u015flemi s\u0131ras\u0131nda dok\u00fcman i\u00e7erisindeki dosyalar\u0131n istenen b\u00f6l\u00fcmlerine not yazarak, \u00e7izerek, renk de\u011fi\u015ftirerek g\u00f6rsel veya yaz\u0131l\u0131 notlar al\u0131nabilir. Haz\u0131rlanan dok\u00fcmanlar yetki silsilesince son hallerine gelmeden \u00f6nce g\u00f6zden ge\u00e7irilir ve olas\u0131 eksiklikler EDMS \u00fczerinden dok\u00fcman\u0131 \u00fcreten ki\u015filere iletilir.<\/p>\n[\/vc_column_text][\/vc_column][vc_column width=&#8221;1\/3&#8243;][vc_single_image image=&#8221;2379&#8243; img_size=&#8221;full&#8221; alignment=&#8221;center&#8221; css_animation=&#8221;fadeIn&#8221;][\/vc_column][\/vc_row][vc_row css_animation=&#8221;none&#8221;][vc_column][vc_empty_space height=&#8221;20px&#8221;][\/vc_column][\/vc_row][vc_row css_animation=&#8221;none&#8221;][vc_column width=&#8221;1\/4&#8243;][vc_single_image image=&#8221;2384&#8243; img_size=&#8221;full&#8221; alignment=&#8221;center&#8221; css_animation=&#8221;fadeIn&#8221;][\/vc_column][vc_column width=&#8221;3\/4&#8243;][vc_custom_heading text=&#8221;Dosya Payla\u015f\u0131m ve Onay Sistemi \/ Transmittals&#8221; font_container=&#8221;tag:h3|text_align:left&#8221; google_fonts=&#8221;font_family:Roboto%20Condensed%3A300%2C300italic%2Cregular%2Citalic%2C700%2C700italic|font_style:400%20regular%3A400%3Anormal&#8221;][vc_column_text]\n<p style=\"text-align: justify;\">EDMS i\u00e7inde sisteme eklenen veya g\u00fcncellenen dosyalar\u0131 yay\u0131nlanmadan \u00f6nce onay mekanizmas\u0131na sokabilirsiniz. Dok\u00fcmanlar\u0131n onay sistemine sokulmas\u0131, se\u00e7ilen kullan\u0131c\u0131 ve gruplara otomatik bildirimler g\u00f6nderir.<\/p>\n[\/vc_column_text][\/vc_column][\/vc_row][vc_row css_animation=&#8221;none&#8221;][vc_column][vc_empty_space height=&#8221;20px&#8221;][\/vc_column][\/vc_row][vc_row css_animation=&#8221;none&#8221;][vc_column width=&#8221;2\/3&#8243;][vc_custom_heading text=&#8221;My Drive ve Common Drive&#8221; font_container=&#8221;tag:h3|text_align:left&#8221; google_fonts=&#8221;font_family:Roboto%20Condensed%3A300%2C300italic%2Cregular%2Citalic%2C700%2C700italic|font_style:400%20regular%3A400%3Anormal&#8221;][vc_column_text]\n<p style=\"text-align: justify;\">My Drive EDMS, kullan\u0131c\u0131lar\u0131na \u00f6zel \u00e7al\u0131\u015fma alan\u0131 sunar. Bu ki\u015fisel alanda kullan\u0131c\u0131 kendisine ait dosyalar\u0131n\u0131 saklayabilir. \u0130nternet eri\u015fimine sahip olunan her yerden; tabletten, cep telefonundan, bilgisayardan dosyalara ula\u015fmak m\u00fcmk\u00fcn hale gelir.<\/p>\n<p style=\"text-align: justify;\">Common Drive EDMS, ki\u015fisel \u00e7al\u0131\u015fma alanlar\u0131n\u0131n yan\u0131nda ortak \u00e7al\u0131\u015fma alanlar\u0131 da sunar. B\u00f6ylece y\u00fcksek boyutlu eklerden olu\u015fan e-posta trafiklerine gerek kalmadan kullan\u0131c\u0131lar aras\u0131nda ortak \u00e7al\u0131\u015f\u0131lan dosyalar\u0131n payla\u015f\u0131mlar\u0131 EDMS \u00fczerinden yap\u0131labilir, dosyalarda hangi tarihte hangi kullan\u0131c\u0131 taraf\u0131ndan de\u011fi\u015fiklik yap\u0131ld\u0131\u011f\u0131 izlenebilir. Farkl\u0131 dosya g\u00f6nderim programlar\u0131na ihtiya\u00e7 duymadan EDMS \u00fczerinde y\u00fcksek boyutlu dosyalar g\u00f6nderilmesine de olanak sa\u011flar.<\/p>\n[\/vc_column_text][\/vc_column][vc_column width=&#8221;1\/3&#8243;][vc_single_image image=&#8221;2385&#8243; img_size=&#8221;full&#8221; alignment=&#8221;center&#8221; css_animation=&#8221;fadeIn&#8221;][\/vc_column][\/vc_row][vc_row css_animation=&#8221;none&#8221;][vc_column][vc_empty_space height=&#8221;20px&#8221;][\/vc_column][\/vc_row][vc_row css_animation=&#8221;none&#8221;][vc_column width=&#8221;1\/4&#8243;][vc_single_image image=&#8221;2386&#8243; img_size=&#8221;full&#8221; alignment=&#8221;center&#8221; css_animation=&#8221;fadeIn&#8221;][vc_empty_space height=&#8221;20px&#8221;][\/vc_column][vc_column width=&#8221;3\/4&#8243;][vc_custom_heading text=&#8221;Web Tabanl\u0131 Yetki Bazl\u0131 Eri\u015fim&#8221; font_container=&#8221;tag:h3|text_align:left&#8221; google_fonts=&#8221;font_family:Roboto%20Condensed%3A300%2C300italic%2Cregular%2Citalic%2C700%2C700italic|font_style:400%20regular%3A400%3Anormal&#8221;][vc_column_text]\n<p style=\"text-align: justify;\">EDMS\u2019e d\u00fcnyan\u0131n her yerinden bilgisayarlar, tabletler veya ak\u0131ll\u0131 telefonlar \u00fczerinden kullan\u0131c\u0131 ad\u0131 ve \u015fifre girerek ba\u011flanmak m\u00fcmk\u00fcnd\u00fcr. EDMS, farkl\u0131 lokasyonlar aras\u0131nda b\u00fcy\u00fck \u00f6l\u00e7ekli dok\u00fcman al\u0131\u015fveri\u015fini sa\u011flamak i\u00e7in k\u00fcresel senkronize da\u011f\u0131t\u0131m sistemi kullan\u0131r.<\/p>\n<p style=\"text-align: justify;\">EDMS\u2019te kullan\u0131c\u0131lar yetkileri \u00e7er\u00e7evesinde klas\u00f6r olu\u015fturabilir, dokuman yaratabilir, dosya y\u00fckleyebilir, dosyalar\u0131 g\u00f6r\u00fcnt\u00fcleyebilir ve revize edebilir. T\u00fcm bu klas\u00f6r \u2013 alt klas\u00f6r \u2013 dok\u00fcman \u2013 dosya hiyerar\u015fisi klas\u00f6r a\u011fac\u0131n\u0131 olu\u015fturur.<\/p>\n[\/vc_column_text][\/vc_column][\/vc_row]\n<\/div>","protected":false},"excerpt":{"rendered":"<p>[vc_row css_animation=&#8221;none&#8221; ult_hide_row=&#8221;ult_hide_row_value&#8221; ult_hide_row_tablet_small=&#8221;xs_tablet&#8221; ult_hide_row_mobile=&#8221;mobile&#8221;][vc_column width=&#8221;1\/5&#8243;][\/vc_column][vc_column width=&#8221;1\/5&#8243;][\/vc_column][vc_column width=&#8221;1\/5&#8243;][\/vc_column][vc_column width=&#8221;1\/5&#8243;][\/vc_column][vc_column width=&#8221;1\/5&#8243;][\/vc_column][\/vc_row][vc_row css_animation=&#8221;none&#8221;][vc_column][vc_empty_space height=&#8221;45px&#8221;][vc_empty_space height=&#8221;45px&#8221;][\/vc_column][\/vc_row][vc_row css_animation=&#8221;none&#8221;][vc_column width=&#8221;1\/2&#8243;][vc_column_text] Dok\u00fcman y\u00f6netimi, projenin dok\u00fcmantasyon biriminin ve projeye m\u00fcdahil olan, i\u015fveren, tasar\u0131mc\u0131, dan\u0131\u015fman, kontrol\u00f6r, proje y\u00f6neticileri, merkez kullan\u0131c\u0131lar\u0131, destek ekipleri, \u00fcretici, tedarik\u00e7i, alt y\u00fckleniciler gibi t\u00fcm kullan\u0131c\u0131lar\u0131n etkin kat\u0131l\u0131m\u0131n\u0131 gerektiren bir s\u00fcre\u00e7tir. EDMS kullan\u0131c\u0131lar\u0131, yetkileri \u00e7er\u00e7evesinde, dok\u00fcman olu\u015fturabilir, dosya y\u00fckleyebilir, dok\u00fcmanlar\u0131 <a class=\"more-link\" href=\"https:\/\/www.enkasystems.com\/tr\/cozumler\/edms-dokuman-yonetim-sistemi\/edms-ozellikler\/\">Continue reading <i class=\"fa fa-chevron-right\"><\/i><\/a><\/p>\n","protected":false},"author":3,"featured_media":0,"parent":3727,"menu_order":0,"comment_status":"closed","ping_status":"closed","template":"","meta":{"_acf_changed":false,"om_disable_all_campaigns":false,"_monsterinsights_skip_tracking":false,"_monsterinsights_sitenote_active":false,"_monsterinsights_sitenote_note":"","_monsterinsights_sitenote_category":0,"footnotes":""},"categories":[511],"tags":[354],"class_list":["post-3840","page","type-page","status-publish","hentry","category-edms-kuresel-dokuman-yonetim-sistemi","tag-edms-ozellikleri"],"aioseo_notices":[],"acf":[],"_links":{"self":[{"href":"https:\/\/www.enkasystems.com\/tr\/wp-json\/wp\/v2\/pages\/3840","targetHints":{"allow":["GET"]}}],"collection":[{"href":"https:\/\/www.enkasystems.com\/tr\/wp-json\/wp\/v2\/pages"}],"about":[{"href":"https:\/\/www.enkasystems.com\/tr\/wp-json\/wp\/v2\/types\/page"}],"author":[{"embeddable":true,"href":"https:\/\/www.enkasystems.com\/tr\/wp-json\/wp\/v2\/users\/3"}],"replies":[{"embeddable":true,"href":"https:\/\/www.enkasystems.com\/tr\/wp-json\/wp\/v2\/comments?post=3840"}],"version-history":[{"count":0,"href":"https:\/\/www.enkasystems.com\/tr\/wp-json\/wp\/v2\/pages\/3840\/revisions"}],"up":[{"embeddable":true,"href":"https:\/\/www.enkasystems.com\/tr\/wp-json\/wp\/v2\/pages\/3727"}],"wp:attachment":[{"href":"https:\/\/www.enkasystems.com\/tr\/wp-json\/wp\/v2\/media?parent=3840"}],"wp:term":[{"taxonomy":"category","embeddable":true,"href":"https:\/\/www.enkasystems.com\/tr\/wp-json\/wp\/v2\/categories?post=3840"},{"taxonomy":"post_tag","embeddable":true,"href":"https:\/\/www.enkasystems.com\/tr\/wp-json\/wp\/v2\/tags?post=3840"}],"curies":[{"name":"wp","href":"https:\/\/api.w.org\/{rel}","templated":true}]}}