{"id":3807,"date":"2019-03-01T12:27:11","date_gmt":"2019-03-01T09:27:11","guid":{"rendered":"http:\/\/212.175.79.198\/~enkasystems\/solutions\/edms-document-management\/bim-suite\/"},"modified":"2022-09-08T08:58:44","modified_gmt":"2022-09-08T05:58:44","slug":"bim-suite","status":"publish","type":"page","link":"https:\/\/www.enkasystems.com\/tr\/cozumler\/edms-dokuman-yonetim-sistemi\/bim-suite\/","title":{"rendered":"BIM Suite"},"content":{"rendered":"<div class=\"wpb-content-wrapper\">[vc_row equal_height=&#8221;yes&#8221; css_animation=&#8221;none&#8221; ult_hide_row=&#8221;ult_hide_row_value&#8221; ult_hide_row_tablet_small=&#8221;xs_tablet&#8221; ult_hide_row_mobile=&#8221;mobile&#8221;][vc_column width=&#8221;1\/5&#8243;]<div class=\" ubtn-ctn-center \"><a class=\"ubtn-link ult-adjust-bottom-margin ubtn-center ubtn-block \" href=\"https:\/\/www.enkasystems.com\/tr\/cozumler\/edms-dokuman-yonetim-sistemi\/neden-edms-kullanmalisiniz\/\" title=\"NEDEN EDMS?\" ><button type=\"button\" id=\"ubtn-2202\"  class=\"ubtn ult-adjust-bottom-margin ult-responsive ubtn-block ubtn-fade-bg  none  ubtn-center   tooltip-69e498156d35c ubtn-block\"  data-hover=\"#fe5252\" data-border-color=\"#f7f7f7\" data-bg=\"#ffffff\" data-hover-bg=\"\" data-border-hover=\"#e2e2e2\" data-shadow-hover=\"\" data-shadow-click=\"none\" data-shadow=\"\" data-shd-shadow=\"\"  data-ultimate-target='#ubtn-2202'  data-responsive-json-new='{\"font-size\":\"desktop:15px;\",\"line-height\":\"\"}'  style=\"font-weight:normal;border-radius:3px;border-width:10px;border-color:#f7f7f7;border-style:solid;background: #ffffff;color: #1e73be;\"><span class=\"ubtn-hover\" style=\"background-color:\"><\/span><span class=\"ubtn-data ubtn-text \" >Neden EDMS``K\u00fcresel Dok\u00fcman Y\u00f6netim Sistemi``?<\/span><\/button><\/a><\/div>[\/vc_column][vc_column width=&#8221;1\/5&#8243;]<div class=\" ubtn-ctn-center \"><a class=\"ubtn-link ult-adjust-bottom-margin ubtn-center ubtn-block \" href=\"https:\/\/www.enkasystems.com\/tr\/cozumler\/edms-dokuman-yonetim-sistemi\/edms-genel-bakis\/\" title=\"EDMS GENEL BAKI\u015e\" ><button type=\"button\" id=\"ubtn-4050\"  class=\"ubtn ult-adjust-bottom-margin ult-responsive ubtn-block ubtn-fade-bg  none  ubtn-center   tooltip-69e498156d414 ubtn-block\"  data-hover=\"#fe5252\" data-border-color=\"#f7f7f7\" data-bg=\"#ffffff\" data-hover-bg=\"\" data-border-hover=\"#e2e2e2\" data-shadow-hover=\"\" data-shadow-click=\"none\" data-shadow=\"\" data-shd-shadow=\"\"  data-ultimate-target='#ubtn-4050'  data-responsive-json-new='{\"font-size\":\"desktop:15px;\",\"line-height\":\"\"}'  style=\"font-weight:normal;border-radius:3px;border-width:10px;border-color:#f7f7f7;border-style:solid;background: #ffffff;color: #1e73be;\"><span class=\"ubtn-hover\" style=\"background-color:\"><\/span><span class=\"ubtn-data ubtn-text \" >EDMS Genel Bak\u0131\u015f<\/span><\/button><\/a><\/div>[\/vc_column][vc_column width=&#8221;1\/5&#8243;]<div class=\" ubtn-ctn-center \"><a class=\"ubtn-link ult-adjust-bottom-margin ubtn-center ubtn-block \" href=\"https:\/\/www.enkasystems.com\/tr\/cozumler\/edms-dokuman-yonetim-sistemi\/edms-ozellikler\/\" title=\"EDMS \u00d6zellikler\" ><button type=\"button\" id=\"ubtn-7563\"  class=\"ubtn ult-adjust-bottom-margin ult-responsive ubtn-block ubtn-fade-bg  none  ubtn-center   tooltip-69e498156d45b ubtn-block\"  data-hover=\"#fe5252\" data-border-color=\"#f7f7f7\" data-bg=\"#ffffff\" data-hover-bg=\"\" data-border-hover=\"#e2e2e2\" data-shadow-hover=\"\" data-shadow-click=\"none\" data-shadow=\"\" data-shd-shadow=\"\"  data-ultimate-target='#ubtn-7563'  data-responsive-json-new='{\"font-size\":\"desktop:15px;\",\"line-height\":\"\"}'  style=\"font-weight:normal;border-radius:3px;border-width:10px;border-color:#f7f7f7;border-style:solid;background: #ffffff;color: #1e73be;\"><span class=\"ubtn-hover\" style=\"background-color:\"><\/span><span class=\"ubtn-data ubtn-text \" >EDMS Genel \u00d6zellikler<\/span><\/button><\/a><\/div>[\/vc_column][vc_column width=&#8221;1\/5&#8243;]<div class=\" ubtn-ctn-center \"><a class=\"ubtn-link ult-adjust-bottom-margin ubtn-center ubtn-block \" href=\"https:\/\/www.enkasystems.com\/tr\/cozumler\/edms-dokuman-yonetim-sistemi\/bim-suite\/\" title=\"BIM SUITE\" ><button type=\"button\" id=\"ubtn-4598\"  class=\"ubtn ult-adjust-bottom-margin ult-responsive ubtn-block ubtn-fade-bg  none  ubtn-center   tooltip-69e498156d4a2 ubtn-block\"  data-hover=\"#fe5252\" data-border-color=\"#1e73be\" data-bg=\"#ffffff\" data-hover-bg=\"\" data-border-hover=\"#e2e2e2\" data-shadow-hover=\"\" data-shadow-click=\"none\" data-shadow=\"\" data-shd-shadow=\"\"  data-ultimate-target='#ubtn-4598'  data-responsive-json-new='{\"font-size\":\"desktop:15px;\",\"line-height\":\"\"}'  style=\"font-weight:bold;border-radius:3px;border-width:10px;border-color:#1e73be;border-style:solid;background: #ffffff;color: #1e73be;\"><span class=\"ubtn-hover\" style=\"background-color:\"><\/span><span class=\"ubtn-data ubtn-text \" >BIM (Yap\u0131 Bilgi Modellemesi) Deste\u011fi<\/span><\/button><\/a><\/div>[\/vc_column][vc_column width=&#8221;1\/5&#8243;]<div class=\" ubtn-ctn-center \"><a class=\"ubtn-link ult-adjust-bottom-margin ubtn-center ubtn-block \" href=\"https:\/\/www.enkasystems.com\/tr\/cozumler\/edms-dokuman-yonetim-sistemi\/edms-dokuman\/\" title=\"EDMS Dok\u00fcman\" ><button type=\"button\" id=\"ubtn-1533\"  class=\"ubtn ult-adjust-bottom-margin ult-responsive ubtn-block ubtn-fade-bg  none  ubtn-center   tooltip-69e498156d4f3 ubtn-block\"  data-hover=\"#fe5252\" data-border-color=\"#f7f7f7\" data-bg=\"#ffffff\" data-hover-bg=\"\" data-border-hover=\"#e2e2e2\" data-shadow-hover=\"\" data-shadow-click=\"none\" data-shadow=\"\" data-shd-shadow=\"\"  data-ultimate-target='#ubtn-1533'  data-responsive-json-new='{\"font-size\":\"desktop:15px;\",\"line-height\":\"\"}'  style=\"font-weight:normal;border-radius:3px;border-width:10px;border-color:#f7f7f7;border-style:solid;background: #ffffff;color: #1e73be;\"><span class=\"ubtn-hover\" style=\"background-color:\"><\/span><span class=\"ubtn-data ubtn-text \" >EDMS Bro\u015f\u00fcr &amp; Kataloglar<\/span><\/button><\/a><\/div>[\/vc_column][\/vc_row][vc_row css_animation=&#8221;none&#8221;][vc_column][vc_basic_grid post_type=&#8221;page&#8221; max_items=&#8221;10&#8243; element_width=&#8221;6&#8243; gap=&#8221;15&#8243; order=&#8221;ASC&#8221; item=&#8221;2737&#8243; grid_id=&#8221;vc_gid:1597216166246-120af124-57fc-9&#8243; taxonomies=&#8221;538&#8243;][\/vc_column][\/vc_row]\n<\/div>","protected":false},"excerpt":{"rendered":"<p>[vc_row equal_height=&#8221;yes&#8221; css_animation=&#8221;none&#8221; ult_hide_row=&#8221;ult_hide_row_value&#8221; ult_hide_row_tablet_small=&#8221;xs_tablet&#8221; ult_hide_row_mobile=&#8221;mobile&#8221;][vc_column width=&#8221;1\/5&#8243;][\/vc_column][vc_column width=&#8221;1\/5&#8243;][\/vc_column][vc_column width=&#8221;1\/5&#8243;][\/vc_column][vc_column width=&#8221;1\/5&#8243;][\/vc_column][vc_column width=&#8221;1\/5&#8243;][\/vc_column][\/vc_row][vc_row css_animation=&#8221;none&#8221;][vc_column][vc_basic_grid post_type=&#8221;page&#8221; max_items=&#8221;10&#8243; element_width=&#8221;6&#8243; gap=&#8221;15&#8243; order=&#8221;ASC&#8221; item=&#8221;2737&#8243; grid_id=&#8221;vc_gid:1597216166246-120af124-57fc-9&#8243; taxonomies=&#8221;538&#8243;][\/vc_column][\/vc_row]<\/p>\n","protected":false},"author":3,"featured_media":0,"parent":3727,"menu_order":0,"comment_status":"closed","ping_status":"closed","template":"","meta":{"_acf_changed":false,"om_disable_all_campaigns":false,"_monsterinsights_skip_tracking":false,"_monsterinsights_sitenote_active":false,"_monsterinsights_sitenote_note":"","_monsterinsights_sitenote_category":0,"footnotes":""},"categories":[538,511],"tags":[357],"class_list":["post-3807","page","type-page","status-publish","hentry","category-bim-suit","category-edms-kuresel-dokuman-yonetim-sistemi","tag-bim-suite-tr"],"aioseo_notices":[],"acf":[],"_links":{"self":[{"href":"https:\/\/www.enkasystems.com\/tr\/wp-json\/wp\/v2\/pages\/3807","targetHints":{"allow":["GET"]}}],"collection":[{"href":"https:\/\/www.enkasystems.com\/tr\/wp-json\/wp\/v2\/pages"}],"about":[{"href":"https:\/\/www.enkasystems.com\/tr\/wp-json\/wp\/v2\/types\/page"}],"author":[{"embeddable":true,"href":"https:\/\/www.enkasystems.com\/tr\/wp-json\/wp\/v2\/users\/3"}],"replies":[{"embeddable":true,"href":"https:\/\/www.enkasystems.com\/tr\/wp-json\/wp\/v2\/comments?post=3807"}],"version-history":[{"count":1,"href":"https:\/\/www.enkasystems.com\/tr\/wp-json\/wp\/v2\/pages\/3807\/revisions"}],"predecessor-version":[{"id":15211,"href":"https:\/\/www.enkasystems.com\/tr\/wp-json\/wp\/v2\/pages\/3807\/revisions\/15211"}],"up":[{"embeddable":true,"href":"https:\/\/www.enkasystems.com\/tr\/wp-json\/wp\/v2\/pages\/3727"}],"wp:attachment":[{"href":"https:\/\/www.enkasystems.com\/tr\/wp-json\/wp\/v2\/media?parent=3807"}],"wp:term":[{"taxonomy":"category","embeddable":true,"href":"https:\/\/www.enkasystems.com\/tr\/wp-json\/wp\/v2\/categories?post=3807"},{"taxonomy":"post_tag","embeddable":true,"href":"https:\/\/www.enkasystems.com\/tr\/wp-json\/wp\/v2\/tags?post=3807"}],"curies":[{"name":"wp","href":"https:\/\/api.w.org\/{rel}","templated":true}]}}