{"id":3805,"date":"2019-03-01T12:25:36","date_gmt":"2019-03-01T09:25:36","guid":{"rendered":"http:\/\/212.175.79.198\/~enkasystems\/solutions\/"},"modified":"2022-09-08T08:58:39","modified_gmt":"2022-09-08T05:58:39","slug":"cozumler","status":"publish","type":"page","link":"https:\/\/www.enkasystems.com\/tr\/cozumler\/","title":{"rendered":"\u00c7\u00f6z\u00fcmler"},"content":{"rendered":"<div class=\"wpb-content-wrapper\">[vc_row css_animation=&#8221;none&#8221; el_id=&#8221;home&#8221;][vc_column]<div class=\"clearfix\" style=\"height: 10px\"><\/div><div id=\"ultimate-heading-927069e8b286e91c4\" class=\"uvc-heading ult-adjust-bottom-margin ultimate-heading-927069e8b286e91c4 uvc-8269 \" data-hspacer=\"line_only\"  data-halign=\"center\" style=\"text-align:center\"><div class=\"uvc-main-heading ult-responsive\"  data-ultimate-target='.uvc-heading.ultimate-heading-927069e8b286e91c4 h1'  data-responsive-json-new='{\"font-size\":\"desktop:44px;mobile:35px;\",\"line-height\":\"desktop:30px;\"}' ><h1 style=\"font-weight:bold;color:#1e73be;\">ENKA Systems<\/h1><\/div><div class=\"uvc-heading-spacer line_only\" style=\"margin-top:20px;margin-bottom:20px;height:3px;\"><span class=\"uvc-headings-line\" style=\"border-style:solid;border-bottom-width:3px;border-color:#fe5252;width:300px;\"><\/span><\/div><div class=\"uvc-sub-heading ult-responsive\"  data-ultimate-target='.uvc-heading.ultimate-heading-927069e8b286e91c4 .uvc-sub-heading '  data-responsive-json-new='{\"font-size\":\"desktop:32px;mobile:28px;\",\"line-height\":\"desktop:30px;\"}'  style=\"font-weight:normal;\">\n<p style=\"text-align: center;\">Daha \u0130yi Bir Gelecek \u0130\u00e7in Teknoloji<\/p>\n<\/div><\/div><div class=\"clearfix\" style=\"height: 30px\"><\/div>[\/vc_column][\/vc_row][vc_row full_width=&#8221;stretch_row_content&#8221; css_animation=&#8221;none&#8221;][vc_column width=&#8221;1\/6&#8243;][\/vc_column][vc_column width=&#8221;1\/6&#8243;][vc_basic_grid post_type=&#8221;page&#8221; max_items=&#8221;1&#8243; element_width=&#8221;12&#8243; gap=&#8221;0&#8243; item=&#8221;2880&#8243; grid_id=&#8221;vc_gid:1592747627981-67ebe091-a0d5-10&#8243; taxonomies=&#8221;654&#8243;][\/vc_column][vc_column width=&#8221;1\/6&#8243;][vc_basic_grid post_type=&#8221;page&#8221; max_items=&#8221;1&#8243; element_width=&#8221;12&#8243; gap=&#8221;0&#8243; item=&#8221;2880&#8243; grid_id=&#8221;vc_gid:1592747627982-2ebd65e1-4e50-1&#8243; taxonomies=&#8221;655&#8243;][\/vc_column][vc_column width=&#8221;1\/6&#8243;][vc_basic_grid post_type=&#8221;page&#8221; max_items=&#8221;1&#8243; element_width=&#8221;12&#8243; gap=&#8221;0&#8243; item=&#8221;2880&#8243; grid_id=&#8221;vc_gid:1592747627983-d77be930-d11b-6&#8243; taxonomies=&#8221;656&#8243;][\/vc_column][vc_column width=&#8221;1\/6&#8243;][vc_basic_grid post_type=&#8221;page&#8221; max_items=&#8221;1&#8243; element_width=&#8221;12&#8243; gap=&#8221;0&#8243; item=&#8221;2880&#8243; grid_id=&#8221;vc_gid:1592747627983-3c0e3716-a75e-8&#8243; taxonomies=&#8221;658&#8243;][\/vc_column][vc_column width=&#8221;1\/6&#8243;][\/vc_column][\/vc_row][vc_row full_width=&#8221;stretch_row_content&#8221; css_animation=&#8221;none&#8221;][vc_column width=&#8221;1\/6&#8243;][\/vc_column][vc_column width=&#8221;1\/6&#8243;][vc_basic_grid post_type=&#8221;page&#8221; max_items=&#8221;1&#8243; element_width=&#8221;12&#8243; gap=&#8221;0&#8243; item=&#8221;2880&#8243; grid_id=&#8221;vc_gid:1592747627985-5d4d8b83-8db9-0&#8243; taxonomies=&#8221;659&#8243;][\/vc_column][vc_column width=&#8221;1\/6&#8243;][vc_basic_grid post_type=&#8221;page&#8221; max_items=&#8221;1&#8243; element_width=&#8221;12&#8243; gap=&#8221;0&#8243; item=&#8221;2880&#8243; grid_id=&#8221;vc_gid:1592747627986-d0f2ca83-dd4d-3&#8243; taxonomies=&#8221;657&#8243;][\/vc_column][vc_column width=&#8221;1\/6&#8243;][vc_basic_grid post_type=&#8221;page&#8221; max_items=&#8221;1&#8243; element_width=&#8221;12&#8243; gap=&#8221;0&#8243; item=&#8221;2880&#8243; grid_id=&#8221;vc_gid:1592747627987-3d37698f-b233-2&#8243; taxonomies=&#8221;660&#8243;][\/vc_column][vc_column width=&#8221;1\/6&#8243;][vc_basic_grid post_type=&#8221;page&#8221; max_items=&#8221;1&#8243; element_width=&#8221;12&#8243; gap=&#8221;0&#8243; item=&#8221;2880&#8243; grid_id=&#8221;vc_gid:1592747627987-cc2da312-c67b-3&#8243; taxonomies=&#8221;661&#8243;][\/vc_column][vc_column width=&#8221;1\/6&#8243;][\/vc_column][\/vc_row]\n<\/div>","protected":false},"excerpt":{"rendered":"<p>[vc_row css_animation=&#8221;none&#8221; el_id=&#8221;home&#8221;][vc_column][\/vc_column][\/vc_row][vc_row full_width=&#8221;stretch_row_content&#8221; css_animation=&#8221;none&#8221;][vc_column width=&#8221;1\/6&#8243;][\/vc_column][vc_column width=&#8221;1\/6&#8243;][vc_basic_grid post_type=&#8221;page&#8221; max_items=&#8221;1&#8243; element_width=&#8221;12&#8243; gap=&#8221;0&#8243; item=&#8221;2880&#8243; grid_id=&#8221;vc_gid:1592747627981-67ebe091-a0d5-10&#8243; taxonomies=&#8221;654&#8243;][\/vc_column][vc_column width=&#8221;1\/6&#8243;][vc_basic_grid post_type=&#8221;page&#8221; max_items=&#8221;1&#8243; element_width=&#8221;12&#8243; gap=&#8221;0&#8243; item=&#8221;2880&#8243; grid_id=&#8221;vc_gid:1592747627982-2ebd65e1-4e50-1&#8243; taxonomies=&#8221;655&#8243;][\/vc_column][vc_column width=&#8221;1\/6&#8243;][vc_basic_grid post_type=&#8221;page&#8221; max_items=&#8221;1&#8243; element_width=&#8221;12&#8243; gap=&#8221;0&#8243; item=&#8221;2880&#8243; grid_id=&#8221;vc_gid:1592747627983-d77be930-d11b-6&#8243; taxonomies=&#8221;656&#8243;][\/vc_column][vc_column width=&#8221;1\/6&#8243;][vc_basic_grid post_type=&#8221;page&#8221; max_items=&#8221;1&#8243; element_width=&#8221;12&#8243; gap=&#8221;0&#8243; item=&#8221;2880&#8243; grid_id=&#8221;vc_gid:1592747627983-3c0e3716-a75e-8&#8243; taxonomies=&#8221;658&#8243;][\/vc_column][vc_column width=&#8221;1\/6&#8243;][\/vc_column][\/vc_row][vc_row full_width=&#8221;stretch_row_content&#8221; css_animation=&#8221;none&#8221;][vc_column width=&#8221;1\/6&#8243;][\/vc_column][vc_column width=&#8221;1\/6&#8243;][vc_basic_grid post_type=&#8221;page&#8221; max_items=&#8221;1&#8243; element_width=&#8221;12&#8243; gap=&#8221;0&#8243; item=&#8221;2880&#8243; grid_id=&#8221;vc_gid:1592747627985-5d4d8b83-8db9-0&#8243; taxonomies=&#8221;659&#8243;][\/vc_column][vc_column width=&#8221;1\/6&#8243;][vc_basic_grid post_type=&#8221;page&#8221; max_items=&#8221;1&#8243; element_width=&#8221;12&#8243; gap=&#8221;0&#8243; <a class=\"more-link\" href=\"https:\/\/www.enkasystems.com\/tr\/cozumler\/\">Continue reading <i class=\"fa fa-chevron-right\"><\/i><\/a><\/p>\n","protected":false},"author":3,"featured_media":0,"parent":0,"menu_order":0,"comment_status":"closed","ping_status":"closed","template":"","meta":{"_acf_changed":false,"om_disable_all_campaigns":false,"_monsterinsights_skip_tracking":false,"_monsterinsights_sitenote_active":false,"_monsterinsights_sitenote_note":"","_monsterinsights_sitenote_category":0,"footnotes":""},"categories":[22],"tags":[],"class_list":["post-3805","page","type-page","status-publish","hentry","category-genel"],"aioseo_notices":[],"acf":[],"_links":{"self":[{"href":"https:\/\/www.enkasystems.com\/tr\/wp-json\/wp\/v2\/pages\/3805","targetHints":{"allow":["GET"]}}],"collection":[{"href":"https:\/\/www.enkasystems.com\/tr\/wp-json\/wp\/v2\/pages"}],"about":[{"href":"https:\/\/www.enkasystems.com\/tr\/wp-json\/wp\/v2\/types\/page"}],"author":[{"embeddable":true,"href":"https:\/\/www.enkasystems.com\/tr\/wp-json\/wp\/v2\/users\/3"}],"replies":[{"embeddable":true,"href":"https:\/\/www.enkasystems.com\/tr\/wp-json\/wp\/v2\/comments?post=3805"}],"version-history":[{"count":1,"href":"https:\/\/www.enkasystems.com\/tr\/wp-json\/wp\/v2\/pages\/3805\/revisions"}],"predecessor-version":[{"id":15209,"href":"https:\/\/www.enkasystems.com\/tr\/wp-json\/wp\/v2\/pages\/3805\/revisions\/15209"}],"wp:attachment":[{"href":"https:\/\/www.enkasystems.com\/tr\/wp-json\/wp\/v2\/media?parent=3805"}],"wp:term":[{"taxonomy":"category","embeddable":true,"href":"https:\/\/www.enkasystems.com\/tr\/wp-json\/wp\/v2\/categories?post=3805"},{"taxonomy":"post_tag","embeddable":true,"href":"https:\/\/www.enkasystems.com\/tr\/wp-json\/wp\/v2\/tags?post=3805"}],"curies":[{"name":"wp","href":"https:\/\/api.w.org\/{rel}","templated":true}]}}