{"id":3747,"date":"2019-03-01T15:08:45","date_gmt":"2019-03-01T12:08:45","guid":{"rendered":"http:\/\/212.175.79.198\/~enkasystems\/contact-us\/"},"modified":"2022-09-08T09:05:26","modified_gmt":"2022-09-08T06:05:26","slug":"iletisim","status":"publish","type":"page","link":"https:\/\/www.enkasystems.com\/tr\/iletisim\/","title":{"rendered":"\u0130LET\u0130\u015e\u0130M"},"content":{"rendered":"<div class=\"wpb-content-wrapper\">[vc_section full_width=&#8221;stretch_row&#8221; css_animation=&#8221;fadeIn&#8221; css=&#8221;.vc_custom_1554217299064{margin-top: 0px !important;margin-bottom: 0px !important;padding-top: 0px !important;padding-bottom: 0px !important;background-color: #ffffff !important;background-position: center !important;background-repeat: no-repeat !important;background-size: cover !important;}&#8221;][\/vc_section][vc_row gap=&#8221;10&#8243; equal_height=&#8221;yes&#8221; css_animation=&#8221;none&#8221;][vc_column width=&#8221;1\/4&#8243;][\/vc_column][vc_column width=&#8221;1\/4&#8243; css=&#8221;.vc_custom_1552992352532{border-top-width: 1px !important;border-right-width: 1px !important;border-bottom-width: 1px !important;border-left-width: 1px !important;background-color: #f7f7f7 !important;border-left-color: #b5b5b5!important;border-left-style: solid !important;border-right-color: #b5b5b5 !important;border-right-style: solid !important;border-top-color: #b5b5b5 !important;border-top-style: solid !important;border-bottom-color: #b5b5b5!important;border-bottom-style: solid !important;}&#8221;][vc_single_image image=&#8221;2382&#8243; img_size=&#8221;full&#8221; css=&#8221;.vc_custom_1552992472129{margin-top: 0px !important;margin-bottom: 0px !important;padding-top: 0px !important;padding-bottom: 0px !important;}&#8221; el_class=&#8221;image-preview-size-item&#8221;][vc_row_inner css=&#8221;.vc_custom_1519797578127{margin-top: 0px !important;margin-bottom: 0px !important;padding-top: 25px !important;padding-right: 40px !important;padding-bottom: 25px !important;padding-left: 40px !important;}&#8221;][vc_column_inner css=&#8221;.vc_custom_1556262112749{margin-top: 0px !important;margin-bottom: 0px !important;padding-top: 0px !important;padding-right: 0px !important;padding-bottom: 0px !important;padding-left: 0px !important;background-image: url(https:\/\/www.enkasystems.com\/wp-content\/uploads\/2019\/04\/icon2-background.png?id=6450) !important;background-position: center !important;background-repeat: no-repeat !important;background-size: cover !important;}&#8221;][vc_custom_heading text=&#8221;\u0130STANBUL \/ BE\u015e\u0130KTA\u015e MERKEZ OF\u0130S&#8221; font_container=&#8221;tag:h2|font_size:16px|text_align:left|line_height:27px&#8221; use_theme_fonts=&#8221;yes&#8221;][vc_column_text el_class=&#8221;contact-info-custom&#8221; css=&#8221;.vc_custom_1579793422203{margin-top: 16px !important;margin-bottom: 0px !important;padding-top: 0px !important;padding-bottom: 0px !important;}&#8221;]\n<ul>\n<li><i class=\"fa fa-map-marker\"><\/i>Balmumcu Mah. Zincirlikuyu Yolu No:10 34349<\/li>\n<li><i class=\"fa fa-phone\"><\/i>+90 (212) 376 19 10<\/li>\n<li><i class=\"fa fa-envelope\"><\/i><a href=\"mailto:info@enkasystems.com\" target=\"_blank\" rel=\"noopener noreferrer\">info@enkasystems.com<\/a><\/li>\n<\/ul>\n[\/vc_column_text][\/vc_column_inner][\/vc_row_inner][\/vc_column][vc_column width=&#8221;1\/4&#8243; css=&#8221;.vc_custom_1552992372724{border-top-width: 1px !important;border-right-width: 1px !important;border-bottom-width: 1px !important;border-left-width: 1px !important;background-color: #f7f7f7 !important;border-left-color: #b5b5b5 !important;border-left-style: solid !important;border-right-color: #b5b5b5 !important;border-right-style: solid !important;border-top-color: #b5b5b5 !important;border-top-style: solid !important;border-bottom-color: #b5b5b5 !important;border-bottom-style: solid !important;}&#8221;][vc_single_image image=&#8221;2383&#8243; img_size=&#8221;full&#8221; css=&#8221;.vc_custom_1552992465023{margin-top: 0px !important;margin-bottom: 0px !important;padding-top: 0px !important;padding-bottom: 0px !important;}&#8221;][vc_row_inner css=&#8221;.vc_custom_1519797589486{margin-top: 0px !important;margin-bottom: 0px !important;padding-top: 25px !important;padding-right: 40px !important;padding-bottom: 25px !important;padding-left: 40px !important;}&#8221;][vc_column_inner css=&#8221;.vc_custom_1556262241216{margin-top: 0px !important;margin-bottom: 0px !important;padding-top: 0px !important;padding-right: 0px !important;padding-bottom: 0px !important;padding-left: 0px !important;background-position: center !important;background-repeat: no-repeat !important;background-size: cover !important;}&#8221;][vc_custom_heading text=&#8221;HOLLANDA OF\u0130S&#8221; font_container=&#8221;tag:h2|font_size:16px|text_align:left|line_height:27px&#8221; use_theme_fonts=&#8221;yes&#8221;][vc_column_text el_class=&#8221;contact-info-custom&#8221; css=&#8221;.vc_custom_1571666800622{margin-top: 16px !important;margin-bottom: 0px !important;padding-top: 0px !important;padding-bottom: 0px !important;}&#8221;]\n<ul>\n<li><i class=\"fa fa-map-marker\"><\/i>Jupiterstraat 55 2132 HC Hoofddorp, The Netherlands<\/li>\n<li><i class=\"fa fa-phone\"><\/i>+31 23 565 24 65<\/li>\n<li><i class=\"fa fa-envelope\"><\/i><a href=\"mailto:info@enkasystems.com\" target=\"_blank\" rel=\"noopener noreferrer\">info@enkasystems.com<\/a><\/li>\n<\/ul>\n[\/vc_column_text][\/vc_column_inner][\/vc_row_inner][\/vc_column][vc_column width=&#8221;1\/4&#8243;][\/vc_column][\/vc_row]\n<\/div>","protected":false},"excerpt":{"rendered":"<p>[vc_section full_width=&#8221;stretch_row&#8221; css_animation=&#8221;fadeIn&#8221; css=&#8221;.vc_custom_1554217299064{margin-top: 0px !important;margin-bottom: 0px !important;padding-top: 0px !important;padding-bottom: 0px !important;background-color: #ffffff !important;background-position: center !important;background-repeat: no-repeat !important;background-size: cover !important;}&#8221;][\/vc_section][vc_row gap=&#8221;10&#8243; equal_height=&#8221;yes&#8221; css_animation=&#8221;none&#8221;][vc_column width=&#8221;1\/4&#8243;][\/vc_column][vc_column width=&#8221;1\/4&#8243; css=&#8221;.vc_custom_1552992352532{border-top-width: 1px !important;border-right-width: 1px !important;border-bottom-width: 1px !important;border-left-width: 1px !important;background-color: #f7f7f7 !important;border-left-color: #b5b5b5!important;border-left-style: solid !important;border-right-color: #b5b5b5 !important;border-right-style: solid !important;border-top-color: #b5b5b5 !important;border-top-style: solid !important;border-bottom-color: #b5b5b5!important;border-bottom-style: solid !important;}&#8221;][vc_single_image image=&#8221;2382&#8243; img_size=&#8221;full&#8221; css=&#8221;.vc_custom_1552992472129{margin-top: 0px !important;margin-bottom: <a class=\"more-link\" href=\"https:\/\/www.enkasystems.com\/tr\/iletisim\/\">Continue reading <i class=\"fa fa-chevron-right\"><\/i><\/a><\/p>\n","protected":false},"author":3,"featured_media":0,"parent":0,"menu_order":0,"comment_status":"closed","ping_status":"closed","template":"template-contact-form-ext.php","meta":{"_acf_changed":false,"om_disable_all_campaigns":false,"_monsterinsights_skip_tracking":false,"_monsterinsights_sitenote_active":false,"_monsterinsights_sitenote_note":"","_monsterinsights_sitenote_category":0,"footnotes":""},"categories":[22,533],"tags":[279],"class_list":["post-3747","page","type-page","status-publish","hentry","category-genel","category-kurumsal","tag-bizimle-iletisime-gecin"],"aioseo_notices":[],"acf":[],"_links":{"self":[{"href":"https:\/\/www.enkasystems.com\/tr\/wp-json\/wp\/v2\/pages\/3747","targetHints":{"allow":["GET"]}}],"collection":[{"href":"https:\/\/www.enkasystems.com\/tr\/wp-json\/wp\/v2\/pages"}],"about":[{"href":"https:\/\/www.enkasystems.com\/tr\/wp-json\/wp\/v2\/types\/page"}],"author":[{"embeddable":true,"href":"https:\/\/www.enkasystems.com\/tr\/wp-json\/wp\/v2\/users\/3"}],"replies":[{"embeddable":true,"href":"https:\/\/www.enkasystems.com\/tr\/wp-json\/wp\/v2\/comments?post=3747"}],"version-history":[{"count":1,"href":"https:\/\/www.enkasystems.com\/tr\/wp-json\/wp\/v2\/pages\/3747\/revisions"}],"predecessor-version":[{"id":15261,"href":"https:\/\/www.enkasystems.com\/tr\/wp-json\/wp\/v2\/pages\/3747\/revisions\/15261"}],"wp:attachment":[{"href":"https:\/\/www.enkasystems.com\/tr\/wp-json\/wp\/v2\/media?parent=3747"}],"wp:term":[{"taxonomy":"category","embeddable":true,"href":"https:\/\/www.enkasystems.com\/tr\/wp-json\/wp\/v2\/categories?post=3747"},{"taxonomy":"post_tag","embeddable":true,"href":"https:\/\/www.enkasystems.com\/tr\/wp-json\/wp\/v2\/tags?post=3747"}],"curies":[{"name":"wp","href":"https:\/\/api.w.org\/{rel}","templated":true}]}}