{"id":14871,"date":"2022-03-23T16:45:51","date_gmt":"2022-03-23T13:45:51","guid":{"rendered":"https:\/\/www.enkasystems.com\/?page_id=14871"},"modified":"2024-05-21T13:44:24","modified_gmt":"2024-05-21T10:44:24","slug":"insaat-sektorunde-dijital-donusum","status":"publish","type":"page","link":"https:\/\/www.enkasystems.com\/tr\/haberler-etkinlikler\/blog\/insaat-sektorunde-dijital-donusum\/","title":{"rendered":"\u0130n\u015faat Sekt\u00f6r\u00fcnde Dijital D\u00f6n\u00fc\u015f\u00fcm"},"content":{"rendered":"<div class=\"wpb-content-wrapper\">[vc_row][vc_column]<div id=\"ultimate-heading-167669e0bb89d5175\" class=\"uvc-heading ult-adjust-bottom-margin ultimate-heading-167669e0bb89d5175 uvc-9490 \" data-hspacer=\"line_only\"  data-halign=\"left\" style=\"text-align:left\"><div class=\"uvc-sub-heading ult-responsive\"  data-ultimate-target='.uvc-heading.ultimate-heading-167669e0bb89d5175 .uvc-sub-heading '  data-responsive-json-new='{\"font-size\":\"\",\"line-height\":\"\"}'  style=\"font-weight:normal;\"><strong>Neden Dijital D\u00f6n\u00fc\u015f\u00fcm?<\/strong><\/div><div class=\"uvc-heading-spacer line_only\" style=\"topheight:3px;\"><span class=\"uvc-headings-line\" style=\"border-style:solid;border-bottom-width:3px;border-color:#dd3333;width:100px;\"><\/span><\/div><\/div>[vc_empty_space height=&#8221;20&#8243;][\/vc_column][\/vc_row][vc_row][vc_column][vc_column_text]\u201cBaz\u0131 sekt\u00f6rler, verileri etkin bir \u015fekilde kullanma konusunda en iyi \u00f6nc\u00fcler de\u011fildir. \u0130\u015flerin \u00e7o\u011funun yerde -bilgisayarlar\u0131n \u00f6n\u00fcnde de\u011fil, baretli i\u015f\u00e7iler taraf\u0131ndan yap\u0131ld\u0131\u011f\u0131 in\u015faat sekt\u00f6r\u00fcn\u00fc d\u00fc\u015f\u00fcn\u00fcn. Ancak bu sekt\u00f6r, di\u011fer sekt\u00f6rlerin deneyimledi\u011fi teknoloji ilerlemelerinden neden yararlanmas\u0131n?\u201d \u2013 Business Harward Review [Makalenin taman\u0131n\u0131 a\u015fa\u011f\u0131daki linkten okuyabailirsiniz]\n<p><a href=\"https:\/\/hbr.org\/2020\/02\/building-a-data-driven-culture-from-the-ground-up\" target=\"_blank\" rel=\"noopener\">Harward Business Review &#8211; Makale<\/a><\/p>\n<p>Son y\u0131llarda artan rekabet, d\u00fc\u015fen karl\u0131l\u0131k oranlar\u0131 dijital d\u00f6n\u00fc\u015f\u00fcm\u00fc zorunlu k\u0131l\u0131yor. Baz\u0131 sekt\u00f6rler i\u015f s\u00fcre\u00e7lerini dijital ortama ta\u015f\u0131makta zorluk \u00e7ekmezken, in\u015faat gibi geleneksel anlay\u0131\u015f\u0131n hakim oldu\u011fu, kendi zorluklar\u0131n\u0131 i\u00e7inde bar\u0131nd\u0131ran sekt\u00f6rler i\u00e7in ise adaptasyon s\u00fcre\u00e7leri \u00e7ok daha yava\u015f ilerliyor.<\/p>\n<p>\u0130n\u015faat projelerinin kendine has karma\u015f\u0131k do\u011fas\u0131, projeden projeye farkl\u0131l\u0131k g\u00f6steren gereksinimler, zor lokasyonlar, internet ve teknolojiye eri\u015fimdeki zorluklar gibi nedenlerle \u201cd\u00f6n\u00fc\u015f\u00fcm\u201d gecikiyor.<br \/>\nDijital D\u00f6n\u00fc\u015f\u00fcm ile ilgili yap\u0131lan ara\u015ft\u0131rmalara ve yay\u0131mlanan makalelere bakt\u0131\u011f\u0131m\u0131zda bu konuda \u201c\u00e7ok temkinli\u201d davranmay\u0131p, ad\u0131m ad\u0131m s\u00fcre\u00e7lerinde otomasyon, dijitalle\u015fme, bilgi teknolojilerine dayal\u0131 sistemler kullanmaya ba\u015flayan sekt\u00f6rlerin d\u00f6n\u00fc\u015f\u00fcm\u00fcn faydalar\u0131n\u0131 g\u00f6rmeye ba\u015flad\u0131\u011f\u0131n\u0131 fark ediyoruz.<\/p>\n<p><img loading=\"lazy\" decoding=\"async\" class=\"wp-image-15458  alignleft\" src=\"https:\/\/www.enkasystems.com\/wp-content\/uploads\/2024\/05\/20180525_163015_edited-300x200.jpg\" alt=\"\" width=\"326\" height=\"217\" srcset=\"https:\/\/www.enkasystems.com\/wp-content\/uploads\/2024\/05\/20180525_163015_edited-300x200.jpg 300w, https:\/\/www.enkasystems.com\/wp-content\/uploads\/2024\/05\/20180525_163015_edited-768x512.jpg 768w, https:\/\/www.enkasystems.com\/wp-content\/uploads\/2024\/05\/20180525_163015_edited.jpg 960w\" sizes=\"auto, (max-width: 326px) 100vw, 326px\" \/>Think Act Dergisinin 2016\u2019da yay\u0131mlanan \u201cDigitization in the Construction Industry\u201d say\u0131s\u0131nda verilen bilgilere g\u00f6re; son 10 y\u0131lda Almanya\u2019da in\u015faat sekt\u00f6r\u00fcndeki verimlilik %4.1 gibi yetersiz bir oranda kal\u0131rken, ayn\u0131 d\u00f6nemde \u00fclke ekonomisindeki \u00fcretkenlik %11 artt\u0131. Ara\u015ft\u0131rmac\u0131lara g\u00f6re %11 art\u0131\u015fta di\u011fer sekt\u00f6rlerin katk\u0131s\u0131n\u0131n, in\u015faata g\u00f6re \u00e7ok daha fazla olmas\u0131n\u0131n sebepleri aras\u0131nda \u201cdijitalle\u015fme\u201d de var.<br \/>\nDerginin ayn\u0131 say\u0131s\u0131nda in\u015faat sekt\u00f6r\u00fcnde dijital d\u00f6n\u00fc\u015fmenin ka\u00e7\u0131n\u0131lmaz oldu\u011fu da yaz\u0131yor. Bunun sebeplerinden biri de \u015f\u00fcphesiz, in\u015faat faaliyetlerinin di\u011fer sekt\u00f6rlerin en temel ihtiya\u00e7lar\u0131n\u0131 kar\u015f\u0131layan \u00f6nc\u00fc sekt\u00f6rlerden biri olmas\u0131. Sanayi, \u00fcretim, lojistik, bankac\u0131l\u0131k, e\u011fitim sekt\u00f6rlerindeki b\u00fcy\u00fcmelerin olu\u015fturaca\u011f\u0131 ihtiya\u00e7lar\u0131, karl\u0131l\u0131k ve s\u00fcre bak\u0131m\u0131ndan rekabet\u00e7i kar\u015f\u0131layabilecek in\u015faat firmalar\u0131n\u0131n bilgi teknolojilerinin sa\u011flad\u0131\u011f\u0131 faydalardan yararlanmas\u0131 gerekiyor.<\/p>\n<p>\u0130\u015f s\u00fcre\u00e7lerine y\u00f6nelik yaz\u0131l\u0131m \u00e7\u00f6z\u00fcmleri kullanarak, M\u00fchendislik (Tasar\u0131m, revizyon, onay s\u00fcre\u00e7leri), sat\u0131nalma (teklif-ihale, tedarik\u00e7i a\u011f\u0131, lojistik), insan y\u00f6netimi, makine-ekipman y\u00f6netimi, finans \u2013 muhasebe y\u00f6netimi gibi \u00e7oklu payda\u015f ve personel i\u015f birli\u011fi gerektiren s\u00fcre\u00e7lerde insan hatas\u0131n\u0131 minimize etmek, tek bir merkezden sistematik ve \u015feffaf s\u00fcre\u00e7ler y\u00fcr\u00fcterek zamandan ve maliyetten tasarruf etmek m\u00fcmk\u00fcn.<br \/>\nDijital d\u00f6n\u00fc\u015f\u00fcm\u00fcn veriye dayal\u0131 karar alma mekanizmas\u0131 sa\u011flayarak verimlilik ve karl\u0131l\u0131kta art\u0131\u015f sa\u011flamas\u0131 ka\u00e7\u0131n\u0131lmaz. \u015eirket ve organizasyonlar\u0131n\u0131 iyi tan\u0131yan y\u00f6neticiler, dijital yaz\u0131mlardan faydalanarak veri yo\u011funlu\u011fu yaratmadan, kritik verileri \u00f6l\u00e7ebilir, hatalar\u0131 \u00e7ok ge\u00e7meden fark edebilir ve \u00f6nlem alarak maliyetten ve zamandan tasarruf sa\u011flayabilirler.<\/p>\n<p>McKinsey &amp; Company \u015firketinin dijital d\u00f6n\u00fc\u015f\u00fcmlerini ba\u015far\u0131l\u0131 bir \u015fekilde tamamlam\u0131\u015f \u015firketler \u00fczerinde yapt\u0131\u011f\u0131 ara\u015ft\u0131rmada belirledi\u011fi be\u015f ortak noktay\u0131 bu konuda yat\u0131r\u0131m yapmak isteyen firmalar i\u00e7in a\u015fa\u011f\u0131da payla\u015ft\u0131k:<\/p>\n<p>1. \u0130leri teknolojik \u00e7\u00f6z\u00fcmler yerine sorunlu operasyonlar\u0131n\u0131za odaklan\u0131n.<br \/>\n2. Departmanlar aras\u0131 i\u015f birli\u011fini te\u015fvik eden \u00e7\u00f6z\u00fcmler tercih edin.<br \/>\n3. M\u00fchendislik ekiplerini ve personelleri e\u011fitin, yeniden yap\u0131land\u0131r\u0131n.<br \/>\n4. Proje baz hesaplar\u0131n\u0131z\u0131 beklentinizi yakalayabilmek i\u00e7in elde etti\u011finiz verilere g\u00f6re d\u00fczenleyin.<br \/>\n5. Dijital \u0130\u015f \u00c7\u00f6z\u00fcmlerinin \u015firket genelinde etkinli\u011fi artt\u0131rmak i\u00e7in projeler \u00fcst\u00fc y\u00f6netim uygulay\u0131n.<\/p>\n<p>ENKA Systems; in\u015faat, enerji ve madencilik sekt\u00f6rlerindeki 64 y\u0131ll\u0131k tecr\u00fcbeyle geli\u015ftirilen sekt\u00f6re \u00f6zel dijital \u00e7\u00f6z\u00fcmleri d\u00fcnya pazar\u0131na sunuyor.<\/p>\n<p>\u00dcr\u00fcnlerimizi a\u015fa\u011f\u0131daki linkten inceleyebilirsiniz.<\/p>\n<p><a href=\"https:\/\/www.enkasystems.com\/tr\/cozumler\/\" target=\"_blank\" rel=\"noopener\">ENKA Systems \u00c7\u00f6z\u00fcmleri<\/a>[\/vc_column_text][\/vc_column][vc_column][\/vc_column][\/vc_row][vc_row][vc_column][\/vc_column][\/vc_row]\n<\/div>","protected":false},"excerpt":{"rendered":"<p>[vc_row][vc_column][vc_empty_space height=&#8221;20&#8243;][\/vc_column][\/vc_row][vc_row][vc_column][vc_column_text]\u201cBaz\u0131 sekt\u00f6rler, verileri etkin bir \u015fekilde kullanma konusunda en iyi \u00f6nc\u00fcler de\u011fildir. \u0130\u015flerin \u00e7o\u011funun yerde -bilgisayarlar\u0131n \u00f6n\u00fcnde de\u011fil, baretli i\u015f\u00e7iler taraf\u0131ndan yap\u0131ld\u0131\u011f\u0131 in\u015faat sekt\u00f6r\u00fcn\u00fc d\u00fc\u015f\u00fcn\u00fcn. Ancak bu sekt\u00f6r, di\u011fer sekt\u00f6rlerin deneyimledi\u011fi teknoloji ilerlemelerinden neden yararlanmas\u0131n?\u201d \u2013 Business Harward Review [Makalenin taman\u0131n\u0131 a\u015fa\u011f\u0131daki linkten okuyabailirsiniz] Harward Business Review &#8211; Makale Son y\u0131llarda artan rekabet, d\u00fc\u015fen <a class=\"more-link\" href=\"https:\/\/www.enkasystems.com\/tr\/haberler-etkinlikler\/blog\/insaat-sektorunde-dijital-donusum\/\">Continue reading <i class=\"fa fa-chevron-right\"><\/i><\/a><\/p>\n","protected":false},"author":3,"featured_media":15458,"parent":3775,"menu_order":0,"comment_status":"closed","ping_status":"closed","template":"","meta":{"_acf_changed":false,"om_disable_all_campaigns":false,"_monsterinsights_skip_tracking":false,"_monsterinsights_sitenote_active":false,"_monsterinsights_sitenote_note":"","_monsterinsights_sitenote_category":0,"footnotes":""},"categories":[541],"tags":[544],"class_list":["post-14871","page","type-page","status-publish","has-post-thumbnail","hentry","category-blog-tr","tag-blog-tr"],"aioseo_notices":[],"acf":[],"_links":{"self":[{"href":"https:\/\/www.enkasystems.com\/tr\/wp-json\/wp\/v2\/pages\/14871","targetHints":{"allow":["GET"]}}],"collection":[{"href":"https:\/\/www.enkasystems.com\/tr\/wp-json\/wp\/v2\/pages"}],"about":[{"href":"https:\/\/www.enkasystems.com\/tr\/wp-json\/wp\/v2\/types\/page"}],"author":[{"embeddable":true,"href":"https:\/\/www.enkasystems.com\/tr\/wp-json\/wp\/v2\/users\/3"}],"replies":[{"embeddable":true,"href":"https:\/\/www.enkasystems.com\/tr\/wp-json\/wp\/v2\/comments?post=14871"}],"version-history":[{"count":2,"href":"https:\/\/www.enkasystems.com\/tr\/wp-json\/wp\/v2\/pages\/14871\/revisions"}],"predecessor-version":[{"id":15720,"href":"https:\/\/www.enkasystems.com\/tr\/wp-json\/wp\/v2\/pages\/14871\/revisions\/15720"}],"up":[{"embeddable":true,"href":"https:\/\/www.enkasystems.com\/tr\/wp-json\/wp\/v2\/pages\/3775"}],"wp:featuredmedia":[{"embeddable":true,"href":"https:\/\/www.enkasystems.com\/tr\/wp-json\/wp\/v2\/media\/15458"}],"wp:attachment":[{"href":"https:\/\/www.enkasystems.com\/tr\/wp-json\/wp\/v2\/media?parent=14871"}],"wp:term":[{"taxonomy":"category","embeddable":true,"href":"https:\/\/www.enkasystems.com\/tr\/wp-json\/wp\/v2\/categories?post=14871"},{"taxonomy":"post_tag","embeddable":true,"href":"https:\/\/www.enkasystems.com\/tr\/wp-json\/wp\/v2\/tags?post=14871"}],"curies":[{"name":"wp","href":"https:\/\/api.w.org\/{rel}","templated":true}]}}