{"id":10837,"date":"2020-08-13T15:38:16","date_gmt":"2020-08-13T12:38:16","guid":{"rendered":"https:\/\/www.enkasystems.com\/?page_id=10837"},"modified":"2024-05-20T15:43:57","modified_gmt":"2024-05-20T12:43:57","slug":"ekipman-makina-ve-demirbas-yonetiminde-verimliliginizi-ve-basarinizi-nasil-arttirabilirsiniz","status":"publish","type":"page","link":"https:\/\/www.enkasystems.com\/tr\/haberler-etkinlikler\/blog\/ekipman-makina-ve-demirbas-yonetiminde-verimliliginizi-ve-basarinizi-nasil-arttirabilirsiniz\/","title":{"rendered":"Ekipman, Makina ve Demirba\u015f Y\u00f6netiminde Verimlili\u011finizi ve Ba\u015far\u0131n\u0131z\u0131 Nas\u0131l Artt\u0131rabilirsiniz?"},"content":{"rendered":"<div class=\"wpb-content-wrapper\">[vc_row][vc_column]<div id=\"ultimate-heading-495769e1988f57454\" class=\"uvc-heading ult-adjust-bottom-margin ultimate-heading-495769e1988f57454 uvc-5011 \" data-hspacer=\"line_only\"  data-halign=\"left\" style=\"text-align:left\"><div class=\"uvc-sub-heading ult-responsive\"  data-ultimate-target='.uvc-heading.ultimate-heading-495769e1988f57454 .uvc-sub-heading '  data-responsive-json-new='{\"font-size\":\"desktop:36px;\",\"line-height\":\"\"}'  style=\"font-weight:normal;\"><strong>Ekipman, Makina ve Demirba\u015f Y\u00f6netiminde Verimlili\u011finizi ve Ba\u015far\u0131n\u0131z\u0131 Nas\u0131l Artt\u0131rabilirsiniz?<\/strong><\/div><div class=\"uvc-heading-spacer line_only\" style=\"topheight:3px;\"><span class=\"uvc-headings-line\" style=\"border-style:solid;border-bottom-width:3px;border-color:#dd4949;width:400px;\"><\/span><\/div><\/div>[vc_empty_space height=&#8221;30px&#8221;][\/vc_column][\/vc_row][vc_row][vc_column][vc_column_text]Hem yerel hem de k\u00fcresel pazarda ekipman, makine ve envanter takibi i\u00e7in \u00e7e\u015fitli yaz\u0131l\u0131m \u00e7\u00f6z\u00fcmleri vard\u0131r. Bu \u00e7\u00f6z\u00fcmlerin \u00e7o\u011fu, in\u015faat ekipman\u0131 \u00fcreticileri taraf\u0131ndan geli\u015ftirilen yaz\u0131l\u0131mlardan olu\u015fmaktad\u0131r. CAT, Hitachi, Komatsu vb. Hemen hemen t\u00fcm i\u015f makinesi \u00fcreticileri bunlara dahildir. \u00d6rne\u011fin; bir ENKA i\u015ftiraki olan ve Hitachi ve Kawasaki gibi d\u00fcnyan\u0131n \u00f6nde gelen makine \u00fcreticilerinin T\u00fcrkiye distrib\u00fct\u00f6r\u00fc olan ENKA Pazarlama, Hitachi m\u00fc\u015fterilerine Hitachi hizmetleri arac\u0131l\u0131\u011f\u0131yla veri toplamak i\u00e7in k\u00fcresel bir sistem sunmaktad\u0131r. Bu \u015fekilde kullan\u0131c\u0131lar, ekipmanlar\u0131n\u0131n canl\u0131 kullan\u0131m verilerine an\u0131nda eri\u015febilirler. Benzer sistemler, di\u011fer markalardaki farkl\u0131 makinelerde de mevcuttur.<\/p>\n<p style=\"text-align: left;\"><img loading=\"lazy\" decoding=\"async\" class=\"wp-image-15622  alignleft\" src=\"https:\/\/www.enkasystems.com\/wp-content\/uploads\/2024\/05\/Clipboard01_2019-300x183.jpg\" alt=\"\" width=\"448\" height=\"273\" srcset=\"https:\/\/www.enkasystems.com\/wp-content\/uploads\/2024\/05\/Clipboard01_2019-300x183.jpg 300w, https:\/\/www.enkasystems.com\/wp-content\/uploads\/2024\/05\/Clipboard01_2019-1024x626.jpg 1024w, https:\/\/www.enkasystems.com\/wp-content\/uploads\/2024\/05\/Clipboard01_2019-768x470.jpg 768w, https:\/\/www.enkasystems.com\/wp-content\/uploads\/2024\/05\/Clipboard01_2019-1536x939.jpg 1536w, https:\/\/www.enkasystems.com\/wp-content\/uploads\/2024\/05\/Clipboard01_2019.jpg 2000w\" sizes=\"auto, (max-width: 448px) 100vw, 448px\" \/><\/p>\n<p>&nbsp;<\/p>\n<p>Firmalar makine &amp; ekipman y\u00f6netim yaz\u0131l\u0131m\u0131 kullanm\u0131yorsa, farkl\u0131 tip ve markalardan olu\u015fan ekipman parklar\u0131n\u0131 bir\u00e7ok farkl\u0131 yaz\u0131l\u0131m ile y\u00f6netmek zorunda kalmaktad\u0131r, bu da verimlilik ve zaman kayb\u0131 ile sonu\u00e7lanmaktad\u0131r. K\u00fcresel makine \u015firketlerinin eski modellerle takip destek ekipman\u0131 sa\u011flayamamas\u0131 nedeniyle baz\u0131 ekipmanlar\u0131n bu t\u00fcr sistemlere dahil edilmeyebilece\u011fini de belirtmek \u00f6nemlidir.<\/p>\n<p>&nbsp;<\/p>\n<p>Entegre bir sistemin olmamas\u0131 ve sizi hatalara kar\u015f\u0131 savunmas\u0131z olan karma\u015f\u0131k excel listeleri \u00fczerinde \u00e7al\u0131\u015fmaya iter. Bu durumun bir sonucu olarak ekonomik maliyet yaratan sorunlar ortaya \u00e7\u0131kabilir. Bu hatalar, kesintiye u\u011fram\u0131\u015f bak\u0131m, uzun s\u00fcreli ekipman ar\u0131za s\u00fcresi ve ekipman kullan\u0131labilirli\u011finin azalmas\u0131 sonucunda ar\u0131zalarda art\u0131\u015f olabilir. Bu sorunun \u00e7\u00f6z\u00fcm\u00fc, t\u00fcm ekipman park\u0131n\u0131z\u0131 marka ve t\u00fcrden ba\u011f\u0131ms\u0131z olarak y\u00f6netebilece\u011finiz ekipman izleme yaz\u0131l\u0131m\u0131n\u0131 se\u00e7mekten ge\u00e7er.<\/p>\n<p>&nbsp;<\/p>\n<p>&nbsp;<\/p>\n<p>&nbsp;<\/p>\n<p><span style=\"font-size: 18pt;\"><strong>Makine Ekipman ve Envanter Y\u00f6netiminde Ba\u015far\u0131 Kriterleri<\/strong><\/span><\/p>\n<p>&nbsp;<\/p>\n<p>T\u00fcm sekt\u00f6rlerde oldu\u011fu gibi in\u015faat sekt\u00f6r\u00fcnde de ba\u015far\u0131 kriteri proje taahh\u00fctlerini zaman\u0131nda ve beklenen b\u00fct\u00e7e dahilinde tamamlamakt\u0131r. Zamandan ve b\u00fct\u00e7eden alaca\u011f\u0131n\u0131z herhangi bir tasarruf size k\u00e2r olarak geri d\u00f6necektir.<\/p>\n<p>Proje maliyetleri aras\u0131nda \u00f6nemli kalemlerden biri olan ekipman b\u00fct\u00e7eleri, do\u011fru ekipman y\u00f6netim yaz\u0131l\u0131m\u0131 se\u00e7imi ile \u00f6nemli \u00f6l\u00e7\u00fcde azalt\u0131labilir. Do\u011fru yaz\u0131l\u0131m \u00e7\u00f6z\u00fcm\u00fc ile farkl\u0131 marka, tip ve modeldeki bir\u00e7ok farkl\u0131 makine ve ekipman tek bir sistem \u00fczerinden kolayl\u0131kla y\u00f6netilebilir.<\/p>\n<p><img loading=\"lazy\" decoding=\"async\" class=\"wp-image-15625  alignright\" src=\"https:\/\/www.enkasystems.com\/wp-content\/uploads\/2024\/05\/1-300x181.png\" alt=\"\" width=\"489\" height=\"295\" srcset=\"https:\/\/www.enkasystems.com\/wp-content\/uploads\/2024\/05\/1-300x181.png 300w, https:\/\/www.enkasystems.com\/wp-content\/uploads\/2024\/05\/1-1024x619.png 1024w, https:\/\/www.enkasystems.com\/wp-content\/uploads\/2024\/05\/1-768x464.png 768w, https:\/\/www.enkasystems.com\/wp-content\/uploads\/2024\/05\/1.png 1437w\" sizes=\"auto, (max-width: 489px) 100vw, 489px\" \/>T\u00fcm ekipman park\u0131 i\u00e7in operasyonlar y\u00f6netilebilir,<\/p>\n<ul>\n<li><span style=\"font-size: 14pt;\">Amortisman Takibi<\/span><\/li>\n<li><span style=\"font-size: 14pt;\">Maliyet Takibi<\/span><\/li>\n<li><span style=\"font-size: 14pt;\">KM ve Saate G\u00f6re Sahip Olma Maliyeti<\/span><\/li>\n<li><span style=\"font-size: 14pt;\">\u00d6nleyici Bak\u0131m ve \u0130\u015f Emirleri<\/span><\/li>\n<li><span style=\"font-size: 14pt;\">Makine Verimlili\u011fi ve Makine Zaman \u00c7izelgesi Takibi<\/span><\/li>\n<li><span style=\"font-size: 14pt;\">Akaryak\u0131t Otomasyonu<\/span><\/li>\n<\/ul>\n<p>&nbsp;<\/p>\n<p><span style=\"font-size: 14pt;\">Bu i\u015flemler, ekipman y\u00f6netimi s\u00fcre\u00e7lerinizde verimlili\u011finizi art\u0131racak, karl\u0131l\u0131k sa\u011flayacak ve ba\u015far\u0131n\u0131z\u0131 katlayacakt\u0131r.<\/span><\/p>\n<p>&nbsp;<\/p>\n<p>T\u00fcm bu i\u015flemleri tek bir sistem \u00fczerinden yapabilirseniz, evrak i\u015flerine ve takibine harcad\u0131\u011f\u0131n\u0131z s\u00fcre azalacak ve i\u015fletilmesi \u00e7ok daha kolay olacakt\u0131r. Sistemlerin sa\u011flad\u0131\u011f\u0131 verimlilik kazanc\u0131 ile ekipman y\u00f6netiminde ihtiya\u00e7 duydu\u011funuz personel say\u0131s\u0131 zamanla azalacak ve takibiniz ki\u015fiye ba\u011f\u0131ml\u0131 kalmadan her yerden sorunsuz ve anl\u0131k olarak yap\u0131lacakt\u0131r.<\/p>\n<p>&nbsp;<\/p>\n<p><span style=\"font-size: 14pt;\"><strong>Stok Y\u00f6netimi<\/strong><\/span><\/p>\n<p>A\u015fa\u011f\u0131daki t\u00fcm bu faydalar\u0131n yan\u0131 s\u0131ra makine ekipman parkurunuza g\u00f6re tasarlanan ekipman y\u00f6netim sistemlerinin g\u00f6m\u00fcl\u00fc stok y\u00f6netimi ile stok maliyetleriniz azalacak ve proje sonunda kalan inert yedek par\u00e7alar \u00f6nlenebilecektir. Makinenize, ekipman\u0131n\u0131za ve stok sahipli\u011finize g\u00f6re, gerekli yedek par\u00e7a marka ve modelleri ve hangi par\u00e7alar\u0131n de\u011fi\u015ftirilmesi gerekti\u011fi, hangi bak\u0131mlar\u0131n planlanabilece\u011fi. Bu proje kar\u0131n\u0131z\u0131n artmas\u0131na yard\u0131mc\u0131 olacakt\u0131r.<\/p>\n<p>&nbsp;<\/p>\n<p><span style=\"font-size: 14pt;\"><strong>Yak\u0131t T\u00fcketim Takibi<\/strong><\/span><\/p>\n<p>Do\u011fru ko\u015fullar i\u00e7in en uygun marka ve model ekipman\u0131 kullanmak, yak\u0131t t\u00fcketimini ve do\u011frudan maliyetleri etkiler. Zemin ko\u015fullar\u0131, kald\u0131r\u0131lm\u0131\u015f y\u00fck ve p\u00fcr\u00fczl\u00fcl\u00fck makine verimlili\u011fini etkileyecektir. Ekipman y\u00f6netim sistemi ile t\u00fcm makinelerinizin yak\u0131t t\u00fcketimini takip edebilece\u011finiz en verimli ekipmanlar\u0131n\u0131z\u0131 kolayl\u0131kla g\u00f6rebilirsiniz. Ekipman\u0131n\u0131z\u0131n ayn\u0131 tipteki farkl\u0131 markalara ait verilerini kolayl\u0131kla kar\u015f\u0131la\u015ft\u0131rabilirsiniz. Ekipmanlar\u0131n\u0131z\u0131n maliyetlerini Km veya saat baz\u0131nda kullan\u0131m baz\u0131nda analiz edebilirsiniz. Yeni ekipman yat\u0131r\u0131mlar\u0131n\u0131zda daha do\u011fru bir se\u00e7im yapmak i\u00e7in bu verileri kullanabilirsiniz.<\/p>\n<p>&nbsp;<\/p>\n<p><span style=\"font-size: 14pt;\"><strong>Amortisman ve Maliyet Takibi<\/strong><\/span><\/p>\n<p>Ekipman\u0131n amortisman\u0131n\u0131 ve maliyetini izlemek karl\u0131l\u0131k a\u00e7\u0131s\u0131ndan kritiktir. Ekipman\u0131n\u0131z kullan\u0131m \u00f6mr\u00fcn\u00fcn sonuna yakla\u015f\u0131rken, baz\u0131 durumlarda bunlar\u0131 satmak ve kiralamak k\u00e2r a\u00e7\u0131s\u0131ndan size fayda sa\u011flayabilir. Ekipman takip sistemleri bu konuda size yol g\u00f6sterecektir. B\u00f6ylelikle, k\u00fcm\u00fclatif kira bedelinden daha pahal\u0131 olan hangi ekipmana sahip oldu\u011funuzu kolayl\u0131kla takip edebilirsiniz.<\/p>\n<p>&nbsp;<\/p>\n<p><span style=\"font-size: 14pt;\"><strong><img loading=\"lazy\" decoding=\"async\" class=\"wp-image-15628  alignleft\" src=\"https:\/\/www.enkasystems.com\/wp-content\/uploads\/2024\/05\/ENKA_PAZARLAMA_010_2011-300x211.jpg\" alt=\"\" width=\"492\" height=\"346\" srcset=\"https:\/\/www.enkasystems.com\/wp-content\/uploads\/2024\/05\/ENKA_PAZARLAMA_010_2011-300x211.jpg 300w, https:\/\/www.enkasystems.com\/wp-content\/uploads\/2024\/05\/ENKA_PAZARLAMA_010_2011-1024x720.jpg 1024w, https:\/\/www.enkasystems.com\/wp-content\/uploads\/2024\/05\/ENKA_PAZARLAMA_010_2011-768x540.jpg 768w, https:\/\/www.enkasystems.com\/wp-content\/uploads\/2024\/05\/ENKA_PAZARLAMA_010_2011-1536x1079.jpg 1536w, https:\/\/www.enkasystems.com\/wp-content\/uploads\/2024\/05\/ENKA_PAZARLAMA_010_2011-2048x1439.jpg 2048w\" sizes=\"auto, (max-width: 492px) 100vw, 492px\" \/><\/strong><\/span><\/p>\n<p><span style=\"font-size: 14pt;\"><strong>Teknoloji ve Entegrasyon<\/strong><\/span><\/p>\n<p>Ekipman ve makine envanter y\u00f6netiminde web tabanl\u0131 bir yaz\u0131l\u0131m\u0131n teknolojisi, mobilite a\u00e7\u0131s\u0131ndan size b\u00fcy\u00fck kazan\u00e7lar sa\u011flayacakt\u0131r. Bu sayede ekipman verilerinize nerede olursan\u0131z olun, \u015fantiyede, yolda veya genel merkezinizde kolayca ve an\u0131nda eri\u015febilirsiniz. Web tabanl\u0131 bir sistem \u00e7\u00f6z\u00fcm\u00fc ile kullan\u0131m\u0131 daha kolay olacak, yerel bilgisayarlara kurulum olmayaca\u011f\u0131 i\u00e7in kurulum veya sistemle ilgili sorunlar olmayacakt\u0131r.<\/p>\n<p>T\u00fcm yaz\u0131l\u0131mlarda entegrasyon \u00e7ok \u00f6nemlidir. Yaz\u0131l\u0131m\u0131n \u00e7al\u0131\u015fanlar taraf\u0131ndan daha kolay benimsenmesi i\u00e7in s\u00fcre\u00e7lerinize pratiklik sa\u011flamal\u0131d\u0131r. Entegrasyon se\u00e7enekleri ile envanter, \u0130K, bordro, personel ve maliyet gibi bir\u00e7ok farkl\u0131 veri t\u00fcr\u00fc i\u015fletme kaynak sistemlerinize iletilebilir. \u00d6rne\u011fin, bir makinenin \u00e7al\u0131\u015ft\u0131r\u0131lmas\u0131 ve bir bak\u0131m\u0131n sonucu olarak ortaya \u00e7\u0131kan maliyet, muhasebe ve finans yaz\u0131l\u0131m\u0131n\u0131zda g\u00f6r\u00fcnt\u00fclenmelidir. \u0130\u015fi yapan personel hakk\u0131ndaki bilgiler, \u0130K yaz\u0131l\u0131m\u0131n\u0131zla entegre edilmelidir. Bu \u015fekilde, ekipman y\u00f6netimi s\u00fcre\u00e7lerinizin verimlili\u011fini ve faydalar\u0131n\u0131 en \u00fcst d\u00fczeye \u00e7\u0131karabilirsiniz.<\/p>\n<p>&nbsp;<\/p>\n<p>&nbsp;<\/p>\n<p><span style=\"font-size: 14pt;\"><strong>Tecr\u00fcbe ve Know-How<\/strong><\/span><\/p>\n<p>Sekt\u00f6re \u00f6zg\u00fc ekipman y\u00f6netimi, teknolojide ni\u015f bir konuma sahiptir. Tercih edilen \u00e7\u00f6z\u00fcm\u00fcn size uygun olmas\u0131 ve ihtiya\u00e7lar\u0131n\u0131z\u0131 kar\u015f\u0131lamas\u0131 kritik \u00f6nem ta\u015f\u0131r. \u0130n\u015faat sekt\u00f6r\u00fcn\u00fcn do\u011fas\u0131 gere\u011fi yaz\u0131l\u0131m uygulama \u00e7al\u0131\u015fmalar\u0131 i\u00e7in ayr\u0131lan kaynak s\u0131n\u0131rl\u0131d\u0131r ve uygulama \u00e7al\u0131\u015fmalar\u0131n\u0131n h\u0131zl\u0131 bir \u015fekilde tamamlanmas\u0131 gerekmektedir. Bunu ba\u015farmak i\u00e7in hizmet sa\u011flay\u0131c\u0131 firma sizi anlamal\u0131 ve sekt\u00f6r\u00fcn\u00fcz hakk\u0131nda deneyime sahip olmal\u0131d\u0131r.<\/p>\n<p>ENKA Systems olarak Ekipman Y\u00f6netiminde EGEM &#8220;Global Ekipman Y\u00f6netim Sistemi&#8221; \u00fcr\u00fcn\u00fcm\u00fcz ile her t\u00fcrl\u00fc kald\u0131rma ekipman\u0131, i\u015f makinesi, el aleti gibi t\u00fcm envanterinizi takip etmenizi sa\u011flayan kapsaml\u0131 bir \u00e7\u00f6z\u00fcm sunuyoruz. EGEM, ENKA \u0130n\u015faat ve i\u015ftirakleri taraf\u0131ndan bir\u00e7ok projede kullan\u0131lan ve 63 y\u0131ll\u0131k ENKA Know-How&#8217;\u0131 i\u00e7eren bir yaz\u0131l\u0131md\u0131r.<\/p>\n<p>EGEM &#8220;Global Ekipman Y\u00f6netim Sistemi&#8221; \u00fcr\u00fcn\u00fcm\u00fcz hakk\u0131nda daha detayl\u0131 bilgi i\u00e7in l\u00fctfen web sitemizi ziyaret edin.[\/vc_column_text][\/vc_column][\/vc_row]\n<\/div>","protected":false},"excerpt":{"rendered":"<p>[vc_row][vc_column][vc_empty_space height=&#8221;30px&#8221;][\/vc_column][\/vc_row][vc_row][vc_column][vc_column_text]Hem yerel hem de k\u00fcresel pazarda ekipman, makine ve envanter takibi i\u00e7in \u00e7e\u015fitli yaz\u0131l\u0131m \u00e7\u00f6z\u00fcmleri vard\u0131r. Bu \u00e7\u00f6z\u00fcmlerin \u00e7o\u011fu, in\u015faat ekipman\u0131 \u00fcreticileri taraf\u0131ndan geli\u015ftirilen yaz\u0131l\u0131mlardan olu\u015fmaktad\u0131r. CAT, Hitachi, Komatsu vb. Hemen hemen t\u00fcm i\u015f makinesi \u00fcreticileri bunlara dahildir. \u00d6rne\u011fin; bir ENKA i\u015ftiraki olan ve Hitachi ve Kawasaki gibi d\u00fcnyan\u0131n \u00f6nde gelen makine \u00fcreticilerinin T\u00fcrkiye <a class=\"more-link\" href=\"https:\/\/www.enkasystems.com\/tr\/haberler-etkinlikler\/blog\/ekipman-makina-ve-demirbas-yonetiminde-verimliliginizi-ve-basarinizi-nasil-arttirabilirsiniz\/\">Continue reading <i class=\"fa fa-chevron-right\"><\/i><\/a><\/p>\n","protected":false},"author":1,"featured_media":15625,"parent":3775,"menu_order":0,"comment_status":"closed","ping_status":"closed","template":"","meta":{"_acf_changed":false,"om_disable_all_campaigns":false,"_monsterinsights_skip_tracking":false,"_monsterinsights_sitenote_active":false,"_monsterinsights_sitenote_note":"","_monsterinsights_sitenote_category":0,"footnotes":""},"categories":[541,512,22],"tags":[544,708],"class_list":["post-10837","page","type-page","status-publish","has-post-thumbnail","hentry","category-blog-tr","category-egem-kuresel-ekipman-yonetim-sistemi","category-genel","tag-blog-tr","tag-egem-kuresel-ekipman-yonetim-sistemi"],"aioseo_notices":[],"acf":[],"_links":{"self":[{"href":"https:\/\/www.enkasystems.com\/tr\/wp-json\/wp\/v2\/pages\/10837","targetHints":{"allow":["GET"]}}],"collection":[{"href":"https:\/\/www.enkasystems.com\/tr\/wp-json\/wp\/v2\/pages"}],"about":[{"href":"https:\/\/www.enkasystems.com\/tr\/wp-json\/wp\/v2\/types\/page"}],"author":[{"embeddable":true,"href":"https:\/\/www.enkasystems.com\/tr\/wp-json\/wp\/v2\/users\/1"}],"replies":[{"embeddable":true,"href":"https:\/\/www.enkasystems.com\/tr\/wp-json\/wp\/v2\/comments?post=10837"}],"version-history":[{"count":2,"href":"https:\/\/www.enkasystems.com\/tr\/wp-json\/wp\/v2\/pages\/10837\/revisions"}],"predecessor-version":[{"id":15631,"href":"https:\/\/www.enkasystems.com\/tr\/wp-json\/wp\/v2\/pages\/10837\/revisions\/15631"}],"up":[{"embeddable":true,"href":"https:\/\/www.enkasystems.com\/tr\/wp-json\/wp\/v2\/pages\/3775"}],"wp:featuredmedia":[{"embeddable":true,"href":"https:\/\/www.enkasystems.com\/tr\/wp-json\/wp\/v2\/media\/15625"}],"wp:attachment":[{"href":"https:\/\/www.enkasystems.com\/tr\/wp-json\/wp\/v2\/media?parent=10837"}],"wp:term":[{"taxonomy":"category","embeddable":true,"href":"https:\/\/www.enkasystems.com\/tr\/wp-json\/wp\/v2\/categories?post=10837"},{"taxonomy":"post_tag","embeddable":true,"href":"https:\/\/www.enkasystems.com\/tr\/wp-json\/wp\/v2\/tags?post=10837"}],"curies":[{"name":"wp","href":"https:\/\/api.w.org\/{rel}","templated":true}]}}