{"id":3618,"date":"2019-04-08T11:03:06","date_gmt":"2019-04-08T08:03:06","guid":{"rendered":"http:\/\/212.175.79.198\/~enkasystems\/career\/"},"modified":"2022-09-07T17:02:46","modified_gmt":"2022-09-07T14:02:46","slug":"career","status":"publish","type":"page","link":"https:\/\/www.enkasystems.com\/ru\/corporate\/human-resources\/career\/","title":{"rendered":"\u041a\u0410\u0420\u042c\u0415\u0420\u0410"},"content":{"rendered":"<div class=\"wpb-content-wrapper\">[vc_row][vc_column]<div id=\"ultimate-heading-494769e4bd88e7046\" class=\"uvc-heading ult-adjust-bottom-margin ultimate-heading-494769e4bd88e7046 uvc-3386 \" data-hspacer=\"line_only\"  data-halign=\"left\" style=\"text-align:left\"><div class=\"uvc-sub-heading ult-responsive\"  data-ultimate-target='.uvc-heading.ultimate-heading-494769e4bd88e7046 .uvc-sub-heading '  data-responsive-json-new='{\"font-size\":\"desktop:40px;mobile_landscape:30px;mobile:30px;\",\"line-height\":\"\"}'  style=\"font-weight:normal;\">\u041f\u041e\u0421\u0422\u0420\u041e\u0419\u0422\u0415 \u0412\u0410\u0428\u0423 \u041a\u0410\u0420\u042c\u0415\u0420\u0423 \u0421 \u041d\u0410\u041c\u0418 ! !<\/div><div class=\"uvc-heading-spacer line_only\" style=\"margin-top:10px;margin-bottom:10px;height:3px;\"><span class=\"uvc-headings-line\" style=\"border-style:solid;border-bottom-width:3px;border-color:#fe5252;width:200px;\"><\/span><\/div><\/div>[vc_empty_space height=&#187;30px&#187;][\/vc_column][\/vc_row][vc_row][vc_column width=&#187;2\/3&#8243;][vc_column_text]\n<p style=\"text-align: justify;\">\u00ab\u042d\u041d\u041a\u0410 \u0421\u0438\u0441\u0442\u0435\u043c\u0441\u00bb \u043f\u0440\u043e\u0435\u043a\u0442\u0438\u0440\u0443\u0435\u0442, \u0441\u0442\u0440\u043e\u0438\u0442, \u043e\u0431\u0441\u043b\u0443\u0436\u0438\u0432\u0430\u0435\u0442 \u0441\u0430\u043c\u044b\u0435 \u043a\u0440\u0443\u043f\u043d\u044b\u0435 \u0438 \u0441\u0430\u043c\u044b\u0435 \u0441\u043b\u043e\u0436\u043d\u044b\u0435 \u043e\u0431\u044a\u0435\u043a\u0442\u044b \u0432 \u0440\u0430\u0437\u043d\u044b\u0445 \u0441\u0442\u0440\u0430\u043d\u0430\u0445 \u043c\u0438\u0440\u0430. \u0414\u043b\u044f \u043a\u043e\u043c\u043f\u0430\u043d\u0438\u0438 \u00ab\u042d\u041d\u041a\u0410 \u0421\u0438\u0441\u0442\u0435\u043c\u0441\u00bb \u043a\u0430\u0436\u0434\u044b\u0439 \u043f\u0440\u043e\u0435\u043a\u0442 \u2013 \u044d\u0442\u043e \u0433\u043b\u043e\u0431\u0430\u043b\u044c\u043d\u0430\u044f \u0437\u0430\u0434\u0430\u0447\u0430, \u0437\u0430 \u043a\u043e\u0442\u043e\u0440\u0443\u044e \u043e\u043d\u0430 \u0431\u0435\u0440\u0435\u0442\u0441\u044f \u0438 \u0440\u0435\u0448\u0430\u0435\u0442 \u0435\u0435. \u041f\u043e\u044d\u0442\u043e\u043c\u0443 \u0441\u043e\u0442\u0440\u0443\u0434\u043d\u0438\u043a\u0438 \u043a\u043e\u043c\u043f\u0430\u043d\u0438\u0438 \u00ab\u042d\u041d\u041a\u0410 \u0421\u0438\u0441\u0442\u0435\u043c\u0441\u00bb \u0438\u0433\u0440\u0430\u044e\u0442 \u043e\u0447\u0435\u043d\u044c \u0432\u0430\u0436\u043d\u0443\u044e \u0440\u043e\u043b\u044c \u0432 \u0440\u0430\u0437\u0440\u0430\u0431\u043e\u0442\u043a\u0435 \u0438\u043d\u0441\u0442\u0440\u0443\u043c\u0435\u043d\u0442\u043e\u0432 \u0438 \u0441\u0438\u0441\u0442\u0435\u043c, \u0438\u0441\u043f\u043e\u043b\u044c\u0437\u0443\u0435\u043c\u044b\u0445 \u0441\u0435\u0433\u043e\u0434\u043d\u044f \u0434\u043b\u044f \u0440\u0435\u0430\u043b\u0438\u0437\u0430\u0446\u0438\u0438 \u0441\u043b\u043e\u0436\u043d\u044b\u0445 \u043f\u0440\u043e\u0435\u043a\u0442\u043e\u0432 \u0441 \u043d\u0430\u0438\u0432\u044b\u0441\u0448\u0438\u043c \u0443\u0440\u043e\u0432\u043d\u0435\u043c \u043a\u0430\u0447\u0435\u0441\u0442\u0432\u0430 \u0438 \u0431\u0435\u0437\u043e\u043f\u0430\u0441\u043d\u043e\u0441\u0442\u0438.<\/p>\n<p style=\"text-align: justify;\">\u0415\u0441\u043b\u0438 \u0412\u044b, \u043a\u0430\u043a \u043b\u0438\u0447\u043d\u043e\u0441\u0442\u044c, \u0446\u0435\u043d\u0438\u0442\u0435 \u0440\u0430\u0431\u043e\u0442\u0443 \u0432 \u043a\u043e\u043c\u0430\u043d\u0434\u0435 \u0438 \u0445\u043e\u0442\u0438\u0442\u0435 \u0434\u043e\u0431\u0438\u0442\u044c\u0441\u044f \u0443\u0441\u043f\u0435\u0445\u0430 \u0432 \u0412\u0430\u0448\u0435\u0439 \u043a\u0430\u0440\u044c\u0435\u0440\u0435, \u0430 \u0442\u0430\u043a\u0436\u0435 \u043f\u043e\u043c\u043e\u0447\u044c \u043a\u043e\u043c\u043f\u0430\u043d\u0438\u0438 \u00ab\u042d\u041d\u041a\u0410 \u0421\u0438\u0441\u0442\u0435\u043c\u0441\u00bb \u0432\u044b\u0432\u0435\u0441\u0442\u0438 \u0438\u0441\u043f\u043e\u043b\u043d\u0435\u043d\u0438\u0435 \u043f\u0440\u043e\u0435\u043a\u0442\u043e\u0432 \u043d\u0430 \u043d\u043e\u0432\u044b\u0439 \u0443\u0440\u043e\u0432\u0435\u043d\u044c, \u043f\u0440\u0438\u0441\u043e\u0435\u0434\u0438\u043d\u044f\u0439\u0442\u0435\u0441\u044c \u043a \u043d\u0430\u043c, \u0438 \u043c\u044b \u043f\u043e\u0441\u0442\u0440\u043e\u0438\u043c \u0412\u0430\u0448\u0443 \u043a\u0430\u0440\u044c\u0435\u0440\u0443 \u0432\u043c\u0435\u0441\u0442\u0435.<\/p>\n[\/vc_column_text][\/vc_column][vc_column width=&#187;1\/3&#8243;][vc_single_image image=&#187;5043&#8243; img_size=&#187;600&#215;300&#8243;][vc_column_text]\u0417\u0430\u044f\u0432\u043a\u0430 \u043e \u043f\u0440\u0438\u0435\u043c\u0435 \u043d\u0430 \u0440\u0430\u0431\u043e\u0442\u0443 : <a href=\"mailto:ik@enkasystems.com\">ik@enkasystems.com<\/a>[\/vc_column_text][\/vc_column][\/vc_row][vc_row][vc_column]<div id=\"ultimate-heading-256169e4bd88e70a9\" class=\"uvc-heading ult-adjust-bottom-margin ultimate-heading-256169e4bd88e70a9 uvc-4058 \" data-hspacer=\"line_only\"  data-halign=\"left\" style=\"text-align:left\"><div class=\"uvc-sub-heading ult-responsive\"  data-ultimate-target='.uvc-heading.ultimate-heading-256169e4bd88e70a9 .uvc-sub-heading '  data-responsive-json-new='{\"font-size\":\"desktop:40px;mobile_landscape:30px;mobile:30px;\",\"line-height\":\"\"}'  style=\"font-weight:normal;\">\u0422\u0415\u041a\u0423\u0429\u0418\u0415 \u041a\u0410\u0420\u042c\u0415\u0420\u041d\u042b\u0415 \u0412\u041e\u0417\u041c\u041e\u0416\u041d\u041e\u0421\u0422\u0418<\/div><div class=\"uvc-heading-spacer line_only\" style=\"margin-top:10px;margin-bottom:10px;height:3px;\"><span class=\"uvc-headings-line\" style=\"border-style:solid;border-bottom-width:3px;border-color:#fe5252;width:200px;\"><\/span><\/div><\/div>[vc_empty_space height=&#187;30px&#187;][\/vc_column][\/vc_row][vc_row][vc_column][vc_column_text]\n<ol>\n<li><a href=\"https:\/\/www.kariyer.net\/is-ilani\/enka-systems-yazilim-a-s-software-developer-2423562\">Software Developer \u0130\u015f \u0130lan\u0131 Ba\u015fvurusu<\/a><\/li>\n<li><a href=\"https:\/\/www.kariyer.net\/is-ilani\/enka-systems-yazilim-a-s-senior-software-engineer-2423353\">Senior Software Engineer \u0130\u015f \u0130lan\u0131 Ba\u015fvurusu<\/a><\/li>\n<\/ol>\n[\/vc_column_text][\/vc_column][\/vc_row][vc_row][vc_column]\r\n\t\t<section class=\"sc-call-to-action full-width-bg light-gray-bg small-padding \"  style=\"\">\r\n\t\t\t<div class=\"row\">\r\n\t\t\t\t<div class=\"col-lg-9 col-md-9 col-sm-9\">\r\n\t\t\t\t\t<h2 class=\"big\" style=\"\"><em>\u0418\u043d\u0444\u043e\u0440\u043c\u0430\u0446\u0438\u043e\u043d\u043d\u043e\u0435 \u0443\u0432\u0435\u0434\u043e\u043c\u043b\u0435\u043d\u0438\u0435 \u043e\u0442\u043d\u043e\u0441\u0438\u0442\u0435\u043b\u044c\u043d\u043e \u043b\u0438\u0447\u043d\u044b\u0445 \u0434\u0430\u043d\u043d\u044b\u0445 (\u041a\u0430\u043d\u0434\u0438\u0434\u0430\u0442 \u043d\u0430 \u0434\u043e\u043b\u0436\u043d\u043e\u0441\u0442\u044c)<\/em><\/h2>\r\n\t\t\t\t<\/div>\r\n\t\t\t\t<div class=\"col-lg-3 col-md-3 col-sm-3 align-right\">\r\n\t\t\t\t\t<a href=\"https:\/\/www.enkasystems.com\/wp-content\/uploads\/2019\/03\/ENKA_Systems_KVKK_Aydinlatma_Bildirimi_Calisan_Aday.pdf\" target=\"_self\" class=\"button biggest\" >\u0417\u0410\u0413\u0420\u0423\u0417\u0418\u0422\u042c \u0424\u041e\u0420\u041c\u0423<\/a>\r\n\t\t\t\t<\/div>\r\n\t\t\t<\/div>\r\n\t\t<\/section>[\/vc_column][\/vc_row]\n<\/div>","protected":false},"excerpt":{"rendered":"<p>[vc_row][vc_column][vc_empty_space height=&#187;30px&#187;][\/vc_column][\/vc_row][vc_row][vc_column width=&#187;2\/3&#8243;][vc_column_text] \u00ab\u042d\u041d\u041a\u0410 \u0421\u0438\u0441\u0442\u0435\u043c\u0441\u00bb \u043f\u0440\u043e\u0435\u043a\u0442\u0438\u0440\u0443\u0435\u0442, \u0441\u0442\u0440\u043e\u0438\u0442, \u043e\u0431\u0441\u043b\u0443\u0436\u0438\u0432\u0430\u0435\u0442 \u0441\u0430\u043c\u044b\u0435 \u043a\u0440\u0443\u043f\u043d\u044b\u0435 \u0438 \u0441\u0430\u043c\u044b\u0435 \u0441\u043b\u043e\u0436\u043d\u044b\u0435 \u043e\u0431\u044a\u0435\u043a\u0442\u044b \u0432 \u0440\u0430\u0437\u043d\u044b\u0445 \u0441\u0442\u0440\u0430\u043d\u0430\u0445 \u043c\u0438\u0440\u0430. \u0414\u043b\u044f \u043a\u043e\u043c\u043f\u0430\u043d\u0438\u0438 \u00ab\u042d\u041d\u041a\u0410 \u0421\u0438\u0441\u0442\u0435\u043c\u0441\u00bb \u043a\u0430\u0436\u0434\u044b\u0439 \u043f\u0440\u043e\u0435\u043a\u0442 \u2013 \u044d\u0442\u043e \u0433\u043b\u043e\u0431\u0430\u043b\u044c\u043d\u0430\u044f \u0437\u0430\u0434\u0430\u0447\u0430, \u0437\u0430 \u043a\u043e\u0442\u043e\u0440\u0443\u044e \u043e\u043d\u0430 \u0431\u0435\u0440\u0435\u0442\u0441\u044f \u0438 \u0440\u0435\u0448\u0430\u0435\u0442 \u0435\u0435. \u041f\u043e\u044d\u0442\u043e\u043c\u0443 \u0441\u043e\u0442\u0440\u0443\u0434\u043d\u0438\u043a\u0438 \u043a\u043e\u043c\u043f\u0430\u043d\u0438\u0438 \u00ab\u042d\u041d\u041a\u0410 \u0421\u0438\u0441\u0442\u0435\u043c\u0441\u00bb \u0438\u0433\u0440\u0430\u044e\u0442 \u043e\u0447\u0435\u043d\u044c \u0432\u0430\u0436\u043d\u0443\u044e \u0440\u043e\u043b\u044c \u0432 \u0440\u0430\u0437\u0440\u0430\u0431\u043e\u0442\u043a\u0435 \u0438\u043d\u0441\u0442\u0440\u0443\u043c\u0435\u043d\u0442\u043e\u0432 \u0438 \u0441\u0438\u0441\u0442\u0435\u043c, \u0438\u0441\u043f\u043e\u043b\u044c\u0437\u0443\u0435\u043c\u044b\u0445 \u0441\u0435\u0433\u043e\u0434\u043d\u044f \u0434\u043b\u044f \u0440\u0435\u0430\u043b\u0438\u0437\u0430\u0446\u0438\u0438 \u0441\u043b\u043e\u0436\u043d\u044b\u0445 \u043f\u0440\u043e\u0435\u043a\u0442\u043e\u0432 <a class=\"more-link\" href=\"https:\/\/www.enkasystems.com\/ru\/corporate\/human-resources\/career\/\">Continue reading <i class=\"fa fa-chevron-right\"><\/i><\/a><\/p>\n","protected":false},"author":3,"featured_media":11255,"parent":3752,"menu_order":0,"comment_status":"closed","ping_status":"closed","template":"","meta":{"_acf_changed":false,"om_disable_all_campaigns":false,"_monsterinsights_skip_tracking":false,"_monsterinsights_sitenote_active":false,"_monsterinsights_sitenote_note":"","_monsterinsights_sitenote_category":0,"footnotes":""},"categories":[535,21],"tags":[428,462],"class_list":["post-3618","page","type-page","status-publish","has-post-thumbnail","hentry","category-corporate-ru","category-general-ru","tag-career-ru","tag-human-resources-ru"],"aioseo_notices":[],"acf":[],"_links":{"self":[{"href":"https:\/\/www.enkasystems.com\/ru\/wp-json\/wp\/v2\/pages\/3618","targetHints":{"allow":["GET"]}}],"collection":[{"href":"https:\/\/www.enkasystems.com\/ru\/wp-json\/wp\/v2\/pages"}],"about":[{"href":"https:\/\/www.enkasystems.com\/ru\/wp-json\/wp\/v2\/types\/page"}],"author":[{"embeddable":true,"href":"https:\/\/www.enkasystems.com\/ru\/wp-json\/wp\/v2\/users\/3"}],"replies":[{"embeddable":true,"href":"https:\/\/www.enkasystems.com\/ru\/wp-json\/wp\/v2\/comments?post=3618"}],"version-history":[{"count":1,"href":"https:\/\/www.enkasystems.com\/ru\/wp-json\/wp\/v2\/pages\/3618\/revisions"}],"predecessor-version":[{"id":15102,"href":"https:\/\/www.enkasystems.com\/ru\/wp-json\/wp\/v2\/pages\/3618\/revisions\/15102"}],"up":[{"embeddable":true,"href":"https:\/\/www.enkasystems.com\/ru\/wp-json\/wp\/v2\/pages\/3752"}],"wp:featuredmedia":[{"embeddable":true,"href":"https:\/\/www.enkasystems.com\/ru\/wp-json\/wp\/v2\/media\/11255"}],"wp:attachment":[{"href":"https:\/\/www.enkasystems.com\/ru\/wp-json\/wp\/v2\/media?parent=3618"}],"wp:term":[{"taxonomy":"category","embeddable":true,"href":"https:\/\/www.enkasystems.com\/ru\/wp-json\/wp\/v2\/categories?post=3618"},{"taxonomy":"post_tag","embeddable":true,"href":"https:\/\/www.enkasystems.com\/ru\/wp-json\/wp\/v2\/tags?post=3618"}],"curies":[{"name":"wp","href":"https:\/\/api.w.org\/{rel}","templated":true}]}}